{"id":2287,"date":"2024-11-21T11:57:08","date_gmt":"2024-11-21T10:57:08","guid":{"rendered":"https:\/\/smartklokke.no\/product\/smartklokke-garett-atom-solvfarget-stal\/"},"modified":"2025-05-26T22:22:31","modified_gmt":"2025-05-26T20:22:31","slug":"smartklokke-garett-atom-solvfarget-stal","status":"publish","type":"product","link":"https:\/\/smartklokke.no\/en\/product\/smartklokke-garett-atom-solvfarget-stal\/","title":{"rendered":"Smartklokke Garett Atom s\u00f8lvfarget st\u00e5l"},"content":{"rendered":"<link href=\"https:\/\/base.garett.com.pl\/cnt\/atom\/css\/style.css\" rel=\"stylesheet\" type=\"text\/css\" \/>\n<div class=\"garet__rich--content main overflow-hidden\">\n<section class=\"module__title\">\n<div class=\"container__full\">\n<div class=\"container__content m-auto\">\n<div class=\"container__content--text m-auto text-center\">\n<div class=\"title\">\n<p class=\"fluid normal fw__light\">Garett Atom Smartwatch<\/p>\n<h1 class=\"fluid normal mt-4 fw__semi__bold\">Essensen av perfeksjon<\/h1>\n<\/div>\n<div class=\"content mt-5\">\n<p class=\"fluid small fw__light\">N\u00e5r vi designet <span class=\"fw-bold\">Garett Atom<\/span>, skapte vi en enhet som tilbyr et bredt spekter av ekstra funksjoner. Vi kombinerte full funksjonalitet med et unikt, elegant design for \u00e5 gj\u00f8re klokken til din perfekte hverdagspartner. En stor AMOLED-skjerm, et holdbart batteri og avanserte overv\u00e5kingsfunksjoner er bare en del av dens kapabiliteter. Settet inkluderer et ekstra armb\u00e5nd og et verkt\u00f8y for justering av armb\u00e5ndet, slik at du kan tilpasse klokken perfekt til dine behov.<\/p>\n<\/div>\n<\/div>\n<\/div>\n<\/div>\n<\/section>\n<section class=\"module__full--banner--parallax mt-5 overflow-hidden position-relative rounded-3 module__content--separate-image\">\n<div class=\"container__full custom__bg--atom-men d-flex align-items-center big\"><\/div>\n<div class=\"container__content w-100 m-auto position-absolute fix-y end-0 h-100 h-sm-auto\">\n<div class=\"container__content--text women-leg w-100 h-100 d-flex justify-content-end flex-nowrap\">\n<div class=\"content mt-0 h-100 d-flex col-24 col-lg-12 d-none d-lg-flex\"><img decoding=\"async\" class=\"mb-5 watch__one d-n object-fit-contain\" src=\"https:\/\/base.garett.com.pl\/cnt\/atom\/img\/01_W1.png\" alt=\"\" \/><br \/>\n<img decoding=\"async\" class=\"mt-5 watch__two object-fit-contain\" src=\"https:\/\/base.garett.com.pl\/cnt\/atom\/img\/01_W2.png\" alt=\"\" \/><\/div>\n<\/div>\n<\/div>\n<\/section>\n<section class=\"module__full--banner--parallax mt-0 mt-sm-4 overflow-hidden position-relative rounded-3 module__content--separate-image\">\n<div class=\"container__full custom__bg--atom-dark-watch d-flex align-items-center big\"><\/div>\n<div class=\"container__full custom__bg--atom-dark-watch-glow d-flex align-items-center big position-absolute top-0 start-0 fade-change anim__time--fast\"><\/div>\n<div class=\"container__content w-100 m-auto position-absolute fix-y end-0 h-100 h-sm-auto\">\n<div class=\"container__content--text women-leg w-100 h-100 d-flex flex-column justify-content-end flex-nowrap align-items-end\">\n<div class=\"title mt-0 h-100 col-24 col-lg-11\">\n<h2 class=\"fluid small text-uppercase main__white\">AMOLED SKJERM<\/h2>\n<h2 class=\"fluid big main__white mt-4\">H\u00f8ykvalitets skjerm<\/h2>\n<\/div>\n<div class=\"content mt-5 h-100 d-flex col-24 col-lg-11\">\n<p class=\"fluid small main__white fw__light\">**Garett Atom** smartklokken har en stor 1,43-tommers AMOLED-skjerm med h\u00f8y oppl\u00f8sning p\u00e5 466 x 466 px, som sikrer lesbarhet selv i direkte sollys. Always On Display-funksjonen lyser subtilt opp urskiven, og gir klokken et elegant utseende samtidig som den gir rask tilgang til dato og tid, selv n\u00e5r den er i standby-modus.<\/p>\n<\/div>\n<\/div>\n<\/div>\n<\/section>\n<section class=\"module__content--half--banner mt-5 mb-2 mb-sm-5\"><\/section>\n<section class=\"module__content--full--banner mt-sm-4 mt-5 overflow-hidden\">\n<div class=\"container__full\">\n<div class=\"container__content m-auto custom__bg--atom-men cellu__images medium position-relative module__content--separate-image fade-in activated\">\n<div class=\"container__content--text d-flex justify-content-center flex-column w-50\">\n<div class=\"title\"><img decoding=\"async\" class=\"d-none d-lg-block\" src=\"https:\/\/base.garett.com.pl\/cnt\/atom\/img\/05_Icon.png\" alt=\"\" \/><br \/>\n<img decoding=\"async\" class=\"d-block d-lg-none\" style=\"filter: brightness(0);\" src=\"https:\/\/base.garett.com.pl\/cnt\/atom\/img\/05_Icon.png\" alt=\"\" \/><\/p>\n<p class=\"fluid small main__white mt-2\">AKTIVITETSM\u00c5LINGER<\/p>\n<\/div>\n<div class=\"content col-24\">\n<h2 class=\"fluid normal main__white lh-1 mt-4\">Din personlige assistent<\/h2>\n<p class=\"fluid small main__white lh-base mt-4 fw__light\">**Garett Atom** er din personlige assistent som overv\u00e5ker ditt velv\u00e6re gjennom dagen. Med avanserte sensorer sporer smartklokken din hjertefrekvens, blodoksygeniv\u00e5 og blodtrykk. I tillegg fungerer den som en trinnm\u00e5ler og kaloriforbrenner, samtidig som den overv\u00e5ker s\u00f8vn og stressniv\u00e5. Disse kan reduseres ved hjelp av den innebygde puste\u00f8velsefunksjonen.<\/p>\n<\/div>\n<\/div>\n<div class=\"d-flex d-lg-none align-items-center justify-content-center mb-4 flex-grow-1\"><img decoding=\"async\" class=\"img__watch--wave w-50 position-absolute fix-y end-0 d-block d-lg-none rounded-3\" src=\"https:\/\/base.garett.com.pl\/cnt\/atom\/img\/05.png\" alt=\"\" \/><\/div>\n<\/div>\n<\/div>\n<\/section>\n<section class=\"module__full--banner--parallax mt-5 overflow-hidden position-relative module__content--separate-image\">\n<div class=\"container__content p-0 m-auto position-relative\">\n<div class=\"container__full custom__bg--atom-men-fade-one d-flex align-items-center big\"><\/div>\n<div class=\"container__full custom__bg--atom-men-fade-two d-flex align-items-center big anim__time--normal fade-change position-absolute top-0 start-0\"><\/div>\n<\/div>\n<\/section>\n<section class=\"module__content--half--banner mt-5 mb-2 mb-sm-5\"><\/section>\n<section class=\"module__full--banner--parallax overflow-hidden position-relative rounded-3 module__content--separate-image\">\n<div class=\"container__full custom__bg--atom-men-2 d-flex align-items-center big\"><\/div>\n<div class=\"container__content w-100 m-auto position-absolute fix-y end-0 h-100 h-sm-auto\">\n<div class=\"container__content--text women-leg w-100 h-100 d-flex flex-column justify-content-end flex-nowrap align-items-end\">\n<div class=\"title mt-0 h-100 col-24 col-lg-11\">\n<h2 class=\"fluid small text-uppercase main__white\">SPORTSMODUSER FOR ALLE<\/h2>\n<h2 class=\"fluid big main__white mt-4\">For en atomstart!<\/h2>\n<\/div>\n<div class=\"content mt-5 h-100 d-flex col-24 col-lg-11\">\n<p class=\"fluid small main__white fw__light\">**Garett Atom** er designet for \u00e5 v\u00e6re med deg i alle aktiviteter, uansett hvilken du velger. Med et bredt spekter av sportsmoduser tilpasser smartklokken seg lett til dine behov og livsstil. **Garett Atom** sporer hver bevegelse og gir presise data for \u00e5 hjelpe deg med \u00e5 analysere fremgangen og optimalisere treningen.<\/p>\n<\/div>\n<\/div>\n<\/div>\n<\/section>\n<section class=\"module__content--half--banner mt-5 mb-2 mb-sm-5\"><\/section>\n<section class=\"module__content--full--banner mt-4\">\n<div class=\"container__full\">\n<div class=\"container__content m-auto custom__bg--phone-atom normal position-relative module__content--separate-image\">\n<div class=\"container__content--text d-flex justify-content-center flex-column w-50\">\n<div class=\"title\">\n<p class=\"fluid small main__white\">GARETT SMART<\/p>\n<\/div>\n<div class=\"content\">\n<h2 class=\"fluid normal main__white lh-1 mt-4\">Frigj\u00f8r ditt potensial<\/h2>\n<p class=\"fluid small main__white lh-base mt-4 fw__light\">Spor avstanden du har reist, antall skritt og kalorier forbrennt. Overv\u00e5k viktige helseparametre, forbedre s\u00f8vnkvaliteten, og ta vare p\u00e5 helsen din. Oppn\u00e5 bedre resultater og n\u00e5 m\u00e5lene dine uten unnskyldninger. Med Garett Smart-appen har du alltid kontroll p\u00e5 aktiviteten din.<\/p>\n<\/div>\n<div class=\"icons atom position-absolute h-100 w-100 top-0 end-0\"><img decoding=\"async\" class=\"icon__move icon__3 position-absolute\" src=\"https:\/\/garett.com.pl\/wp-content\/uploads\/2024\/09\/icon_ruch.png\" alt=\"\" \/><br \/>\n<img decoding=\"async\" class=\"icon__sleep icon__4 position-absolute\" src=\"https:\/\/garett.com.pl\/wp-content\/uploads\/2024\/09\/icon_sen.png\" alt=\"\" \/><br \/>\n<img decoding=\"async\" class=\"icon__pulse icon__5 position-absolute\" src=\"https:\/\/garett.com.pl\/wp-content\/uploads\/2024\/09\/icon_tetno.png\" alt=\"\" \/><br \/>\n<img decoding=\"async\" class=\"icon__weight icon__6 position-absolute\" src=\"https:\/\/garett.com.pl\/wp-content\/uploads\/2024\/09\/icon_waga.png\" alt=\"\" \/><\/div>\n<\/div>\n<div class=\"d-flex d-lg-none align-items-center justify-content-center mb-4 flex-grow-1\"><img decoding=\"async\" class=\"img__watch--wave w-50 position-absolute fix-y end-0 d-block d-lg-none rounded-3\" src=\"https:\/\/base.garett.com.pl\/cnt\/atom\/img\/10.png\" alt=\"\" \/><\/div>\n<\/div>\n<\/div>\n<\/section>\n<section class=\"module__icons-four mb-3 kids__esim overflow-hidden activated\"><\/section>\n<\/div>","protected":false},"excerpt":{"rendered":"<p>Garett Atom Smartwatch Essensen av perfeksjon N\u00e5r vi designet Garett Atom, skapte vi en enhet som tilbyr et bredt spekter av ekstra funksjoner. Vi kombinerte full funksjonalitet med et unikt, elegant design for \u00e5 gj\u00f8re klokken til din perfekte hverdagspartner. En stor AMOLED-skjerm, et holdbart batteri og avanserte overv\u00e5kingsfunksjoner er bare en del av dens [&hellip;]<\/p>","protected":false},"featured_media":2276,"comment_status":"open","ping_status":"closed","template":"","meta":{"_acf_changed":false,"rank_math_lock_modified_date":false},"product_cat":[37,39],"product_tag":[],"class_list":{"0":"post-2287","1":"product","2":"type-product","3":"status-publish","4":"has-post-thumbnail","6":"product_cat-smartklokker","7":"product_cat-smartklokker-for-menn","9":"first","10":"instock","11":"taxable","12":"shipping-taxable","13":"purchasable","14":"product-type-simple"},"acf":[],"_links":{"self":[{"href":"https:\/\/smartklokke.no\/en\/wp-json\/wp\/v2\/product\/2287","targetHints":{"allow":["GET"]}}],"collection":[{"href":"https:\/\/smartklokke.no\/en\/wp-json\/wp\/v2\/product"}],"about":[{"href":"https:\/\/smartklokke.no\/en\/wp-json\/wp\/v2\/types\/product"}],"replies":[{"embeddable":true,"href":"https:\/\/smartklokke.no\/en\/wp-json\/wp\/v2\/comments?post=2287"}],"wp:featuredmedia":[{"embeddable":true,"href":"https:\/\/smartklokke.no\/en\/wp-json\/wp\/v2\/media\/2276"}],"wp:attachment":[{"href":"https:\/\/smartklokke.no\/en\/wp-json\/wp\/v2\/media?parent=2287"}],"wp:term":[{"taxonomy":"product_cat","embeddable":true,"href":"https:\/\/smartklokke.no\/en\/wp-json\/wp\/v2\/product_cat?post=2287"},{"taxonomy":"product_tag","embeddable":true,"href":"https:\/\/smartklokke.no\/en\/wp-json\/wp\/v2\/product_tag?post=2287"}],"curies":[{"name":"wp","href":"https:\/\/api.w.org\/{rel}","templated":true}]}}