{"id":2159,"date":"2024-11-21T11:37:54","date_gmt":"2024-11-21T10:37:54","guid":{"rendered":"https:\/\/smartklokke.no\/product\/smartklokke-garett-kids-hero-pro-4g-svart\/"},"modified":"2025-05-29T06:18:30","modified_gmt":"2025-05-29T04:18:30","slug":"smartklokke-garett-kids-hero-pro-4g-svart","status":"publish","type":"product","link":"https:\/\/smartklokke.no\/en\/product\/smartklokke-garett-kids-hero-pro-4g-svart\/","title":{"rendered":"Smartklokke Garett Kids Hero Pro 4G svart"},"content":{"rendered":"<link rel=\"stylesheet\" href=\"https:\/\/base.garett.com.pl\/stara-karta\/oldcss.css\">\n<div class=\"container-desc\">\n<div class=\"photo-item sunultra-2-1\" style=\"margin-bottom: 1%;\">\n<div class=\"photo-img\" style=\"margin-right: 10px;\"><img fetchpriority=\"high\" decoding=\"async\" src=\"https:\/\/base.garett.com.pl\/photos\/smartwatch\/hero-pro\/en\/kids_hero_pro_en_1.jpg\" alt=\"GARETT Kids Hero Pro\" width=\"384\" height=\"250\" \/><\/div>\n<div class=\"photo-img\" style=\"margin-right: 5px; margin-left: 5px;\"><img decoding=\"async\" src=\"https:\/\/base.garett.com.pl\/photos\/smartwatch\/hero-pro\/en\/kids_hero_pro_en_2.jpg\" alt=\"GARETT Kids Hero Pro\" width=\"384\" height=\"250\" \/><\/div>\n<div class=\"photo-img\" style=\"margin-left: 10px;\"><img decoding=\"async\" src=\"https:\/\/base.garett.com.pl\/photos\/smartwatch\/hero-pro\/en\/kids_hero_pro_en_3.jpg\" alt=\"GARETT Kids Hero Pro\" width=\"384\" height=\"250\" \/><\/div>\n<\/div>\n<div class=\"photo-item sunultra-2-1\" style=\"flex-direction: inherit; margin-bottom: 1%;\">\n<div class=\"photo-img\" style=\"margin-right: 10px;\"><img loading=\"lazy\" decoding=\"async\" src=\"https:\/\/base.garett.com.pl\/photos\/smartwatch\/hero-pro\/en\/kids_hero_pro_en_4.jpg\" alt=\"GARETT Kids Hero Pro\" width=\"384\" height=\"250\" \/><\/div>\n<div class=\"photo-img\" style=\"margin-right: 5px; margin-left: 5px;\"><img loading=\"lazy\" decoding=\"async\" src=\"https:\/\/base.garett.com.pl\/photos\/smartwatch\/hero-pro\/en\/kids_hero_pro_en_5.jpg\" alt=\"GARETT Kids Hero Pro\" width=\"384\" height=\"250\" \/><\/div>\n<div class=\"photo-img\" style=\"margin-left: 10px;\"><img loading=\"lazy\" decoding=\"async\" src=\"https:\/\/base.garett.com.pl\/photos\/smartwatch\/hero-pro\/en\/kids_hero_pro_en_6.jpg\" alt=\"GARETT Kids Hero Pro\" width=\"384\" height=\"250\" \/><\/div>\n<\/div>\n<div class=\"photo-item\"><img loading=\"lazy\" decoding=\"async\" src=\"https:\/\/base.garett.com.pl\/photos\/smartwatch\/hero-pro\/en\/kids_hero_pro_en_7.jpg\" alt=\"GARETT Kids Hero Pro\" width=\"1200\" height=\"450\" \/><\/div>\n<div class=\"photo-item\"><img loading=\"lazy\" decoding=\"async\" src=\"https:\/\/base.garett.com.pl\/photos\/smartwatch\/hero-pro\/en\/kids_hero_pro_en_8.jpg\" alt=\"GARETT Kids Hero Pro\" width=\"1200\" height=\"450\" \/><\/div>\n<div class=\"photo-item\"><img loading=\"lazy\" decoding=\"async\" src=\"https:\/\/base.garett.com.pl\/photos\/smartwatch\/hero-pro\/en\/kids_hero_pro_en_9.jpg\" alt=\"GARETT Kids Hero Pro\" width=\"1200\" height=\"450\" \/><\/div>\n<div class=\"photo-item\"><img loading=\"lazy\" decoding=\"async\" src=\"https:\/\/base.garett.com.pl\/photos\/smartwatch\/hero-pro\/en\/kids_hero_pro_en_10.jpg\" alt=\"GARETT Kids Hero Pro\" width=\"1200\" height=\"450\" \/><\/div>\n<div class=\"photo-item\"><img loading=\"lazy\" decoding=\"async\" src=\"https:\/\/base.garett.com.pl\/photos\/smartwatch\/hero-pro\/en\/kids_hero_pro_en_11.jpg\" alt=\"GARETT Kids Hero Pro\" width=\"1200\" height=\"450\" \/><\/div>\n<div class=\"photo-item\">\n<div class=\"photo-item-text\" style=\"text-align: justify;\">\n<h3>Garett Kids Hero Pro 4G &#8211; en smartklokke som utvikler og beskytter<\/h3>\n<p><b>Garett Kids Hero Pro 4G er en unik smartklokke for barn, som kombinerer sikkerhet, utdanning og underholdningsegenskaper<\/b>. Utstyrt med <b>Face Unlock<\/b> beskyttelse, <b>4G LTE<\/b> st\u00f8tte, <b>GPS<\/b> lokalisering med <b>GEOfencing-funksjon<\/b>, roterende knapp, utviklingsspill og et kraftig 800 mAh batteri, er den den perfekte f\u00f8lgesvenn for hvert barn. Den gir foreldrene trygghet ved \u00e5 overv\u00e5ke barnets aktivitet og lokasjon, og gir ubegrensede muligheter for de minste til \u00e5 leke og l\u00e6re.<\/p>\n<\/div>\n<\/div>\n<div class=\"photo-item\">\n<div class=\"photo-item-text\" style=\"text-align: justify;\">\n<h3>Sikkerhet og beskyttelse med Face Unlock<\/h3>\n<p>Datasikkerhet og personvern er en prioritet i dag. Garett Kids Hero Pro 4G introduserer avansert ansiktsgjenkjenningsteknologi som sikrer at kun autoriserte personer har tilgang til enheten. <b>Face Unlock-funksjonen gir utmerket beskyttelse mot uautorisert tilgang, og samtidig er det en moderne og praktisk l\u00f8sning for barn<\/b>, da den lar dem raskt l\u00e5se opp smartklokken med en gest som b\u00e5de er naturlig og sikker.<\/p>\n<\/div>\n<\/div>\n<div class=\"photo-item\">\n<div class=\"photo-item-text\" style=\"text-align: justify;\">\n<h3>Reim tilpasset barnets h\u00e5nd<\/h3>\n<p>Komforten til et b\u00e6rbart device hele dagen er ekstremt viktig, spesielt for aktive barn. Garett Kids Hero Pro 4G er designet med de yngste brukerne i tankene, fordi den tilbyr <b>en reim som tilpasser seg perfekt barnets lille h\u00e5nd og er laget av hudvennlige materialer<\/b>. I tillegg gj\u00f8r justeringsmuligheten p\u00e5 reimen at du kan tilpasse smartklokken til barnets voksende h\u00e5ndledd, og sikrer komfort uten \u00e5 begrense bevegelsesfriheten.<\/p>\n<\/div>\n<\/div>\n<div class=\"photo-item\">\n<div class=\"photo-item-text\" style=\"text-align: justify;\">\n<h3>4G LTE \u2013 tale- og videosamtaler<\/h3>\n<p><b>4G LTE-teknologi<\/b> i Garett Kids Hero Pro 4G revolusjonerer m\u00e5ten barn kan kommunisere med verden p\u00e5. Ved \u00e5 tilby <b>h\u00f8ykvalitets tale- og videosamtaler<\/b>, gj\u00f8r denne enheten det lettere for barn \u00e5 opprettholde n\u00e6r kontakt med familie og venner, uansett avstand. Denne funksjonen styrker familieb\u00e5ndene ved \u00e5 gj\u00f8re det mulig \u00e5 dele \u00f8yeblikk i sanntid, og \u00f8ker ogs\u00e5 sikkerheten ved \u00e5 la foreldrene visuelt se hvor barnet er og hvordan det har det.<\/p>\n<\/div>\n<\/div>\n<div class=\"photo-item\">\n<div class=\"photo-item-text\" style=\"text-align: justify;\">\n<h3>GPS\/GEOfencing lokalisering<\/h3>\n<p>Garett Kids Hero Pro 4G tilbyr et ekstremt n\u00f8yaktig <b>GPS-lokalisering<\/b>-system, som kompletteres med en GEOfencing-funksjon. <b>Dette lar foreldrene angi trygge soner for barna, og hver gang de forlater sonen, blir det umiddelbart varslet p\u00e5 den tilkoblede enheten til foreldrene<\/b>. Denne funksjonen er et n\u00f8kkelelement for \u00e5 sikre sikkerheten til sm\u00e5barn, og gir foreldrene kontroll og kunnskap om barnets lokasjon. GPS-lokalisering kombinert med GEOfencing gir foreldrene ro i sinnet og barnet mer frihet.<\/p>\n<\/div>\n<\/div>\n<div class=\"photo-item\">\n<div class=\"photo-item-text\" style=\"text-align: justify;\">\n<h3>Rotasjonsknapp<\/h3>\n<p>Interaksjon med Garett Kids Hero Pro 4G er intuitiv og behagelig, blant annet takket v\u00e6re at denne modellen er utstyrt med en <b>rotasjonsknapp<\/b> som <b>lar barn enkelt bla gjennom menyen og f\u00e5 tilgang til sine favorittfunksjoner<\/b>. Denne l\u00f8sningen gj\u00f8r det ikke bare lettere for barn \u00e5 bruke enheten, men tilf\u00f8rer ogs\u00e5 et element av moro til den daglige bruken av smartklokken. Den ergonomiske designen av rotasjonsknappen gj\u00f8r den perfekt for sm\u00e5 hender, noe som gj\u00f8r at Garett Kids Hero Pro 4G er enda mer barnevennlig og tilgjengelig.<\/p>\n<\/div>\n<\/div>\n<div class=\"photo-item\">\n<div class=\"photo-item-text\" style=\"text-align: justify;\">\n<h3>Utviklingsspill<\/h3>\n<p><b>Garett Kids Hero Pro 4G<\/b> er ikke bare begrenset til kommunikasjon og sikkerhetsfunksjoner. Enheten har ogs\u00e5 et innebygd <b>sett med utviklingsspill<\/b> som ikke bare underholder, men ogs\u00e5 utdanner. <b>Disse spillene er designet for \u00e5 st\u00f8tte barns kognitive, motoriske og sosiale utvikling<\/b> ved \u00e5 tilby dem moro kombinert med l\u00e6ring. Med tilgang til en rekke spill kan hver dag bli et nytt eventyr fylt med oppdagelse og l\u00e6ring med Garett Kids Hero Pro 4G.<\/p>\n<\/div>\n<\/div>\n<div class=\"photo-item\">\n<div class=\"photo-item-text\" style=\"text-align: justify;\">\n<h3>Kraftig 800 mAh batteri<\/h3>\n<p><b>Det langvarige 800 mAh-batteriet<\/b> i Garett Kids Hero Pro 4G sikrer at smartklokken forblir aktiv hele dagen, og eliminerer behovet for hyppig lading <b>som er avgj\u00f8rende for kontinuerlig overv\u00e5king av lokasjon, sikkerhet og tilgang til de pedagogiske og underholdende funksjonene i enheten<\/b>. Dette betyr at foreldrene kan v\u00e6re trygge p\u00e5 at barnets smartklokke vil fungere n\u00e5r de trenger det mest, og at barna ikke blir frar\u00f8vet sin f\u00f8lgesvenn i l\u00f8pet av dagen.<\/p>\n<\/div>\n<\/div>\n<\/div>","protected":false},"excerpt":{"rendered":"<p>Garett Kids Hero Pro 4G &#8211; en smartklokke som utvikler og beskytter Garett Kids Hero Pro 4G er en unik smartklokke for barn, som kombinerer sikkerhet, utdanning og underholdningsegenskaper. Utstyrt med Face Unlock beskyttelse, 4G LTE st\u00f8tte, GPS lokalisering med GEOfencing-funksjon, roterende knapp, utviklingsspill og et kraftig 800 mAh batteri, er den den perfekte f\u00f8lgesvenn [&hellip;]<\/p>","protected":false},"featured_media":2153,"comment_status":"open","ping_status":"closed","template":"","meta":{"_acf_changed":false,"rank_math_lock_modified_date":false},"product_cat":[37,38],"product_tag":[],"class_list":{"0":"post-2159","1":"product","2":"type-product","3":"status-publish","4":"has-post-thumbnail","6":"product_cat-smartklokker","7":"product_cat-smartklokker-for-barn","9":"first","10":"instock","11":"taxable","12":"shipping-taxable","13":"purchasable","14":"product-type-simple"},"acf":[],"_links":{"self":[{"href":"https:\/\/smartklokke.no\/en\/wp-json\/wp\/v2\/product\/2159","targetHints":{"allow":["GET"]}}],"collection":[{"href":"https:\/\/smartklokke.no\/en\/wp-json\/wp\/v2\/product"}],"about":[{"href":"https:\/\/smartklokke.no\/en\/wp-json\/wp\/v2\/types\/product"}],"replies":[{"embeddable":true,"href":"https:\/\/smartklokke.no\/en\/wp-json\/wp\/v2\/comments?post=2159"}],"wp:featuredmedia":[{"embeddable":true,"href":"https:\/\/smartklokke.no\/en\/wp-json\/wp\/v2\/media\/2153"}],"wp:attachment":[{"href":"https:\/\/smartklokke.no\/en\/wp-json\/wp\/v2\/media?parent=2159"}],"wp:term":[{"taxonomy":"product_cat","embeddable":true,"href":"https:\/\/smartklokke.no\/en\/wp-json\/wp\/v2\/product_cat?post=2159"},{"taxonomy":"product_tag","embeddable":true,"href":"https:\/\/smartklokke.no\/en\/wp-json\/wp\/v2\/product_tag?post=2159"}],"curies":[{"name":"wp","href":"https:\/\/api.w.org\/{rel}","templated":true}]}}