{"id":2144,"date":"2024-11-21T11:36:21","date_gmt":"2024-11-21T10:36:21","guid":{"rendered":"https:\/\/smartklokke.no\/product\/garett-beauty-calm-skin-mesoterapiapparat-hvit\/"},"modified":"2025-05-01T22:22:36","modified_gmt":"2025-05-01T20:22:36","slug":"garett-beauty-calm-skin-mesoterapiapparat-hvit","status":"publish","type":"product","link":"https:\/\/smartklokke.no\/en\/product\/garett-beauty-calm-skin-mesoterapiapparat-hvit\/","title":{"rendered":"Garett Beauty Calm Skin mesoterapiapparat hvit"},"content":{"rendered":"<link rel=\"stylesheet\" href=\"https:\/\/base.garett.com.pl\/stara-karta\/oldcss.css\">\n<div class=\"container-desc\">\n<div class=\"photo-item\"><img fetchpriority=\"high\" decoding=\"async\" src=\"http:\/\/base.garett.com.pl\/photos\/beauty\/calm-skin\/en\/calm_skin_en_1.jpg\" alt=\"Garett Beauty Calm Skin\" width=\"1200\" height=\"450\" \/><\/div>\n<div class=\"photo-item\">\n<div class=\"photo-item-text\" style=\"margin: 2%;\">\n<h3 style=\"color: #d6bfad;font-weight: 600;\">\n        En innovativ tiln\u00e6rming til hudpleie med Garett Beauty Calm Skin<br \/>\n      <\/h3>\n<p><b>Garett Beauty Calm Skin n\u00e5lfrie mesoterapienhet<\/b> er et moderne utstyr som m\u00f8ter behovene til dynamiske kvinner og menn. Den muliggj\u00f8r dyp regenerering og ern\u00e6ring av huden, uten \u00e5 for\u00e5rsake smerte eller ubehag, og im\u00f8tekommer kravene til selv den mest sensitive huden. Det er et ideelt valg for personer som setter pris p\u00e5 h\u00f8y kvalitet og effektivitet i daglig pleie. <b>Du vil f\u00f8le at du har v\u00e6rt p\u00e5 en eksklusiv skj\u00f8nnhetssalong takket v\u00e6re denne enheten<\/b>, og nyte sunn og str\u00e5lende hud hver dag.<\/p>\n<\/p><\/div>\n<\/p><\/div>\n<div class=\"photo-item\"><img decoding=\"async\" src=\"http:\/\/base.garett.com.pl\/photos\/beauty\/calm-skin\/en\/calm_skin_en_2.jpg\" alt=\"Garett Beauty Calm Skin\" width=\"1200\" height=\"450\" \/><\/div>\n<div class=\"photo-item\">\n<div class=\"photo-item-text\" style=\"margin: 2%;\">\n<h3 style=\"color: #d6bfad;font-weight: 600;\">\n        Umiddelbar lindring med kald kompress<br \/>\n      <\/h3>\n<p>Garett Beauty Calm Skin <b>er utstyrt med en kald kompressfunksjon som umiddelbart lindrer irritasjon, reduserer r\u00f8dhet og hevelse<\/b>. Det er som en hudlotion som gjenoppretter komfort og en frisk utseende etter hver behandling. Denne funksjonen gir uvurderlig hjelp i rask regenerering av huden, noe som er spesielt viktig for sensitiv hud.<\/p>\n<\/p><\/div>\n<\/p><\/div>\n<div class=\"photo-item\"><img decoding=\"async\" src=\"http:\/\/base.garett.com.pl\/photos\/beauty\/calm-skin\/en\/calm_skin_en_3.jpg\" alt=\"Garett Beauty Calm Skin\" width=\"1200\" height=\"450\" \/><\/div>\n<div class=\"photo-item\">\n<div class=\"photo-item-text\" style=\"margin: 2%;\">\n<h3 style=\"color: #d6bfad;font-weight: 600;\">\n        Hudtoning<br \/>\n      <\/h3>\n<p><b>Garett Beauty Calm Skin<\/b> enheten er utstyrt med en funksjon for montering av gazepad, som lar deg <b>rengj\u00f8re og forberede huden for videre pleie<\/b> p\u00e5 en dypere m\u00e5te. Dette er et enkelt steg som \u00f8ker effektiviteten til kosmetikkene som brukes betydelig. \u00c5 integrere denne funksjonen i din daglige hudpleierutine kan forbedre hudens tilstand betydelig, og gj\u00f8re den str\u00e5lende. Toning med denne innovative enheten <b>gir en dypere rensing og letter opptaket av n\u00e6ringsstoffene fra de p\u00e5f\u00f8lgende pleietrinnene<\/b>.<\/p>\n<\/p><\/div>\n<\/p><\/div>\n<div class=\"photo-item\"><img loading=\"lazy\" decoding=\"async\" src=\"http:\/\/base.garett.com.pl\/photos\/beauty\/calm-skin\/en\/calm_skin_en_4.jpg\" alt=\"Garett Beauty Calm Skin\" width=\"1200\" height=\"450\" \/><\/div>\n<div class=\"photo-item\">\n<div class=\"photo-item-text\" style=\"margin: 2%;\">\n<h3 style=\"color: #d6bfad;font-weight: 600;\">\n        Skreddersy behandlingen til din hud<br \/>\n      <\/h3>\n<p>Sliter du med akne eller leter du etter en m\u00e5te \u00e5 forynge huden din p\u00e5? <b>Takket v\u00e6re soniske vibrasjoner og muligheten for \u00e5 velge LED-lys (r\u00f8dt eller bl\u00e5tt), lar Garett Beauty Calm Skin enheten deg tilpasse behandlingen til hudens individuelle behov<\/b>. Dette er en garanti for at hver behandling vil bli skreddersydd til dine forventninger, og du vil kunne nyte en sunnere hudtone.<\/p>\n<\/p><\/div>\n<\/p><\/div>\n<div class=\"photo-item\"><img loading=\"lazy\" decoding=\"async\" src=\"http:\/\/base.garett.com.pl\/photos\/beauty\/calm-skin\/en\/calm_skin_en_5.jpg\" alt=\"Garett Beauty Calm Skin\" width=\"1200\" height=\"450\" \/><\/div>\n<div class=\"photo-item\">\n<div class=\"photo-item-text\" style=\"margin: 2%;\">\n<h3 style=\"color: #d6bfad;font-weight: 600;\">\n        Hemmeligheten bak ungdommelig hud er EMS<br \/>\n      <\/h3>\n<p><b>EMS<\/b> er en teknologi som er uvurderlig for en n\u00e5lfrie mesoterapienhet. <b>Den forbedrer blodtilf\u00f8rsel og n\u00e6ring til vev, noe som gir den strammende og foryngende effekt<\/b>. Regelmessig bruk av enheten med EMS-funksjonen lar deg oppn\u00e5 synlige l\u00f8fteeffekter uten \u00e5 forlate hjemmet, noe som er ideelt for personer som \u00f8nsker \u00e5 beholde huden ungdommelig og minimere tegn p\u00e5 aldring.<\/p>\n<\/p><\/div>\n<\/p><\/div>\n<\/div>","protected":false},"excerpt":{"rendered":"<p>En innovativ tiln\u00e6rming til hudpleie med Garett Beauty Calm Skin Garett Beauty Calm Skin n\u00e5lfrie mesoterapienhet er et moderne utstyr som m\u00f8ter behovene til dynamiske kvinner og menn. Den muliggj\u00f8r dyp regenerering og ern\u00e6ring av huden, uten \u00e5 for\u00e5rsake smerte eller ubehag, og im\u00f8tekommer kravene til selv den mest sensitive huden. Det er et ideelt [&hellip;]<\/p>","protected":false},"featured_media":2139,"comment_status":"open","ping_status":"closed","template":"","meta":{"_acf_changed":false,"rank_math_lock_modified_date":false},"product_cat":[46,44],"product_tag":[],"class_list":{"0":"post-2144","1":"product","2":"type-product","3":"status-publish","4":"has-post-thumbnail","6":"product_cat-nalefri-mesoterapi","7":"product_cat-skjonnhet","9":"first","10":"instock","11":"taxable","12":"shipping-taxable","13":"purchasable","14":"product-type-simple"},"acf":[],"_links":{"self":[{"href":"https:\/\/smartklokke.no\/en\/wp-json\/wp\/v2\/product\/2144","targetHints":{"allow":["GET"]}}],"collection":[{"href":"https:\/\/smartklokke.no\/en\/wp-json\/wp\/v2\/product"}],"about":[{"href":"https:\/\/smartklokke.no\/en\/wp-json\/wp\/v2\/types\/product"}],"replies":[{"embeddable":true,"href":"https:\/\/smartklokke.no\/en\/wp-json\/wp\/v2\/comments?post=2144"}],"wp:featuredmedia":[{"embeddable":true,"href":"https:\/\/smartklokke.no\/en\/wp-json\/wp\/v2\/media\/2139"}],"wp:attachment":[{"href":"https:\/\/smartklokke.no\/en\/wp-json\/wp\/v2\/media?parent=2144"}],"wp:term":[{"taxonomy":"product_cat","embeddable":true,"href":"https:\/\/smartklokke.no\/en\/wp-json\/wp\/v2\/product_cat?post=2144"},{"taxonomy":"product_tag","embeddable":true,"href":"https:\/\/smartklokke.no\/en\/wp-json\/wp\/v2\/product_tag?post=2144"}],"curies":[{"name":"wp","href":"https:\/\/api.w.org\/{rel}","templated":true}]}}