{"id":2138,"date":"2024-11-21T11:35:27","date_gmt":"2024-11-21T10:35:27","guid":{"rendered":"https:\/\/smartklokke.no\/product\/garett-beauty-fresh-skin-pro-hvit-mesoterapiapparat\/"},"modified":"2025-05-25T22:18:40","modified_gmt":"2025-05-25T20:18:40","slug":"garett-beauty-fresh-skin-pro-hvit-mesoterapiapparat","status":"publish","type":"product","link":"https:\/\/smartklokke.no\/en\/product\/garett-beauty-fresh-skin-pro-hvit-mesoterapiapparat\/","title":{"rendered":"Garett Beauty Fresh Skin Pro hvit mesoterapiapparat"},"content":{"rendered":"<link rel=\"stylesheet\" href=\"https:\/\/base.garett.com.pl\/stara-karta\/oldcss.css\">\n<div class=\"beauty-opis\">\n<div class=\"beauty-opis-wrap\">\n<div class=\"beauty-full beauty-1\">\n<div class=\"beauty-kaf-wrap\" style=\"background-color: #c7a290;\">\n<div class=\"beauty-1-img beauty-1-left\"><img decoding=\"async\" src=\"https:\/\/base.garett.com.pl\/photos\/beauty\/fresh-skin-pro\/new\/fresh_skin_pro_1.png\" alt=\"Fresh Skin Pro\" \/><\/div>\n<div class=\"beauty-1-text\">\n<h3>Garett Beauty<br \/>\nFresh Skin Pro<br \/>\nMesoterapienhet<\/h3>\n<\/div>\n<\/div>\n<\/div>\n<div class=\"beauty-full beauty-full-text\">\n<div class=\"beauty-kaf-wrap\">\n<div class=\"beauty-2-text\">\n<h3 style=\"color: #c09f80;\">Garett Beauty Fresh Skin Pro Mesoterapienhet<\/h3>\n<p>Plaget av tr\u00f8tt hud som har mistet sin gl\u00f8d? Gi deg selv en mesoterapibehandling med v\u00e5r Garett Beauty Fresh Skin Pro for hjemmebruk som vil n\u00e6re huden din og gj\u00f8re den str\u00e5lende. Mesoterapi uten n\u00e5ler er en enkel behandling som bruker elektriske pulser for \u00e5 hjelpe n\u00e6rende aktive ingredienser \u00e5 trenge dypt inn i huden. Bruk en varm kompress for \u00e5 bli kvitt urenheter og rester av kosmetiske produkter. Forbedre hudens elastisitet og bli kvitt utvidede blod\u00e5rer ved \u00e5 velge funksjonene for EMS elektrostimulering og fototerapi. Introduser en mesoterapibehandling uten n\u00e5ler i din hjemmehudpleierutine for et ungdommelig utseende!<\/p>\n<\/div>\n<\/div>\n<\/div>\n<div class=\"beauty-half beauty-left-img beauty-right-text beauty-4\">\n<div class=\"beauty-kaf-wrap\" style=\"background-color: #c7a290;\">\n<div class=\"beauty-4 beauty-img beauty-4-img\"><img decoding=\"async\" src=\"https:\/\/base.garett.com.pl\/photos\/beauty\/fresh-skin-pro\/new\/fresh_skin_pro_2.png\" alt=\"Fresh Skin Pro\" \/><\/div>\n<div class=\"beauty-4 beauty-text beauty-4-text\">\n<div class=\"beauty-text-wrap\">\n<h3 style=\"color: #fff;\">Ion rensing og fuktighetsfunksjon<\/h3>\n<p style=\"color: #fff;\">P\u00e5f\u00f8r en n\u00e6rende essens eller lotion og start et ionrensebehandling! Denne metoden bruker ioner for \u00e5 fjerne mikroorganismer og skadelige stoffer fra huden. Behandlingen forbedrer ogs\u00e5 blodsirkulasjonen, renser, n\u00e6rer og fukter huden, og gjenoppretter dens gl\u00f8d og elastisitet. Den forbereder huden p\u00e5 \u00e5 absorbere aktive stoffer fra hudpleieprodukter.<\/p>\n<\/div>\n<\/div>\n<\/div>\n<\/div>\n<div class=\"beauty-half beauty-left-text beauty-right-img beauty-5\">\n<div class=\"beauty-kaf-wrap\" style=\"background-color: #c7a290;\">\n<div class=\"beauty-5 beauty-text beauty-5-text\">\n<div class=\"beauty-text-wrap\">\n<h3 style=\"color: #fff;\">Kald kompressfunksjon<\/h3>\n<p style=\"color: #fff;\">Er huden din utsatt for irritasjon? Lav temperatur hjelper med \u00e5 berolige irritasjon og gir lettelse til huden din, og en f\u00f8lelse av komfort. Kald kompressfunksjon er ogs\u00e5 en flott m\u00e5te \u00e5 slappe av etter en mesoterapibehandling uten n\u00e5ler.<\/p>\n<\/div>\n<\/div>\n<div class=\"beauty-5 beauty-img beauty-5-img\"><img decoding=\"async\" src=\"https:\/\/base.garett.com.pl\/photos\/beauty\/fresh-skin-pro\/new\/fresh_skin_pro_3.png\" alt=\"Fresh Skin Pro\" \/><\/div>\n<\/div>\n<\/div>\n<div class=\"beauty-half beauty-left-img beauty-right-text beauty-8\">\n<div class=\"beauty-kaf-wrap\" style=\"background-color: #c7a290;\">\n<div class=\"beauty-8 beauty-img beauty-8-img\"><img decoding=\"async\" src=\"https:\/\/base.garett.com.pl\/photos\/beauty\/fresh-skin-pro\/new\/fresh_skin_pro_4.png\" alt=\"Fresh Skin Pro\" \/><\/div>\n<div class=\"beauty-8 beauty-text beauty-8-text\">\n<div class=\"beauty-text-wrap\">\n<h3 style=\"color: #fff;\">RF-teknologi<\/h3>\n<p style=\"color: #fff;\">V\u00e5r tr\u00e5dl\u00f8se mesoterapienhet muliggj\u00f8r en behandling med radiob\u00f8lger (RF). RF-teknologien stimulerer kollagenregenerering i huden, fyller ut rynker og eliminerer arr. Mesoterapi uten n\u00e5ler er perfekt for daglig hudpleie, og gjenoppretter hudens gl\u00f8d og elastisitet!<\/p>\n<\/div>\n<\/div>\n<\/div>\n<\/div>\n<div class=\"beauty-half beauty-left-text beauty-right-img beauty-7\">\n<div class=\"beauty-kaf-wrap\" style=\"background-color: #c7a290;\">\n<div class=\"beauty-7 beauty-text beauty-7-text\">\n<div class=\"beauty-text-wrap\">\n<h3 style=\"color: #fff;\">EMS-funksjon<\/h3>\n<p style=\"color: #fff;\">Hold huden fast med Garett Beauty Fresh Skin Pro! Regelmessig massasje med EMS-impulser strammer og former utvalgte kroppsdeler, reduserer cellulitter, forbedrer blodsirkulasjonen, fjerner avfallsprodukter fra stoffskiftet og oksygenmetter musklene.<\/p>\n<\/div>\n<\/div>\n<div class=\"beauty-7 beauty-img beauty-7-img\"><img decoding=\"async\" src=\"https:\/\/base.garett.com.pl\/photos\/beauty\/fresh-skin-pro\/new\/fresh_skin_pro_5.png\" alt=\"Fresh Skin Pro\" \/><\/div>\n<\/div>\n<\/div>\n<div class=\"beauty-half beauty-left-img beauty-right-text beauty-8\">\n<div class=\"beauty-kaf-wrap\" style=\"background-color: #c7a290;\">\n<div class=\"beauty-8 beauty-img beauty-8-img\"><img decoding=\"async\" src=\"https:\/\/base.garett.com.pl\/photos\/beauty\/fresh-skin-pro\/new\/fresh_skin_pro_6.png\" alt=\"Fresh Skin Pro\" \/><\/div>\n<div class=\"beauty-8 beauty-text beauty-8-text\">\n<div class=\"beauty-text-wrap\">\n<h3 style=\"color: #fff;\">LED r\u00f8dlysterapi<\/h3>\n<p style=\"color: #fff;\">LED fototerapi med r\u00f8dt lys st\u00f8tter regenereringsprosesser og forbedrer hudens elastisitet. R\u00f8dt lys hjelper ogs\u00e5 med \u00e5 fjerne fine rynker og stimulerer kollagenproduksjonen. Dra nytte av alle fordelene med v\u00e5r tr\u00e5dl\u00f8se mesoterapienhet for hjemmebruk akkurat n\u00e5r du trenger det!<\/p>\n<\/div>\n<\/div>\n<\/div>\n<\/div>\n<\/div>\n<\/div>","protected":false},"excerpt":{"rendered":"<p>Garett Beauty Fresh Skin Pro Mesoterapienhet Garett Beauty Fresh Skin Pro Mesoterapienhet Plaget av tr\u00f8tt hud som har mistet sin gl\u00f8d? Gi deg selv en mesoterapibehandling med v\u00e5r Garett Beauty Fresh Skin Pro for hjemmebruk som vil n\u00e6re huden din og gj\u00f8re den str\u00e5lende. Mesoterapi uten n\u00e5ler er en enkel behandling som bruker elektriske pulser [&hellip;]<\/p>","protected":false},"featured_media":2135,"comment_status":"open","ping_status":"closed","template":"","meta":{"_acf_changed":false,"rank_math_lock_modified_date":false},"product_cat":[46,44],"product_tag":[],"class_list":{"0":"post-2138","1":"product","2":"type-product","3":"status-publish","4":"has-post-thumbnail","6":"product_cat-nalefri-mesoterapi","7":"product_cat-skjonnhet","9":"first","10":"instock","11":"taxable","12":"shipping-taxable","13":"purchasable","14":"product-type-simple"},"acf":[],"_links":{"self":[{"href":"https:\/\/smartklokke.no\/en\/wp-json\/wp\/v2\/product\/2138","targetHints":{"allow":["GET"]}}],"collection":[{"href":"https:\/\/smartklokke.no\/en\/wp-json\/wp\/v2\/product"}],"about":[{"href":"https:\/\/smartklokke.no\/en\/wp-json\/wp\/v2\/types\/product"}],"replies":[{"embeddable":true,"href":"https:\/\/smartklokke.no\/en\/wp-json\/wp\/v2\/comments?post=2138"}],"wp:featuredmedia":[{"embeddable":true,"href":"https:\/\/smartklokke.no\/en\/wp-json\/wp\/v2\/media\/2135"}],"wp:attachment":[{"href":"https:\/\/smartklokke.no\/en\/wp-json\/wp\/v2\/media?parent=2138"}],"wp:term":[{"taxonomy":"product_cat","embeddable":true,"href":"https:\/\/smartklokke.no\/en\/wp-json\/wp\/v2\/product_cat?post=2138"},{"taxonomy":"product_tag","embeddable":true,"href":"https:\/\/smartklokke.no\/en\/wp-json\/wp\/v2\/product_tag?post=2138"}],"curies":[{"name":"wp","href":"https:\/\/api.w.org\/{rel}","templated":true}]}}