{"id":2134,"date":"2024-11-21T11:35:09","date_gmt":"2024-11-21T10:35:09","guid":{"rendered":"https:\/\/smartklokke.no\/product\/smartklokke-garett-kids-rel-4g-rosa\/"},"modified":"2025-05-28T22:19:05","modified_gmt":"2025-05-28T20:19:05","slug":"smartklokke-garett-kids-rel-4g-rosa","status":"publish","type":"product","link":"https:\/\/smartklokke.no\/en\/product\/smartklokke-garett-kids-rel-4g-rosa\/","title":{"rendered":"Smartklokke Garett Kids Rel 4G rosa"},"content":{"rendered":"<link rel=\"stylesheet\" href=\"https:\/\/base.garett.com.pl\/stara-karta\/oldcss.css\">\n<div class=\"container-desc\">\n<div class=\"photo-item activity-2\">\n<div class=\"photo-img\" style=\"margin-top: 1%; margin-bottom: 1%;\"><img fetchpriority=\"high\" decoding=\"async\" src=\"https:\/\/base.garett.com.pl\/photos\/smartwatch\/rel\/en\/garett_rel_en_1.jpg\" alt=\"Kids Rel\" width=\"295\" height=\"250\" \/><\/div>\n<div class=\"photo-img\" style=\"margin-top: 1%; margin-bottom: 1%;\"><img decoding=\"async\" src=\"https:\/\/base.garett.com.pl\/photos\/smartwatch\/rel\/en\/garett_rel_en_2.jpg\" alt=\"Kids Rel\" width=\"295\" height=\"250\" \/><\/div>\n<div class=\"photo-img\" style=\"margin-top: 1%; margin-bottom: 1%;\"><img decoding=\"async\" src=\"https:\/\/base.garett.com.pl\/photos\/smartwatch\/rel\/en\/garett_rel_en_3.jpg\" alt=\"Kids Rel\" width=\"295\" height=\"250\" \/><\/div>\n<div class=\"photo-img\" style=\"margin-top: 1%; margin-bottom: 1%;\"><img loading=\"lazy\" decoding=\"async\" src=\"https:\/\/base.garett.com.pl\/photos\/smartwatch\/rel\/en\/garett_rel_en_4.jpg\" alt=\"Kids Rel\" width=\"295\" height=\"250\" \/><\/div>\n<\/p><\/div>\n<div class=\"photo-item activity-2\">\n<div class=\"photo-img\" style=\"margin-top: 1%; margin-bottom: 1%;\"><img loading=\"lazy\" decoding=\"async\" src=\"https:\/\/base.garett.com.pl\/photos\/smartwatch\/rel\/en\/garett_rel_en_5.jpg\" alt=\"Kids Rel\" width=\"295\" height=\"250\" \/><\/div>\n<div class=\"photo-img\" style=\"margin-top: 1%; margin-bottom: 1%;\"><img loading=\"lazy\" decoding=\"async\" src=\"https:\/\/base.garett.com.pl\/photos\/smartwatch\/rel\/en\/garett_rel_en_6.jpg\" alt=\"Kids Rel\" width=\"295\" height=\"250\" \/><\/div>\n<div class=\"photo-img\" style=\"margin-top: 1%; margin-bottom: 1%;\"><img loading=\"lazy\" decoding=\"async\" src=\"https:\/\/base.garett.com.pl\/photos\/smartwatch\/rel\/en\/garett_rel_en_7.jpg\" alt=\"Kids Rel\" width=\"295\" height=\"250\" \/><\/div>\n<div class=\"photo-img\" style=\"margin-top: 1%; margin-bottom: 1%;\"><img loading=\"lazy\" decoding=\"async\" src=\"https:\/\/base.garett.com.pl\/photos\/smartwatch\/rel\/en\/garett_rel_en_8.jpg\" alt=\"Kids Rel\" width=\"295\" height=\"250\" \/><\/div>\n<\/p><\/div>\n<div class=\"photo-item\"><img loading=\"lazy\" decoding=\"async\" src=\"https:\/\/base.garett.com.pl\/photos\/smartwatch\/rel\/en\/garett_rel_en_9.jpg\" alt=\"Kids Rel\" width=\"1200\" height=\"450\" \/><\/div>\n<div class=\"photo-item\"><img loading=\"lazy\" decoding=\"async\" src=\"https:\/\/base.garett.com.pl\/photos\/smartwatch\/rel\/en\/garett_rel_en_10.jpg\" alt=\"Kids Rel\" width=\"1200\" height=\"450\" \/><\/div>\n<div class=\"photo-item\"><img loading=\"lazy\" decoding=\"async\" src=\"https:\/\/base.garett.com.pl\/photos\/smartwatch\/rel\/en\/garett_rel_en_11.jpg\" alt=\"Kids Rel\" width=\"1200\" height=\"450\" \/><\/div>\n<div class=\"photo-item\"><img loading=\"lazy\" decoding=\"async\" src=\"https:\/\/base.garett.com.pl\/photos\/smartwatch\/rel\/en\/garett_rel_en_12.jpg\" alt=\"Kids Rel\" width=\"1200\" height=\"450\" \/><\/div>\n<div class=\"photo-item\"><img loading=\"lazy\" decoding=\"async\" src=\"https:\/\/base.garett.com.pl\/photos\/smartwatch\/rel\/en\/garett_rel_en_13.jpg\" alt=\"Kids Rel\" width=\"1200\" height=\"450\" \/><\/div>\n<div class=\"photo-item\"><img loading=\"lazy\" decoding=\"async\" src=\"https:\/\/base.garett.com.pl\/photos\/smartwatch\/rel\/en\/garett_rel_en_14.jpg\" alt=\"Kids Rel\" width=\"1200\" height=\"450\" \/><\/div>\n<div class=\"photo-item\"><img loading=\"lazy\" decoding=\"async\" src=\"https:\/\/base.garett.com.pl\/photos\/smartwatch\/rel\/en\/garett_rel_en_15.jpg\" alt=\"Kids Rel\" width=\"1200\" height=\"450\" \/><\/div>\n<div class=\"photo-item\"><img loading=\"lazy\" decoding=\"async\" src=\"https:\/\/base.garett.com.pl\/photos\/smartwatch\/rel\/en\/garett_rel_en_16.jpg\" alt=\"Kids Rel\" width=\"1200\" height=\"450\" \/><\/div>\n<div class=\"photo-item\">\n<div class=\"photo-item-text\" style=\"text-align: justify;\">\n<h3>Garett Kids Rel 4G \u2013 en ny \u00e6ra av smartklokker for barn<\/h3>\n<p>Lanseringen av de nyeste smartklokkene p\u00e5 markedet er en ekte revolusjon i v\u00e5rt daglige liv, og betyr at de yngste familiemedlemmene ogs\u00e5 f\u00e5r et h\u00f8yere niv\u00e5 i sitt daglige liv. <b>Den innovative Garett Kids Rel 4G smartklokken<\/b> er et godt eksempel p\u00e5 dette og skiller seg ut med <b>den ultra-tynne designen<\/b>, samt mange nyttige funksjoner som <b>Face Unlock<\/b>, avanserte kommunikasjonsmuligheter via <b>4G LTE, GPS-lokalisering<\/b> og <b>SOS-knapp<\/b>. Denne smartklokken er en uunnv\u00e6rlig f\u00f8lgesvenn for hvert barn, og holder dem trygge og underholdt.<\/p>\n<\/p><\/div>\n<\/p><\/div>\n<div class=\"photo-item\">\n<div class=\"photo-item-text\" style=\"text-align: justify;\">\n<h3>13,1 mm ultra-tynn design<\/h3>\n<p>N\u00e5r du tenker p\u00e5 en barnets klokke som b\u00e5de er stilfull og funksjonell, vil <b>den ultra-tynne designen<\/b> til Garett Kids Rel 4G smartklokken garantert fange oppmerksomheten din. <b>Med en tykkelse p\u00e5 kun 13,1 mm<\/b> passer denne modellen perfekt med ethvert barns antrekk, og er ikke bare en praktisk enhet, men ogs\u00e5 et moteaccessory. Takket v\u00e6re designet gir det fri bevegelse under lek uten at man trenger \u00e5 bekymre seg for at det blir \u00f8delagt. I tillegg gj\u00f8r den ultra-tynne designen denne smartklokken ekstremt komfortabel \u00e5 bruke.<\/p>\n<\/p><\/div>\n<\/p><\/div>\n<div class=\"photo-item\">\n<div class=\"photo-item-text\" style=\"text-align: justify;\">\n<h3>Face Unlock<\/h3>\n<p>Vil du ha b\u00e5de sikkerhet og bekvemmelighet p\u00e5 \u00e9n gang? Det er mulig med <b>Face Unlock<\/b> funksjonen. Glem de tradisjonelle metodene for \u00e5 l\u00e5se opp enheten. N\u00e5 kan barnet ditt f\u00e5 tilgang til alle smartklokkens funksjoner p\u00e5 et blunk. <b>Teknologien gir ekstra sikkerhet og gj\u00f8r det mye lettere \u00e5 bruke enheten i enhver situasjon<\/b>. Denne intuitive l\u00f8sningen gir umiddelbar tilgang til innholdet p\u00e5 smartklokken, og gj\u00f8r den enda mer privat og sikker.<\/p>\n<\/p><\/div>\n<\/p><\/div>\n<div class=\"photo-item\">\n<div class=\"photo-item-text\" style=\"text-align: justify;\">\n<h3>Remmen tilpasset barnets h\u00e5nd<\/h3>\n<p>Med tanke p\u00e5 de yngste brukerne har vi laget <b>en rem som passer perfekt til et barns lille h\u00e5nd<\/b>. For barnet betyr det komfort, og for foreldrene er det en trygghet om at smartklokken vil bli v\u00e6rende p\u00e5 plass hele dagen, uansett aktivitet. Remmen er funksjonell og <b>tilgjengelig i flere farger<\/b> som garantert vil appellere til barn. I tillegg sikrer <b>justeringsmuligheten<\/b> at denne enheten vil vare i mange \u00e5r.<\/p>\n<\/p><\/div>\n<\/p><\/div>\n<div class=\"photo-item\">\n<div class=\"photo-item-text\" style=\"text-align: justify;\">\n<h3>4G LTE \u2013 praktiske tale- og videosamtaler<\/h3>\n<p><b>Smartklokken tillater b\u00e5de tale- og videosamtaler uten avbrudd takket v\u00e6re st\u00f8tte for 4G LTE<\/b>. Uansett hvor barnet befinner seg, kan de lett komme i kontakt med familien. Denne funksjonen utvider smartklokkens kommunikasjonsmuligheter betydelig, og gj\u00f8r den til et uunnv\u00e6rlig verkt\u00f8y i hverdagen, spesielt n\u00e5r barnet er langt fra foreldrene, for eksempel p\u00e5 skoletur. Da kan barnet fortelle hvordan dagen har v\u00e6rt, eller vise deg en imponerende utsikt via webkameraet.<\/p>\n<\/p><\/div>\n<\/p><\/div>\n<div class=\"photo-item\">\n<div class=\"photo-item-text\" style=\"text-align: justify;\">\n<h3>GPS\/Geo-fencing lokalisering<\/h3>\n<p><b>GPS-lokaliseringsfunksjonen kombinert med Geo-fencing er en garanti for sikkerhet for deg og dine kj\u00e6re<\/b>. Muligheten til \u00e5 spore smartklokkens posisjon i sanntid og sette opp trygge soner for barnet ditt gir deg trygghet n\u00e5r du ikke kan v\u00e6re n\u00e6r barnet ditt. Alt du trenger \u00e5 gj\u00f8re er \u00e5 angi et trygt omr\u00e5de, og du vil motta en varsling p\u00e5 telefonen n\u00e5r barnet ditt forlater det, noe som gir barnet en f\u00f8lelse av uavhengighet, samtidig som det gir full beskyttelse og mulighet for rask reaksjon fra foreldrene.<\/p>\n<\/p><\/div>\n<\/p><\/div>\n<div class=\"photo-item\">\n<div class=\"photo-item-text\" style=\"text-align: justify;\">\n<h3>Rotasjonsknapp<\/h3>\n<p><b>Rotasjonsknappen er et element som betydelig letter navigeringen gjennom enhetens meny<\/b>, slik at tilgangen til smartklokkens funksjoner er rask og intuitiv, noe som viser seg \u00e5 v\u00e6re spesielt nyttig i situasjoner n\u00e5r barnet trenger rask tilgang til spesifikke applikasjoner eller innstillinger. Rotasjonsknappen er en ergonomisk innovasjon som gj\u00f8r det enkelt \u00e5 navigere i smartklokkens grensesnitt, slik at du kan bla gjennom menyer og apper raskt og intuitivt. Bruken av enheten blir jevnere og mye mer komfortabel, selv med \u00e9n h\u00e5nd, takket v\u00e6re denne l\u00f8sningen.<\/p>\n<\/p><\/div>\n<\/p><\/div>\n<div class=\"photo-item\">\n<div class=\"photo-item-text\" style=\"text-align: justify;\">\n<h3>7 utviklingsspill<\/h3>\n<p>Garett Kids Rel 4G smartklokken er utstyrt med <b>7 utviklingsspill<\/b> som gir utmerket underholdning og st\u00f8tter brukerens mentale utvikling. <b>Disse spillene er laget for \u00e5 stimulere forskjellige omr\u00e5der av hjernen, forbedre hukommelse, konsentrasjon og logisk tenkning<\/b>. Som et resultat blir smartklokken ikke bare et verkt\u00f8y som st\u00f8tter daglige oppgaver, men ogs\u00e5 en utdanningsplattform som stimulerer sinnet og st\u00f8tter kognitiv utvikling for unge brukere.<\/p>\n<\/p><\/div>\n<\/p><\/div>\n<div class=\"photo-item\">\n<div class=\"photo-item-text\" style=\"text-align: justify;\">\n<h3>Solid batteri og SOS-knapp<\/h3>\n<p>Sikkerhet er viktig, derfor har smartklokken <b>en SOS-knapp som gj\u00f8r det mulig \u00e5 raskt tilkalle hjelp i en n\u00f8dsituasjon<\/b>. Ett trykk p\u00e5 knappen er nok til at enheten automatisk varsler forh\u00e5ndsvalgte kontakter om en potensiell trussel. I tillegg er p\u00e5liteligheten til klokken garantert av <b>et robust, langvarig batteri som gir opptil 3 dagers drift p\u00e5 \u00e9n lading<\/b>, og s\u00f8rger for at enheten alltid er klar til bruk.<\/p>\n<\/p><\/div>\n<\/p><\/div>\n<\/div>","protected":false},"excerpt":{"rendered":"<p>Garett Kids Rel 4G \u2013 en ny \u00e6ra av smartklokker for barn Lanseringen av de nyeste smartklokkene p\u00e5 markedet er en ekte revolusjon i v\u00e5rt daglige liv, og betyr at de yngste familiemedlemmene ogs\u00e5 f\u00e5r et h\u00f8yere niv\u00e5 i sitt daglige liv. Den innovative Garett Kids Rel 4G smartklokken er et godt eksempel p\u00e5 dette [&hellip;]<\/p>","protected":false},"featured_media":2128,"comment_status":"open","ping_status":"closed","template":"","meta":{"_acf_changed":false,"rank_math_lock_modified_date":false},"product_cat":[37,38],"product_tag":[],"class_list":{"0":"post-2134","1":"product","2":"type-product","3":"status-publish","4":"has-post-thumbnail","6":"product_cat-smartklokker","7":"product_cat-smartklokker-for-barn","9":"first","10":"instock","11":"taxable","12":"shipping-taxable","13":"purchasable","14":"product-type-simple"},"acf":[],"_links":{"self":[{"href":"https:\/\/smartklokke.no\/en\/wp-json\/wp\/v2\/product\/2134","targetHints":{"allow":["GET"]}}],"collection":[{"href":"https:\/\/smartklokke.no\/en\/wp-json\/wp\/v2\/product"}],"about":[{"href":"https:\/\/smartklokke.no\/en\/wp-json\/wp\/v2\/types\/product"}],"replies":[{"embeddable":true,"href":"https:\/\/smartklokke.no\/en\/wp-json\/wp\/v2\/comments?post=2134"}],"wp:featuredmedia":[{"embeddable":true,"href":"https:\/\/smartklokke.no\/en\/wp-json\/wp\/v2\/media\/2128"}],"wp:attachment":[{"href":"https:\/\/smartklokke.no\/en\/wp-json\/wp\/v2\/media?parent=2134"}],"wp:term":[{"taxonomy":"product_cat","embeddable":true,"href":"https:\/\/smartklokke.no\/en\/wp-json\/wp\/v2\/product_cat?post=2134"},{"taxonomy":"product_tag","embeddable":true,"href":"https:\/\/smartklokke.no\/en\/wp-json\/wp\/v2\/product_tag?post=2134"}],"curies":[{"name":"wp","href":"https:\/\/api.w.org\/{rel}","templated":true}]}}