{"id":2111,"date":"2024-11-21T11:32:47","date_gmt":"2024-11-21T10:32:47","guid":{"rendered":"https:\/\/smartklokke.no\/product\/garett-kids-essa-go-4g-smartklokke-svart\/"},"modified":"2025-05-28T22:19:02","modified_gmt":"2025-05-28T20:19:02","slug":"garett-kids-essa-go-4g-smartklokke-svart","status":"publish","type":"product","link":"https:\/\/smartklokke.no\/en\/product\/garett-kids-essa-go-4g-smartklokke-svart\/","title":{"rendered":"Garett Kids Essa GO 4G smartklokke svart"},"content":{"rendered":"<link rel=\"stylesheet\" href=\"https:\/\/base.garett.com.pl\/stara-karta\/oldcss.css\">\n<div class=\"container-desc\">\n<div class=\"photo-item\">\n<div class=\"photo-img\" style=\"margin-right: 2%; margin-top: 1%; margin-bottom: 1%;\"><img fetchpriority=\"high\" decoding=\"async\" src=\"https:\/\/base.garett.com.pl\/photos\/smartwatch\/essa-go\/en\/essa_go_en_1.jpg\" alt=\"kids essa go\" width=\"285\" height=\"250\" \/><\/div>\n<div class=\"photo-img\" style=\"margin-right: 1%; margin-top: 1%; margin-bottom: 1%;\"><img decoding=\"async\" src=\"https:\/\/base.garett.com.pl\/photos\/smartwatch\/essa-go\/en\/essa_go_en_2.jpg\" alt=\"kids essa go\" width=\"285\" height=\"250\" \/><\/div>\n<div class=\"photo-img\" style=\"margin-left: 1%; margin-top: 1%; margin-bottom: 1%;\"><img decoding=\"async\" src=\"https:\/\/base.garett.com.pl\/photos\/smartwatch\/essa-go\/en\/essa_go_en_3.jpg\" alt=\"kids essa go\" width=\"285\" height=\"250\" \/><\/div>\n<div class=\"photo-img\" style=\"margin-left: 2%; margin-top: 1%; margin-bottom: 1%;\"><img loading=\"lazy\" decoding=\"async\" src=\"https:\/\/base.garett.com.pl\/photos\/smartwatch\/essa-go\/en\/essa_go_en_4.jpg\" alt=\"kids essa go\" width=\"285\" height=\"250\" \/><\/div>\n<\/div>\n<div class=\"photo-item\">\n<div class=\"photo-img\" style=\"margin-right: 2%; margin-top: 1%; margin-bottom: 1%;\"><img loading=\"lazy\" decoding=\"async\" src=\"https:\/\/base.garett.com.pl\/photos\/smartwatch\/essa-go\/en\/essa_go_en_5.jpg\" alt=\"kids essa go\" width=\"285\" height=\"250\" \/><\/div>\n<div class=\"photo-img\" style=\"margin-right: 1%; margin-top: 1%; margin-bottom: 1%;\"><img loading=\"lazy\" decoding=\"async\" src=\"https:\/\/base.garett.com.pl\/photos\/smartwatch\/essa-go\/en\/essa_go_en_6.jpg\" alt=\"kids essa go\" width=\"285\" height=\"250\" \/><\/div>\n<div class=\"photo-img\" style=\"margin-left: 1%; margin-top: 1%; margin-bottom: 1%;\"><img loading=\"lazy\" decoding=\"async\" src=\"https:\/\/base.garett.com.pl\/photos\/smartwatch\/essa-go\/en\/essa_go_en_7.jpg\" alt=\"kids essa go\" width=\"285\" height=\"250\" \/><\/div>\n<div class=\"photo-img\" style=\"margin-left: 2%; margin-top: 1%; margin-bottom: 1%;\"><img loading=\"lazy\" decoding=\"async\" src=\"https:\/\/base.garett.com.pl\/photos\/smartwatch\/essa-go\/en\/essa_go_en_8.jpg\" alt=\"kids essa go\" width=\"285\" height=\"250\" \/><\/div>\n<\/div>\n<div class=\"photo-item\"><img loading=\"lazy\" decoding=\"async\" src=\"https:\/\/base.garett.com.pl\/photos\/smartwatch\/essa-go\/en\/essa_go_en_9.jpg\" alt=\"kids essa go\" width=\"1200\" height=\"450\" \/><\/div>\n<div class=\"photo-item\"><img loading=\"lazy\" decoding=\"async\" src=\"https:\/\/base.garett.com.pl\/photos\/smartwatch\/essa-go\/en\/essa_go_en_10.jpg\" alt=\"kids essa go\" width=\"1200\" height=\"450\" \/><\/div>\n<div class=\"photo-item\"><img loading=\"lazy\" decoding=\"async\" src=\"https:\/\/base.garett.com.pl\/photos\/smartwatch\/essa-go\/en\/essa_go_en_11.jpg\" alt=\"kids essa go\" width=\"1200\" height=\"450\" \/><\/div>\n<div class=\"photo-item\"><img loading=\"lazy\" decoding=\"async\" src=\"https:\/\/base.garett.com.pl\/photos\/smartwatch\/essa-go\/en\/essa_go_en_12.jpg\" alt=\"kids essa go\" width=\"1200\" height=\"450\" \/><\/div>\n<div class=\"photo-item\"><img loading=\"lazy\" decoding=\"async\" src=\"https:\/\/base.garett.com.pl\/photos\/smartwatch\/essa-go\/en\/essa_go_en_13.jpg\" alt=\"kids essa go\" width=\"1200\" height=\"450\" \/><\/div>\n<div class=\"photo-item\"><img loading=\"lazy\" decoding=\"async\" src=\"https:\/\/base.garett.com.pl\/photos\/smartwatch\/essa-go\/en\/essa_go_en_14.jpg\" alt=\"kids essa go\" width=\"1200\" height=\"450\" \/><\/div>\n<div class=\"photo-item\"><img loading=\"lazy\" decoding=\"async\" src=\"https:\/\/base.garett.com.pl\/photos\/smartwatch\/essa-go\/en\/essa_go_en_15.jpg\" alt=\"kids essa go\" width=\"1200\" height=\"450\" \/><\/div>\n<div class=\"photo-item\"><img loading=\"lazy\" decoding=\"async\" src=\"https:\/\/base.garett.com.pl\/photos\/smartwatch\/essa-go\/en\/essa_go_en_16.jpg\" alt=\"kids essa go\" width=\"1200\" height=\"450\" \/><\/div>\n<div class=\"photo-item\">\n<div class=\"photo-item-text\" style=\"text-align: justify;\">\n<h3>Garett Kids Essa GO 4G \u2013 en innovasjon blant smartklokker for barn<\/h3>\n<p>I dagens raske verden endrer teknologiske innovasjoner stadig m\u00e5ten vi lever og kommuniserer p\u00e5. <strong>Garett Kids Essa GO 4G-smartklokken er en avansert enhet tilpasset behovene til de yngste brukerne.<\/strong> Den tilbyr en rekke funksjoner som b\u00e5de \u00f8ker barns sikkerhet og gir dem underholdning. Face Unlock, tale- og videosamtaler takket v\u00e6re 4G LTE-tilkobling, GPS\/GEOfencing, SOS-knapp, innebygde spill, justerbar rem, og et anheng til halsb\u00e5ndet er bare noen av funksjonene Garett Kids Essa GO 4G byr p\u00e5.<\/p>\n<\/div>\n<\/div>\n<div class=\"photo-item\">\n<div class=\"photo-item-text\" style=\"text-align: justify;\">\n<h3>Anheng inkludert<\/h3>\n<p>En moderne smartklokke for barn, Kids Essa GO 4G, markerer en ny \u00e6ra innen personalisering og funksjonalitet. Et innovativt anheng som lyser i m\u00f8rket f\u00f8lger med klokken. Dette fluorescerende anhenget legger ikke bare til stil, men \u00f8ker ogs\u00e5 sikkerheten ved \u00e5 gj\u00f8re barnet mer synlig etter m\u00f8rkets frembrudd. I tillegg er remmen p\u00e5 anhenget designet med barnets sikkerhet i tankene \u2013 den har en mekanisme som l\u00f8sner under visst trykk for \u00e5 minimere farlige situasjoner. Denne funksjonen kombinerer mote med praktiske l\u00f8sninger, og gir barn muligheten til \u00e5 endre stil p\u00e5 smartklokken etter hum\u00f8r eller anledning, samtidig som de holder seg trygge.<\/p>\n<\/div>\n<\/div>\n<div class=\"photo-item\">\n<div class=\"photo-item-text\" style=\"text-align: justify;\">\n<h3>Face Unlock<\/h3>\n<p>Datasikkerhet er viktig, og <strong>Face Unlock-funksjonen<\/strong> p\u00e5 Garett Kids Essa GO 4G-smartklokken er et skritt fremover p\u00e5 dette omr\u00e5det. <strong>Den gj\u00f8r det mulig \u00e5 l\u00e5se opp enheten raskt og sikkert med ansiktsgjenkjenning<\/strong>, noe som eliminerer behovet for \u00e5 taste inn passord eller m\u00f8nstre. Dette er en perfekt kombinasjon av brukervennlighet og sikkerhet, og funksjonen gj\u00f8r smartklokken mer personlig og enkel \u00e5 bruke.<\/p>\n<\/div>\n<\/div>\n<div class=\"photo-item\">\n<div class=\"photo-item-text\" style=\"text-align: justify;\">\n<h3>4G LTE \u2013 tale- og videosamtaler<\/h3>\n<p><strong>4G LTE-st\u00f8tte<\/strong> gj\u00f8r smartklokker til uavhengige kommunikasjonsenheter. <strong>Barn kan n\u00e5 starte tale- og videosamtaler med foreldrene eller besteforeldrene direkte fra klokken<\/strong>. Dette gir foresatte stor trygghet, siden barnet alltid kan holde kontakten. For barna gir muligheten til \u00e5 ringe direkte fra klokken en frihetsf\u00f8lelse og l\u00e6rer dem uavhengighet p\u00e5 en trygg m\u00e5te.<\/p>\n<\/div>\n<\/div>\n<div class=\"photo-item\">\n<div class=\"photo-item-text\" style=\"text-align: justify;\">\n<h3>GPS\/GEOfencing<\/h3>\n<p><strong>GPS-plassering kombinert med GEOfencing<\/strong> er en uvurderlig funksjon for foreldre og foresatte. <strong>Den gj\u00f8r det mulig \u00e5 spore smartklokkens posisjon og sette opp alarmer n\u00e5r barnet forlater en trygg sone<\/strong>. Dette gir en ekstra trygghet for barna, og gir foreldre sinnsro ved \u00e5 ha konstant tilgang til lokasjonsinformasjon.<\/p>\n<\/div>\n<\/div>\n<div class=\"photo-item\">\n<div class=\"photo-item-text\" style=\"text-align: justify;\">\n<h3>Justerbare remmer for barn<\/h3>\n<p>Spesialdesignede <strong>remmer tilpasset barnets h\u00e5nd<\/strong> er en annen funksjon i Kids Essa GO 4G-modellen. <strong>De er slitesterke og komfortable, og finnes i flere farger<\/strong>, noe som gj\u00f8r det til en glede for barna \u00e5 b\u00e6re smartklokken. Dette gj\u00f8r ikke bare modellen til et attraktivt tilbeh\u00f8r, men gir ogs\u00e5 foreldre trygghet om at enheten sitter sikkert hele dagen.<\/p>\n<\/div>\n<\/div>\n<div class=\"photo-item\">\n<div class=\"photo-item-text\" style=\"text-align: justify;\">\n<h3>Innebygde l\u00e6ringsspill<\/h3>\n<p>Garett Kids Essa GO 4G-smartklokken er utstyrt med <strong>7 innebygde spill som gir underholdning og st\u00f8tter mental utvikling<\/strong> ved \u00e5 stimulere tenkning, hukommelse og logiske evner. Dette er en perfekt m\u00e5te \u00e5 kombinere moro med l\u00e6ring p\u00e5. Introduksjonen av l\u00e6ringsspill \u00e5pner en verden av underholdning for unge brukere, samtidig som det utdanner og utvikler kognitive ferdigheter. Dette er en fantastisk mulighet til \u00e5 utvikle logisk tenkning, konsentrasjon og reaksjonsevne gjennom lek.<\/p>\n<\/div>\n<\/div>\n<div class=\"photo-item\">\n<div class=\"photo-item-text\" style=\"text-align: justify;\">\n<h3>SOS-knapp og opptil 3 dagers batteritid<\/h3>\n<p>En viktig sikkerhetsfunksjon p\u00e5 Garett Kids Essa GO 4G-smartklokken er <strong>SOS-knappen, som lar brukeren raskt be om hjelp<\/strong>. I tillegg <strong>gir det \u00f8kte batteriet mulighet til \u00e5 bruke enheten i opptil 3 dager uten lading<\/strong>, noe som gj\u00f8r klokken klar for alle situasjoner. Kombinasjonen av sikkerhetsfunksjoner og lang batteritid sikrer at smartklokken alltid er p\u00e5litelig, uansett situasjon.<\/p>\n<\/div>\n<\/div>\n<\/div>","protected":false},"excerpt":{"rendered":"<p>Garett Kids Essa GO 4G \u2013 en innovasjon blant smartklokker for barn I dagens raske verden endrer teknologiske innovasjoner stadig m\u00e5ten vi lever og kommuniserer p\u00e5. Garett Kids Essa GO 4G-smartklokken er en avansert enhet tilpasset behovene til de yngste brukerne. Den tilbyr en rekke funksjoner som b\u00e5de \u00f8ker barns sikkerhet og gir dem underholdning. [&hellip;]<\/p>","protected":false},"featured_media":2103,"comment_status":"open","ping_status":"closed","template":"","meta":{"_acf_changed":false,"rank_math_lock_modified_date":false},"product_cat":[37,38],"product_tag":[],"class_list":{"0":"post-2111","1":"product","2":"type-product","3":"status-publish","4":"has-post-thumbnail","6":"product_cat-smartklokker","7":"product_cat-smartklokker-for-barn","9":"first","10":"instock","11":"taxable","12":"shipping-taxable","13":"purchasable","14":"product-type-simple"},"acf":[],"_links":{"self":[{"href":"https:\/\/smartklokke.no\/en\/wp-json\/wp\/v2\/product\/2111","targetHints":{"allow":["GET"]}}],"collection":[{"href":"https:\/\/smartklokke.no\/en\/wp-json\/wp\/v2\/product"}],"about":[{"href":"https:\/\/smartklokke.no\/en\/wp-json\/wp\/v2\/types\/product"}],"replies":[{"embeddable":true,"href":"https:\/\/smartklokke.no\/en\/wp-json\/wp\/v2\/comments?post=2111"}],"wp:featuredmedia":[{"embeddable":true,"href":"https:\/\/smartklokke.no\/en\/wp-json\/wp\/v2\/media\/2103"}],"wp:attachment":[{"href":"https:\/\/smartklokke.no\/en\/wp-json\/wp\/v2\/media?parent=2111"}],"wp:term":[{"taxonomy":"product_cat","embeddable":true,"href":"https:\/\/smartklokke.no\/en\/wp-json\/wp\/v2\/product_cat?post=2111"},{"taxonomy":"product_tag","embeddable":true,"href":"https:\/\/smartklokke.no\/en\/wp-json\/wp\/v2\/product_tag?post=2111"}],"curies":[{"name":"wp","href":"https:\/\/api.w.org\/{rel}","templated":true}]}}