{"id":2056,"date":"2024-11-21T11:26:23","date_gmt":"2024-11-21T10:26:23","guid":{"rendered":"https:\/\/smartklokke.no\/product\/smartklokke-garett-kids-twin-2-4g-svart\/"},"modified":"2025-05-27T22:20:54","modified_gmt":"2025-05-27T20:20:54","slug":"smartklokke-garett-kids-twin-2-4g-svart","status":"publish","type":"product","link":"https:\/\/smartklokke.no\/en\/product\/smartklokke-garett-kids-twin-2-4g-svart\/","title":{"rendered":"Smartklokke Garett Kids Twin 2 4G svart"},"content":{"rendered":"<link rel=\"stylesheet\" href=\"https:\/\/base.garett.com.pl\/stara-karta\/oldcss.css\">\n<div class=\"container-desc\">\n<div class=\"photo-item activity-2\">\n<div class=\"photo-img\" style=\"margin-top: 1%; margin-bottom: 1%;\"><img fetchpriority=\"high\" decoding=\"async\" src=\"https:\/\/base.garett.com.pl\/photos\/smartwatch\/twin2\/en\/twin2_en_1.jpg\" alt=\"Kids Twin 2 4G\" width=\"295\" height=\"250\" \/><\/div>\n<div class=\"photo-img\" style=\"margin-top: 1%; margin-bottom: 1%;\"><img decoding=\"async\" src=\"https:\/\/base.garett.com.pl\/photos\/smartwatch\/twin2\/en\/twin2_en_2.jpg\" alt=\"Kids Twin 2 4G\" width=\"295\" height=\"250\" \/><\/div>\n<div class=\"photo-img\" style=\"margin-top: 1%; margin-bottom: 1%;\"><img decoding=\"async\" src=\"https:\/\/base.garett.com.pl\/photos\/smartwatch\/twin2\/en\/twin2_en_3.jpg\" alt=\"Kids Twin 2 4G\" width=\"295\" height=\"250\" \/><\/div>\n<div class=\"photo-img\" style=\"margin-top: 1%; margin-bottom: 1%;\"><img loading=\"lazy\" decoding=\"async\" src=\"https:\/\/base.garett.com.pl\/photos\/smartwatch\/twin2\/en\/twin2_en_4.jpg\" alt=\"Kids Twin 2 4G\" width=\"295\" height=\"250\" \/><\/div>\n<\/div>\n<div class=\"photo-item activity-2\">\n<div class=\"photo-img\" style=\"margin-top: 1%; margin-bottom: 1%;\"><img loading=\"lazy\" decoding=\"async\" src=\"https:\/\/base.garett.com.pl\/photos\/smartwatch\/twin2\/en\/twin2_en_5.jpg\" alt=\"Kids Twin 2 4G\" width=\"295\" height=\"250\" \/><\/div>\n<div class=\"photo-img\" style=\"margin-top: 1%; margin-bottom: 1%;\"><img loading=\"lazy\" decoding=\"async\" src=\"https:\/\/base.garett.com.pl\/photos\/smartwatch\/twin2\/en\/twin2_en_6.jpg\" alt=\"Kids Twin 2 4G\" width=\"295\" height=\"250\" \/><\/div>\n<div class=\"photo-img\" style=\"margin-top: 1%; margin-bottom: 1%;\"><img loading=\"lazy\" decoding=\"async\" src=\"https:\/\/base.garett.com.pl\/photos\/smartwatch\/twin2\/en\/twin2_en_7.jpg\" alt=\"Kids Twin 2 4G\" width=\"295\" height=\"250\" \/><\/div>\n<div class=\"photo-img\" style=\"margin-top: 1%; margin-bottom: 1%;\"><img loading=\"lazy\" decoding=\"async\" src=\"https:\/\/base.garett.com.pl\/photos\/smartwatch\/twin2\/en\/twin2_en_8.jpg\" alt=\"Kids Twin 2 4G\" width=\"295\" height=\"250\" \/><\/div>\n<\/div>\n<div class=\"photo-item\"><img loading=\"lazy\" decoding=\"async\" src=\"https:\/\/base.garett.com.pl\/photos\/smartwatch\/twin2\/en\/twin2_en_9.jpg\" alt=\"Kids Twin 2 4G\" width=\"1200\" height=\"450\" \/><\/div>\n<div class=\"photo-item\"><img loading=\"lazy\" decoding=\"async\" src=\"https:\/\/base.garett.com.pl\/photos\/smartwatch\/twin2\/en\/twin2_en_10.jpg\" alt=\"Kids Twin 2 4G\" width=\"1200\" height=\"450\" \/><\/div>\n<div class=\"photo-item\"><img loading=\"lazy\" decoding=\"async\" src=\"https:\/\/base.garett.com.pl\/photos\/smartwatch\/twin2\/en\/twin2_en_11.jpg\" alt=\"Kids Twin 2 4G\" width=\"1200\" height=\"450\" \/><\/div>\n<div class=\"photo-item\"><img loading=\"lazy\" decoding=\"async\" src=\"https:\/\/base.garett.com.pl\/photos\/smartwatch\/twin2\/en\/twin2_en_12.jpg\" alt=\"Kids Twin 2 4G\" width=\"1200\" height=\"450\" \/><\/div>\n<div class=\"photo-item\"><img loading=\"lazy\" decoding=\"async\" src=\"https:\/\/base.garett.com.pl\/photos\/smartwatch\/twin2\/en\/twin2_en_13.jpg\" alt=\"Kids Twin 2 4G\" width=\"1200\" height=\"450\" \/><\/div>\n<div class=\"photo-item\"><img loading=\"lazy\" decoding=\"async\" src=\"https:\/\/base.garett.com.pl\/photos\/smartwatch\/twin2\/en\/twin2_en_14.jpg\" alt=\"Kids Twin 2 4G\" width=\"1200\" height=\"450\" \/><\/div>\n<div class=\"photo-item\"><img loading=\"lazy\" decoding=\"async\" src=\"https:\/\/base.garett.com.pl\/photos\/smartwatch\/twin2\/en\/twin2_en_15.jpg\" alt=\"Kids Twin 2 4G\" width=\"1200\" height=\"450\" \/><\/div>\n<div class=\"photo-item\"><img loading=\"lazy\" decoding=\"async\" src=\"https:\/\/base.garett.com.pl\/photos\/smartwatch\/twin2\/en\/twin2_en_16.jpg\" alt=\"Kids Twin 2 4G\" width=\"1200\" height=\"450\" \/><\/div>\n<div class=\"photo-item\">\n<div class=\"photo-item-text\" style=\"text-align: justify;\">\n<h3>\n    Bilder, moro og l\u00e6ring rett p\u00e5 h\u00e5ndleddet!<br \/>\n  <\/h3>\n<p>\n    <b>Garett Kids Twin 2 4G-smartklokken<\/b> er en smartklokke som ikke bare tilbyr moro og sikkerhet, men ogs\u00e5 eksepsjonell funksjonalitet. Utstyrt med <b>to uavhengige kameraer<\/b> og en rekke avanserte funksjoner, gir denne klokken mye mer enn bare kommunikasjon. Den er et underholdnings- og l\u00e6ringssenter for barnet ditt. Dens <b>innebygde utviklingsspill basert p\u00e5 gyroskopet<\/b> gj\u00f8r det mulig for barn \u00e5 utvikle sine interesser p\u00e5 en interaktiv m\u00e5te. Smartklokken tilbyr ogs\u00e5 mange funksjoner for barns sikkerhet: <b>SOS-knapp, GPS-lokasjon<\/b>, og <b>GEOfencing<\/b>. <b>Den 900 mAh batteriet<\/b> og <b>LTE-tilkobling<\/b> lar barnet alltid v\u00e6re i kontakt med foreldrene.\n  <\/p>\n<\/div>\n<\/div>\n<div class=\"photo-item\">\n<div class=\"photo-item-text\" style=\"text-align: justify;\">\n<h3>\n    WhatsApp og andre apper<br \/>\n  <\/h3>\n<p>\n    <b>Garett Kids Twin 2 4G-smartklokken<\/b> gir deg tilgang til popul\u00e6re apper som WhatsApp og Spotify, noe som gj\u00f8r den til en ekstremt allsidig enhet. Med WhatsApp kan barn holde kontakten med familie og venner gjennom sikker og kryptert kommunikasjon. <b>Smartklokke-apper kan enkelt avinstalleres<\/b> hvis foreldrene finner det n\u00f8dvendig, noe som gj\u00f8r Garett Kids Twin 2 4G til en moderne gadget og et trygt verkt\u00f8y som st\u00f8tter barns utvikling i den digitale verdenen.<\/p>\n<\/div>\n<\/div>\n<div class=\"photo-item\">\n<div class=\"photo-item-text\" style=\"text-align: justify;\">\n<h3>\n   To uavhengige kameraer<br \/>\n  <\/h3>\n<p>Smartklokken har <b>to uavhengige kameraer<\/b> innebygd, som gj\u00f8r det mulig \u00e5 ta bilder og spille inn videoer fra ulike perspektiver, og gir barna mange muligheter for kreativ uttrykk. Klokken har <b>8 GB innebygd lagringsplass<\/b>, s\u00e5 <b>det er god plass for bilder, videoer og andre filer<\/b>. I tillegg kan begge kameraene brukes under videosamtaler n\u00e5r barna vil vise noe til noen de er glade i.<\/p>\n<\/p><\/div>\n<\/div>\n<div class=\"photo-item\">\n<div class=\"photo-item-text\" style=\"text-align: justify;\">\n<h3>\n    Opptil 3 dagers batterilevetid p\u00e5 en enkel lading<br \/>\n  <\/h3>\n<p><b>Garett Kids Twin 2 4G<\/b> er utstyrt med et langvarig <b>900 mAh batteri<\/b> som gir <b>opptil 3 dagers drift p\u00e5 en enkel lading<\/b>. Denne funksjonen vil uten tvil bli satt pris p\u00e5 av foreldrene, da det betyr at de kan v\u00e6re sikre p\u00e5 at <b>enheten alltid er klar til bruk n\u00e5r den trengs<\/b>. Dette \u00f8ker sikkerheten til barna, som kan kontakte foreldrene n\u00e5r som helst. Et kraftig batteri gir barna muligheten til \u00e5 bruke mange av smartklokkens funksjoner i lang tid, uten \u00e5 bekymre seg for at enheten plutselig sl\u00e5r seg av.<\/p>\n<\/p><\/div>\n<\/div>\n<div class=\"photo-item\">\n<div class=\"photo-item-text\" style=\"text-align: justify;\">\n<h3>\n    LTE-tilkobling for tale- og videosamtaler<br \/>\n  <\/h3>\n<p><b>Garett Kids Twin 2 4G lar deg gj\u00f8re tale- og videosamtaler uten \u00e5 bruke en smarttelefon, takket v\u00e6re LTE-st\u00f8tte<\/b>. Dette er en stor fordel for foreldrene, som alltid kan v\u00e6re i kontakt med barna sine, uansett hvor de er. I tillegg gj\u00f8r muligheten for videosamtaler det mulig for foreldrene \u00e5 holde \u00f8ye med barna og pleie forholdet, selv n\u00e5r de er langt borte.<\/p>\n<\/p><\/div>\n<\/div>\n<div class=\"photo-item\">\n<div class=\"photo-item-text\" style=\"text-align: justify;\">\n<h3>\n    Sikre og pedagogiske spill<br \/>\n  <\/h3>\n<p><b>Garett Kids Twin 2 4G<\/b> inneholder flere <b>utviklingsspill<\/b> basert p\u00e5 et gyroskop, som gj\u00f8r det mulig for barna \u00e5 utvikle ferdighetene sine p\u00e5 en morsom og interaktiv m\u00e5te. Smartklokken er en ideell l\u00f8sning for barn som elsker teknologi, og samtidig gj\u00f8r foreldrene det mulig \u00e5 styre og tilpasse l\u00e6ringsprosessene. <b>Den innebygde SOS-knappen<\/b> gir barna muligheten til \u00e5 kontakte foreldrene eller utf\u00f8re et n\u00f8doppringing med bare ett trykk.<\/p>\n<\/p><\/div>\n<\/div>\n<\/div>","protected":false},"excerpt":{"rendered":"<p>Bilder, moro og l\u00e6ring rett p\u00e5 h\u00e5ndleddet! Garett Kids Twin 2 4G-smartklokken er en smartklokke som ikke bare tilbyr moro og sikkerhet, men ogs\u00e5 eksepsjonell funksjonalitet. Utstyrt med to uavhengige kameraer og en rekke avanserte funksjoner, gir denne klokken mye mer enn bare kommunikasjon. Den er et underholdnings- og l\u00e6ringssenter for barnet ditt. Dens innebygde [&hellip;]<\/p>","protected":false},"featured_media":2050,"comment_status":"open","ping_status":"closed","template":"","meta":{"_acf_changed":false,"rank_math_lock_modified_date":false},"product_cat":[37,38],"product_tag":[],"class_list":{"0":"post-2056","1":"product","2":"type-product","3":"status-publish","4":"has-post-thumbnail","6":"product_cat-smartklokker","7":"product_cat-smartklokker-for-barn","9":"first","10":"instock","11":"taxable","12":"shipping-taxable","13":"purchasable","14":"product-type-simple"},"acf":[],"_links":{"self":[{"href":"https:\/\/smartklokke.no\/en\/wp-json\/wp\/v2\/product\/2056","targetHints":{"allow":["GET"]}}],"collection":[{"href":"https:\/\/smartklokke.no\/en\/wp-json\/wp\/v2\/product"}],"about":[{"href":"https:\/\/smartklokke.no\/en\/wp-json\/wp\/v2\/types\/product"}],"replies":[{"embeddable":true,"href":"https:\/\/smartklokke.no\/en\/wp-json\/wp\/v2\/comments?post=2056"}],"wp:featuredmedia":[{"embeddable":true,"href":"https:\/\/smartklokke.no\/en\/wp-json\/wp\/v2\/media\/2050"}],"wp:attachment":[{"href":"https:\/\/smartklokke.no\/en\/wp-json\/wp\/v2\/media?parent=2056"}],"wp:term":[{"taxonomy":"product_cat","embeddable":true,"href":"https:\/\/smartklokke.no\/en\/wp-json\/wp\/v2\/product_cat?post=2056"},{"taxonomy":"product_tag","embeddable":true,"href":"https:\/\/smartklokke.no\/en\/wp-json\/wp\/v2\/product_tag?post=2056"}],"curies":[{"name":"wp","href":"https:\/\/api.w.org\/{rel}","templated":true}]}}