{"id":2000,"date":"2024-11-21T11:18:22","date_gmt":"2024-11-21T10:18:22","guid":{"rendered":"https:\/\/smartklokke.no\/product\/garett-beauty-cool-white-ipl-epilator\/"},"modified":"2025-05-11T22:20:06","modified_gmt":"2025-05-11T20:20:06","slug":"garett-beauty-cool-white-ipl-epilator","status":"publish","type":"product","link":"https:\/\/smartklokke.no\/en\/product\/garett-beauty-cool-white-ipl-epilator\/","title":{"rendered":"Garett Beauty Cool white IPL-epilator"},"content":{"rendered":"<link rel=\"stylesheet\" href=\"https:\/\/base.garett.com.pl\/stara-karta\/oldcss.css\">\n<div class=\"container-desc\">\n<div class=\"photo-item\">\n      <img fetchpriority=\"high\" decoding=\"async\" alt=\"Garett Beauty Cool\" height=\"450\" src=\"https:\/\/base.garett.com.pl\/photos\/beauty\/cool\/en\/cool_1_en.jpg\" width=\"1200\" \/>\n   <\/div>\n<div class=\"photo-item\">\n<div class=\"photo-item-text\" style=\"margin: 2%;\">\n<h3 style=\"color: #FFC0CB;font-weight: 600;\">\n            Garett Beauty Cool \u2013 en kombinasjon av eleganse og effektiv h\u00e5rfjerning<br \/>\n         <\/h3>\n<p><b>Garett Beauty Cool epilatoren er en innovativ l\u00f8sning innen hjemmeh\u00e5rfjerning<\/b> som garanterer langvarig fjerning av u\u00f8nsket h\u00e5r. Den enkle, men sofistikerte formen med fr\u00e6ste kanter kombinert med en hvit og s\u00f8lvfinish skaper <b>en helhet som er b\u00e5de imponerende og funksjonell<\/b>.<\/p>\n<\/p><\/div>\n<\/p><\/div>\n<div class=\"beauty-full beauty-full-video beauty-3\">\n<div class=\"beauty-kaf-wrap\">\n<h3 style=\"color: #FFC0CB;font-weight: 600;\">Se videoen<\/h3>\n<div class=\"photo-item\"><iframe src=\"https:\/\/www.youtube.com\/embed\/Um5eGkL5qqA\" width=\"80%\" height=\"500px\" frameborder=\"0\" allowfullscreen=\"allowfullscreen\"><\/iframe><\/div>\n<\/div>\n<\/div>\n<div class=\"photo-item\">\n      <img decoding=\"async\" alt=\"Garett Beauty Cool\" height=\"450\" src=\"https:\/\/base.garett.com.pl\/photos\/beauty\/cool\/en\/cool_2_en.jpg\" width=\"1200\" \/>\n   <\/div>\n<div class=\"photo-item\">\n<div class=\"photo-item-text\" style=\"margin: 2%;\">\n<h3 style=\"color: #FFC0CB;font-weight: 600;\">\n            Kj\u00f8lefunksjon \u2013 en revolusjon i epileringskomfort<br \/>\n         <\/h3>\n<p>Garett Beauty Cool epilatoren skiller seg ut med sin innovative <b>kj\u00f8lefunksjon<\/b> som gj\u00f8r at vi kan <b>redusere smerte og minimere risikoen for irritasjon<\/b>. Det er en ideell l\u00f8sning for de som opplever ubehag under h\u00e5rfjerning med tradisjonelle metoder. Et spesielt hode forbereder huden for de innkommende lyspulsene, noe som gj\u00f8r hele behandlingen mye mer komfortabel.<\/p>\n<\/p><\/div>\n<\/p><\/div>\n<div class=\"photo-item\">\n      <img decoding=\"async\" alt=\"Garett Beauty Bright Cool\" height=\"450\" src=\"https:\/\/base.garett.com.pl\/photos\/beauty\/cool\/en\/cool_3_en.jpg\" width=\"1200\" \/>\n   <\/div>\n<div class=\"photo-item\">\n<div class=\"photo-item-text\" style=\"margin: 2%;\">\n<h3 style=\"color: #FFC0CB;font-weight: 600;\">\n            IPL-teknologi \u2013 holdbarhet du vil elske<br \/>\n         <\/h3>\n<p><b>Lyspulsene<\/b> som sendes ut av Garett Beauty Cool epilatoren bidrar til effektiv og langvarig h\u00e5rfjerning, en prosess som inneb\u00e6rer selektiv absorpsjon av lys av melanin i h\u00e5ret, som f\u00f8rer til \u00f8deleggelse av h\u00e5rsekken. <b>Over tid blir h\u00e5ret svakere og vokser tilbake saktere takket v\u00e6re denne formen for h\u00e5rfjerning<\/b>. \u00c5 bruke IPL-teknologi hjemme er n\u00e5 mulig og tilgjengelig for alle som \u00f8nsker langvarige resultater.<\/p>\n<\/p><\/div>\n<\/p><\/div>\n<div class=\"photo-item\">\n      <img loading=\"lazy\" decoding=\"async\" alt=\"Garett Beauty Bright Cool\" height=\"450\" src=\"https:\/\/base.garett.com.pl\/photos\/beauty\/cool\/en\/cool_4_en.jpg\" width=\"1200\" \/>\n   <\/div>\n<div class=\"photo-item\">\n<div class=\"photo-item-text\" style=\"margin: 2%;\">\n<h3 style=\"color: #FFC0CB;font-weight: 600;\">\n            Tilpassbar kraft \u2013 sikkerhet og effektivitet ned til siste detalj<br \/>\n         <\/h3>\n<p>Uansett hvor sensitiv eller hard huden din er, gj\u00f8r Garett Beauty Cool epilatoren det <b>lett \u00e5 justere kraftniv\u00e5et for \u00e5 passe forskjellige hudtoner og kroppsomr\u00e5der<\/b>. Denne personaliseringen av innstillingene gj\u00f8r at prosedyren kan utf\u00f8res p\u00e5 en effektiv m\u00e5te, samtidig som maksimal sikkerhet opprettholdes. Med denne l\u00f8sningen kan du finne det perfekte kraftniv\u00e5et som passer til dine behov uten \u00e5 bekymre deg for negative hudreaksjoner.<\/p>\n<\/p><\/div>\n<\/p><\/div>\n<div class=\"photo-item\">\n      <img loading=\"lazy\" decoding=\"async\" alt=\"Garett Beauty Bright Cool\" height=\"450\" src=\"https:\/\/base.garett.com.pl\/photos\/beauty\/cool\/en\/cool_5_en.jpg\" width=\"1200\" \/>\n   <\/div>\n<div class=\"photo-item\">\n<div class=\"photo-item-text\" style=\"margin: 2%;\">\n<h3 style=\"color: #FFC0CB;font-weight: 600;\">\n           Et fullt utstyrt sett for komfortabel h\u00e5rfjerning hjemme<br \/>\n         <\/h3>\n<p>Velg Garett Beauty Cool og nyt et komplett sett for en trygg, effektiv h\u00e5rfjerningsbehandling. <b>Samme med epilatoren f\u00e5r du beskyttelsesbriller<\/b>, som er uunnv\u00e6rlige n\u00e5r du bruker en enhet som avgir intens lys, <b>og en barberh\u00f8vel<\/b>, som lar deg forberede huden din riktig f\u00f8r behandlingen. Dette topp moderne settet er alt du trenger for \u00e5 nyte profesjonelle IPL-h\u00e5rfjerningresultater hjemme.<\/p>\n<\/p><\/div>\n<\/p><\/div>\n<div class=\"beauty-full beauty-full-video beauty-3\">\n<div class=\"beauty-kaf-wrap\">\n<h3 style=\"color: #FFC0CB;font-weight: 600;\">Se videoen<\/h3>\n<div class=\"photo-item\"><iframe src=\"https:\/\/www.youtube.com\/embed\/FzPSsNrTzgo\" width=\"80%\" height=\"500px\" frameborder=\"0\" allowfullscreen=\"allowfullscreen\"><\/iframe><\/div>\n<\/div>\n<\/div>\n<\/div>","protected":false},"excerpt":{"rendered":"<p>Garett Beauty Cool \u2013 en kombinasjon av eleganse og effektiv h\u00e5rfjerning Garett Beauty Cool epilatoren er en innovativ l\u00f8sning innen hjemmeh\u00e5rfjerning som garanterer langvarig fjerning av u\u00f8nsket h\u00e5r. Den enkle, men sofistikerte formen med fr\u00e6ste kanter kombinert med en hvit og s\u00f8lvfinish skaper en helhet som er b\u00e5de imponerende og funksjonell. Se videoen Kj\u00f8lefunksjon \u2013 [&hellip;]<\/p>","protected":false},"featured_media":1994,"comment_status":"open","ping_status":"closed","template":"","meta":{"_acf_changed":false,"rank_math_lock_modified_date":false},"product_cat":[45,44],"product_tag":[],"class_list":{"0":"post-2000","1":"product","2":"type-product","3":"status-publish","4":"has-post-thumbnail","6":"product_cat-epilatorer","7":"product_cat-skjonnhet","9":"first","10":"instock","11":"taxable","12":"shipping-taxable","13":"purchasable","14":"product-type-simple"},"acf":[],"_links":{"self":[{"href":"https:\/\/smartklokke.no\/en\/wp-json\/wp\/v2\/product\/2000","targetHints":{"allow":["GET"]}}],"collection":[{"href":"https:\/\/smartklokke.no\/en\/wp-json\/wp\/v2\/product"}],"about":[{"href":"https:\/\/smartklokke.no\/en\/wp-json\/wp\/v2\/types\/product"}],"replies":[{"embeddable":true,"href":"https:\/\/smartklokke.no\/en\/wp-json\/wp\/v2\/comments?post=2000"}],"wp:featuredmedia":[{"embeddable":true,"href":"https:\/\/smartklokke.no\/en\/wp-json\/wp\/v2\/media\/1994"}],"wp:attachment":[{"href":"https:\/\/smartklokke.no\/en\/wp-json\/wp\/v2\/media?parent=2000"}],"wp:term":[{"taxonomy":"product_cat","embeddable":true,"href":"https:\/\/smartklokke.no\/en\/wp-json\/wp\/v2\/product_cat?post=2000"},{"taxonomy":"product_tag","embeddable":true,"href":"https:\/\/smartklokke.no\/en\/wp-json\/wp\/v2\/product_tag?post=2000"}],"curies":[{"name":"wp","href":"https:\/\/api.w.org\/{rel}","templated":true}]}}