{"id":1987,"date":"2024-11-21T11:16:26","date_gmt":"2024-11-21T10:16:26","guid":{"rendered":"https:\/\/smartklokke.no\/product\/garett-kids-cute-2-4g-smartklokke-bla\/"},"modified":"2025-05-28T22:18:53","modified_gmt":"2025-05-28T20:18:53","slug":"garett-kids-cute-2-4g-smartklokke-bla","status":"publish","type":"product","link":"https:\/\/smartklokke.no\/en\/product\/garett-kids-cute-2-4g-smartklokke-bla\/","title":{"rendered":"GARETT Kids Cute 2 4G smartklokke bl\u00e5"},"content":{"rendered":"<link rel=\"stylesheet\" href=\"https:\/\/xd.garett.com.pl\/user.css\">\n<div class=\"container-desc\">\n<div class=\"photo-item sunultra-2-1\" style=\"margin-bottom: 30px;\">\n<div class=\"photo-item\">\n<div class=\"photo-item-text\" style=\"text-align: justify;\">\n<h3>Sikkerhet og stil i ett \u2013 Garett Kids Cute 2 4G<\/h3>\n<p>Smartklokken <b>Garett Kids Cute 2 4G<\/b> er mer enn bare en s\u00f8t gadget for barn. Den er en n\u00f8ye gjennomtenkt kombinasjon av moderne teknologi med fokus p\u00e5 <b>h\u00f8yeste sikkerhetsniv\u00e5<\/b>. Foreldre setter spesielt pris p\u00e5 den presise <b>GPS-lokasjonen<\/b> og intuitive l\u00f8sninger som <b>SOS-knappen<\/b>, <b>Face Unlock<\/b> eller <b>stemmekontroll<\/b>, mens barna liker muligheten til tilpasning gjennom utskiftbare reimer og urskiver. <b>Den reflekterende reimen og dekselet, som f\u00f8lger med i settet<\/b>, og <b>talefunksjonen<\/b> \u00f8ker sikkerheten, mens <b>de 7 tilgjengelige spillene<\/b> er en flott form for underholdning. I Kids Cute 2 4G g\u00e5r innovasjon h\u00e5nd i h\u00e5nd med komfort og beskyttelse av barna v\u00e5re.<\/p>\n<\/div>\n<\/div>\n<div class=\"photo-item\">\n<div class=\"photo-item-text\" style=\"text-align: justify;\">\n<h3>En moderne skjerm \u2013 ikke bare estetikk<\/h3>\n<p>En spesiell funksjon i Garett Kids Cute-modellen er <b>den moderne 1,83-tommers skjermen<\/b>, som dekker en betydelig del av frontpanelet, noe som sikrer eksepsjonell lesbarhet og brukskomfort. <b>Et klart og fargerikt bilde<\/b> gj\u00f8r det enkelt selv for sm\u00e5 barn \u00e5 navigere i menyene. Skjermen tiltrekker seg oppmerksomhet med sitt fantastiske design og gir enkel tilgang til alle klokkens funksjoner \u2013 fra \u00e5 spore aktivitet, til \u00e5 kommunisere med foreldre eller venner, til \u00e5 glede seg over <b>de 7 innebygde spillene<\/b>. Dette er et perfekt eksempel p\u00e5 hvordan moderne teknologi kan st\u00f8tte barns hverdagsliv og l\u00e6re dem selvstendighet i den digitale verden.<\/p>\n<\/div>\n<\/div>\n<div class=\"photo-item\">\n<div class=\"photo-item-text\" style=\"text-align: justify;\">\n<h3>Reflekterende reim \u2013 en garanti for synlighet og sikkerhet<\/h3>\n<p><b>Garett Kids Cute 2 4G-smartklokken<\/b> er utstyrt med et innovativt sikkerhetselement: <b>en reflekterende reim med deksel, som f\u00f8lger med i settet<\/b>, som sikrer bedre synlighet av barnet etter m\u00f8rkets frembrudd. Denne l\u00f8sningen vekker oppmerksomhet med sin funksjonalitet s\u00e5 vel som estetikk. I tillegg gj\u00f8r <b>utskiftbare deksler med reim<\/b> det mulig for barna \u00e5 tilpasse designet p\u00e5 klokken til antrekket og omgivelsene i enhver situasjon, samtidig som sikkerheten \u00f8kes. Det er en enkel, men viktig endring som har en reell innvirkning p\u00e5 barns sikkerhet n\u00e5r de leker ute eller g\u00e5r hjem etter m\u00f8rket har falt p\u00e5.<\/p>\n<\/div>\n<\/div>\n<div class=\"photo-item\">\n<div class=\"photo-item-text\" style=\"text-align: justify;\">\n<h3>GPS-lokasjon og geogjerder \u2013 neste generasjons foreldrekontroll<\/h3>\n<p>En sv\u00e6rt nyttig funksjon i <b>Garett Kids Cute 2 4G-smartklokken<\/b> er <b>GPS-lokasjon<\/b>, som lar foreldre finne barna sine umiddelbart. Den innovative <b>geogjerdefunksjonen<\/b> gj\u00f8r det mulig \u00e5 opprette virtuelle grenser for en sikker sone der barnet kan bevege seg fritt. N\u00e5r de forlater det angitte omr\u00e5det, blir det umiddelbart sendt en varsling til foreldrenes telefon, som gir deg mulighet til \u00e5 reagere i tilfelle en potensiell trussel. P\u00e5 den annen side lar <b>SOS-knappen<\/b> barnet tilkalle hjelp. Disse l\u00f8sningene gir foreldrene ro i sjelen og et ekstra niv\u00e5 av beskyttelse for barna.<\/p>\n<\/div>\n<\/div>\n<div class=\"photo-item\">\n<div class=\"photo-item-text\" style=\"text-align: justify;\">\n<h3>4G LTE \u2013 barrierefri kommunikasjon<\/h3>\n<p>Den ekstra sikkerheten og bekvemmeligheten til modellen <b>Garett Kids Cute 2 4G<\/b> skyldes st\u00f8tten for <b>4G LTE-tilkobling<\/b>, som betyr at <b>talefunksjoner og videosamtaler<\/b> er av bedre kvalitet. Foreldre kan v\u00e6re sikre p\u00e5 at de alltid vil kunne kontakte barna sine, og barna f\u00f8ler at de raskt og enkelt kan n\u00e5 noen n\u00e6re dem hvis n\u00f8dvendig. I tillegg til \u00e5 styrke familieb\u00e5ndene, sikrer denne funksjonen at hjelp alltid er innen rekkevidde i tilfelle en n\u00f8dsituasjon eller uforutsett situasjon. \u00d8kte kommunikasjonsmuligheter gj\u00f8r hverdagen enklere og er ogs\u00e5 en enorm hjelp for \u00e5 holde barna trygge i dagens farlige verden. I tillegg gir funksjonen <b>Face Unlock<\/b> et h\u00f8yt sikkerhetsniv\u00e5.<\/p>\n<\/div>\n<\/div>\n<\/div>","protected":false},"excerpt":{"rendered":"<p>Sikkerhet og stil i ett \u2013 Garett Kids Cute 2 4G Smartklokken Garett Kids Cute 2 4G er mer enn bare en s\u00f8t gadget for barn. Den er en n\u00f8ye gjennomtenkt kombinasjon av moderne teknologi med fokus p\u00e5 h\u00f8yeste sikkerhetsniv\u00e5. Foreldre setter spesielt pris p\u00e5 den presise GPS-lokasjonen og intuitive l\u00f8sninger som SOS-knappen, Face Unlock [&hellip;]<\/p>","protected":false},"featured_media":1975,"comment_status":"open","ping_status":"closed","template":"","meta":{"_acf_changed":false,"rank_math_lock_modified_date":false},"product_cat":[37,38],"product_tag":[],"class_list":{"0":"post-1987","1":"product","2":"type-product","3":"status-publish","4":"has-post-thumbnail","6":"product_cat-smartklokker","7":"product_cat-smartklokker-for-barn","9":"first","10":"instock","11":"taxable","12":"shipping-taxable","13":"purchasable","14":"product-type-simple"},"acf":[],"_links":{"self":[{"href":"https:\/\/smartklokke.no\/en\/wp-json\/wp\/v2\/product\/1987","targetHints":{"allow":["GET"]}}],"collection":[{"href":"https:\/\/smartklokke.no\/en\/wp-json\/wp\/v2\/product"}],"about":[{"href":"https:\/\/smartklokke.no\/en\/wp-json\/wp\/v2\/types\/product"}],"replies":[{"embeddable":true,"href":"https:\/\/smartklokke.no\/en\/wp-json\/wp\/v2\/comments?post=1987"}],"wp:featuredmedia":[{"embeddable":true,"href":"https:\/\/smartklokke.no\/en\/wp-json\/wp\/v2\/media\/1975"}],"wp:attachment":[{"href":"https:\/\/smartklokke.no\/en\/wp-json\/wp\/v2\/media?parent=1987"}],"wp:term":[{"taxonomy":"product_cat","embeddable":true,"href":"https:\/\/smartklokke.no\/en\/wp-json\/wp\/v2\/product_cat?post=1987"},{"taxonomy":"product_tag","embeddable":true,"href":"https:\/\/smartklokke.no\/en\/wp-json\/wp\/v2\/product_tag?post=1987"}],"curies":[{"name":"wp","href":"https:\/\/api.w.org\/{rel}","templated":true}]}}