{"id":1832,"date":"2024-11-21T10:56:37","date_gmt":"2024-11-21T09:56:37","guid":{"rendered":"https:\/\/smartklokke.no\/product\/garett-beauty-bright-skin-mesoterapiapparat-hvit\/"},"modified":"2025-05-25T22:18:20","modified_gmt":"2025-05-25T20:18:20","slug":"garett-beauty-bright-skin-mesoterapiapparat-hvit","status":"publish","type":"product","link":"https:\/\/smartklokke.no\/en\/product\/garett-beauty-bright-skin-mesoterapiapparat-hvit\/","title":{"rendered":"GARETT Beauty Bright Skin mesoterapiapparat hvit"},"content":{"rendered":"<link rel=\"stylesheet\" href=\"https:\/\/base.garett.com.pl\/stara-karta\/oldcss.css\">\n<div class=\"container-desc\">\n<div class=\"photo-item\"><img fetchpriority=\"high\" decoding=\"async\" src=\"https:\/\/base.garett.com.pl\/photos\/beauty\/bright-skin\/en\/bright_skin_en_1.jpg\" alt=\"Garett Beauty Bright Skin\" width=\"1200\" height=\"450\" \/><\/div>\n<div class=\"photo-item\">\n<div class=\"photo-item-text\" style=\"margin: 2%;\">\n<h3 style=\"color: #FFC0CB;font-weight: 600;\">Garett Beauty Bright Skin \u2014 n\u00e5lfrie mesoterapi hjemme<\/h3>\n<p>Hudpleie i komforten av ditt eget hjem er en flott l\u00f8sning n\u00e5r du ikke har tid til \u00e5 bes\u00f8ke en kosmetolog, men \u00f8nsker \u00e5 ta vare p\u00e5 utseendet ditt. Garett Beauty Bright Skin har en allsidig bruk. <b>Den kan h\u00e5ndtere mange hudproblemer, som akne, urenheter og rynker.<\/b> Pr\u00f8v avanserte funksjoner som elektrostimulering eller RF-b\u00f8lger. I tillegg kan du bruke andre metoder som <b>LED-lys<\/b> eller <b>soniske vibrasjoner.<\/b><\/p>\n<\/p><\/div>\n<\/p><\/div>\n<div class=\"beauty-full beauty-full-video beauty-3\">\n<div class=\"beauty-kaf-wrap\">\n<h3 style=\"color: #FFC0CB;font-weight: 600;\">Se videoen<\/h3>\n<div class=\"photo-item\"><iframe src=\"https:\/\/www.youtube.com\/embed\/YZgVYXQiaS4\" width=\"80%\" height=\"500px\" frameborder=\"0\" allowfullscreen=\"allowfullscreen\"><\/iframe><\/div>\n<\/p><\/div>\n<\/p><\/div>\n<\/p>\n<div class=\"photo-item\"><img decoding=\"async\" src=\"https:\/\/base.garett.com.pl\/photos\/beauty\/bright-skin\/en\/bright_skin_en_2.jpg\" alt=\"Garett Beauty Bright Skin\" width=\"1200\" height=\"450\" \/><\/div>\n<div class=\"photo-item\">\n<div class=\"photo-item-text\" style=\"margin: 2%;\">\n<h3 style=\"color: #FFC0CB;font-weight: 600;\">Terapeutisk effekt av LED-lys<\/h3>\n<p>Garett Beauty Bright Skin gj\u00f8r det mulig \u00e5 bruke tre forskjellige farger av LED-lys &#8211; r\u00f8d, bl\u00e5 og lilla. <b>Du kan bruke den p\u00e5 alle hudtyper, nemlig t\u00f8rr, fet og kombinasjonshud.<\/b> Den r\u00f8de fargen er gunstig for hudregenerering og hjelper helingsprosessen. Bl\u00e5tt lys har betennelsesdempende egenskaper og beroliger irritasjon. <b>P\u00e5 den annen side, kombinasjonen av disse to fargene til lilla lys, forbedrer hudtonen og hjelper ogs\u00e5 i kampen mot akne.<\/b><\/p>\n<\/p><\/div>\n<\/p><\/div>\n<div class=\"photo-item\"><img decoding=\"async\" src=\"https:\/\/base.garett.com.pl\/photos\/beauty\/bright-skin\/en\/bright_skin_en_3.jpg\" alt=\"Garett Beauty Bright Skin\" width=\"1200\" height=\"450\" \/><\/div>\n<div class=\"photo-item\">\n<div class=\"photo-item-text\" style=\"margin: 2%;\">\n<h3 style=\"color: #FFC0CB;font-weight: 600;\">Effektiv elektrostimulering<\/h3>\n<p>N\u00e5r rynker er synlige i ansiktet ditt, kan du bruke Garett Beauty Bright Skin. <b>Tilbeh\u00f8ret har en elektrostimuleringsfunksjon, som inneb\u00e6rer bruk av EMS-str\u00f8mmer<\/b>. En slik behandling er gunstig for blodoml\u00f8pet, slik at mer oksygen blir levert til musklene. <b>For \u00e5 bruke denne funksjonen, aktiver LIFTING driftsmodusen.<\/b> Kombinasjonen av EMS og bl\u00e5tt lys forhindrer ogs\u00e5 utviklingen av imperfeksjoner.<\/p>\n<\/p><\/div>\n<\/p><\/div>\n<div class=\"photo-item\"><img loading=\"lazy\" decoding=\"async\" src=\"https:\/\/base.garett.com.pl\/photos\/beauty\/bright-skin\/en\/bright_skin_en_4.jpg\" alt=\"Garett Beauty Bright Skin\" width=\"1200\" height=\"450\" \/><\/div>\n<div class=\"photo-item\">\n<div class=\"photo-item-text\" style=\"margin: 2%;\">\n<h3 style=\"color: #FFC0CB;font-weight: 600;\">Produksjon av kollagenfibre<\/h3>\n<p>Ansiktets utseende p\u00e5virkes av tilstanden og mengden kollagenfibre. For \u00e5 ta vare p\u00e5 dem er <b>RF-funksjonen<\/b> avgj\u00f8rende. Under bruken n\u00e5r elektromagnetiske b\u00f8lger, p\u00e5 radiofrekvens, dermis. <b>P\u00e5 denne m\u00e5ten p\u00e5virker de produksjonen og regenereringen av kollagenfibre<\/b>, som er knyttet til en forbedret ansiktsoval. Klar til \u00e5 gi huden din alt det beste?<\/p>\n<\/p><\/div>\n<\/p><\/div>\n<div class=\"photo-item\"><img loading=\"lazy\" decoding=\"async\" src=\"https:\/\/base.garett.com.pl\/photos\/beauty\/bright-skin\/en\/bright_skin_en_5.jpg\" alt=\"Garett Beauty Bright Skin\" width=\"1200\" height=\"450\" \/><\/div>\n<div class=\"photo-item\">\n<div class=\"photo-item-text\" style=\"margin: 2%;\">\n<h3 style=\"color: #FFC0CB;font-weight: 600;\">Slapp av i ansiktet med soniske vibrasjoner<\/h3>\n<p>P\u00e5 grunn av de soniske vibrasjonene, interagerer Garett Beauty Bright Skin med de dypere lagene av huden. <b>Kosmetikkene som brukes blir derfor absorbert bedre, og du kan f\u00e5 fullt utbytte av deres egenskaper. De soniske vibrasjonene<\/b> er ideelle for ansiktsmassasje, og lar deg slappe av og lindre eventuelle spenninger. Denne behandlingen er spesielt nyttig etter en stressende dag p\u00e5 jobben og for synlige tegn p\u00e5 tretthet.<\/p>\n<\/p><\/div>\n<\/p><\/div>\n<div class=\"beauty-full beauty-full-video beauty-3\">\n<div class=\"beauty-kaf-wrap\">\n<h3 style=\"color: #FFC0CB;font-weight: 600;\">Garett Beauty Expert&#8217;s synspunkt<\/h3>\n<div class=\"photo-item\"><iframe src=\"https:\/\/www.youtube.com\/embed\/uPSeiNp8AT8\" width=\"80%\" height=\"500px\" frameborder=\"0\" allowfullscreen=\"allowfullscreen\"><\/iframe><\/div>\n<\/p><\/div>\n<\/p><\/div>\n<\/p>\n<\/div>","protected":false},"excerpt":{"rendered":"<p>Garett Beauty Bright Skin \u2014 n\u00e5lfrie mesoterapi hjemme Hudpleie i komforten av ditt eget hjem er en flott l\u00f8sning n\u00e5r du ikke har tid til \u00e5 bes\u00f8ke en kosmetolog, men \u00f8nsker \u00e5 ta vare p\u00e5 utseendet ditt. Garett Beauty Bright Skin har en allsidig bruk. Den kan h\u00e5ndtere mange hudproblemer, som akne, urenheter og rynker. [&hellip;]<\/p>","protected":false},"featured_media":1830,"comment_status":"open","ping_status":"closed","template":"","meta":{"_acf_changed":false,"rank_math_lock_modified_date":false},"product_cat":[46,44],"product_tag":[],"class_list":{"0":"post-1832","1":"product","2":"type-product","3":"status-publish","4":"has-post-thumbnail","6":"product_cat-nalefri-mesoterapi","7":"product_cat-skjonnhet","9":"first","10":"instock","11":"taxable","12":"shipping-taxable","13":"purchasable","14":"product-type-simple"},"acf":[],"_links":{"self":[{"href":"https:\/\/smartklokke.no\/en\/wp-json\/wp\/v2\/product\/1832","targetHints":{"allow":["GET"]}}],"collection":[{"href":"https:\/\/smartklokke.no\/en\/wp-json\/wp\/v2\/product"}],"about":[{"href":"https:\/\/smartklokke.no\/en\/wp-json\/wp\/v2\/types\/product"}],"replies":[{"embeddable":true,"href":"https:\/\/smartklokke.no\/en\/wp-json\/wp\/v2\/comments?post=1832"}],"wp:featuredmedia":[{"embeddable":true,"href":"https:\/\/smartklokke.no\/en\/wp-json\/wp\/v2\/media\/1830"}],"wp:attachment":[{"href":"https:\/\/smartklokke.no\/en\/wp-json\/wp\/v2\/media?parent=1832"}],"wp:term":[{"taxonomy":"product_cat","embeddable":true,"href":"https:\/\/smartklokke.no\/en\/wp-json\/wp\/v2\/product_cat?post=1832"},{"taxonomy":"product_tag","embeddable":true,"href":"https:\/\/smartklokke.no\/en\/wp-json\/wp\/v2\/product_tag?post=1832"}],"curies":[{"name":"wp","href":"https:\/\/api.w.org\/{rel}","templated":true}]}}