{"id":1829,"date":"2024-11-21T10:56:15","date_gmt":"2024-11-21T09:56:15","guid":{"rendered":"https:\/\/smartklokke.no\/product\/garett-beauty-breeze-scrub-hvit-kavitasjon-peeling-enhet\/"},"modified":"2025-05-16T22:19:56","modified_gmt":"2025-05-16T20:19:56","slug":"garett-beauty-breeze-scrub-hvit-kavitasjon-peeling-enhet","status":"publish","type":"product","link":"https:\/\/smartklokke.no\/en\/product\/garett-beauty-breeze-scrub-hvit-kavitasjon-peeling-enhet\/","title":{"rendered":"Garett Beauty Breeze Scrub hvit kavitasjon peeling enhet"},"content":{"rendered":"<link rel=\"stylesheet\" href=\"https:\/\/base.garett.com.pl\/stara-karta\/oldcss.css\">\n<div class=\"container-desc\">\n<div class=\"photo-item\"><img fetchpriority=\"high\" decoding=\"async\" src=\"https:\/\/base.garett.com.pl\/photos\/beauty\/breeze-scrub\/en\/breeze_scrub_en_1.jpg\" alt=\"Garett Beauty Pretty Face\" width=\"1200\" height=\"450\" \/><\/div>\n<div class=\"photo-item\">\n<div class=\"photo-item-text\" style=\"margin: 2%;\">\n<h3 style=\"color: #FFC0CB;font-weight: 600;\">Garett Beauty Breeze Scrub \u2014 smertefri og effektiv kaviatasjonspeeling<\/h3>\n<p>Dr\u00f8mmer du om glatt hud, men vet ikke hvordan du skal oppn\u00e5 det? Vi har en utmerket l\u00f8sning for deg! Kaviatasjonspeeling med Garett Beauty Breeze Scrub er m\u00e5ten \u00e5 f\u00e5 perfekt hud p\u00e5. Glem problemer med porer og keratinisert hud &#8211; enheten renser ikke-invasivt og lar deg nyte et perfekt utseende. Takket v\u00e6re ultralydspresisjon vil du oppdage de yngre lagene av huden og introdusere nyttige stoffer i dem. Tilpass behandlingen etter dine behov med flere driftsmoduser. N\u00e5 har du muligheten til \u00e5 ta vare p\u00e5 huden din profesjonelt!<\/p>\n<\/p><\/div>\n<\/p><\/div>\n<div class=\"beauty-full beauty-full-video beauty-3\">\n<div class=\"beauty-kaf-wrap\">\n<h3 style=\"color: #FFC0CB;font-weight: 600;\">Se videoen<\/h3>\n<div class=\"photo-item\"><iframe src=\"https:\/\/www.youtube.com\/embed\/f4Eh5LPrmlY\" width=\"80%\" height=\"500px\" frameborder=\"0\" allowfullscreen=\"allowfullscreen\"><\/iframe><\/div>\n<\/p><\/div>\n<\/p><\/div>\n<\/p>\n<div class=\"photo-item\"><img decoding=\"async\" src=\"https:\/\/base.garett.com.pl\/photos\/beauty\/breeze-scrub\/en\/breeze_scrub_en_2.jpg\" alt=\"Garett Beauty Pretty Face\" width=\"1200\" height=\"450\" \/><\/div>\n<div class=\"photo-item\">\n<div class=\"photo-item-text\" style=\"margin: 2%;\">\n<h3 style=\"color: #FFC0CB;font-weight: 600;\">Profesjonell peeling hjemme<\/h3>\n<p>Effektiv og sikker kaviatasjonspeeling gir deg muligheten til \u00e5 f\u00e5 en jevn hudtone. Med Garett Beauty Breeze Scrub kan du fra f\u00f8rste bruk glede deg over huden du alltid har dr\u00f8mt om, uavhengig av hudtype. Denne enheten tilbyr fire driftsmoduser som stimulerer kollagenproduksjon, revitaliserer og fukter huden, samt forbedrer hudtonen og mikrosirkulasjonen. Ved \u00e5 ha regelmessige behandlinger hver uke eller annenhver uke, vil du forvandle hudens utseende.<\/p>\n<\/p><\/div>\n<\/p><\/div>\n<div class=\"photo-item\"><img decoding=\"async\" src=\"https:\/\/base.garett.com.pl\/photos\/beauty\/breeze-scrub\/en\/breeze_scrub_en_3.jpg\" alt=\"Garett Beauty Pretty Face\" width=\"1200\" height=\"450\" \/><\/div>\n<div class=\"photo-item\">\n<div class=\"photo-item-text\" style=\"margin: 2%;\">\n<h3 style=\"color: #FFC0CB;font-weight: 600;\">Oppfrisket og avslappet hud<\/h3>\n<p>Garett Beauty Breeze Scrub skiller seg ut takket v\u00e6re to funksjoner: kaviatasjon og sonoforese. Begge er basert p\u00e5 ultralydsb\u00f8lger, men deres effekter varierer. Den f\u00f8rste s\u00f8rger for at huden blir renset og de yngre lagene blir eksponert og renset for talg og urenheter. Hudtonen blir dermed oppfrisket og lysere. Den andre funksjonen gj\u00f8r at aktive stoffer kan trenge dypt inn i huden og kosmetikkene virker enda bedre. Ultralyd, som trenger dypt inn i vevet, gir huden en mild massasje som forbedrer blod- og lymfesirkulasjonen og fremmer cellefornyelse.<\/p>\n<\/p><\/div>\n<\/p><\/div>\n<div class=\"photo-item\"><img loading=\"lazy\" decoding=\"async\" src=\"https:\/\/base.garett.com.pl\/photos\/beauty\/breeze-scrub\/en\/breeze_scrub_en_4.jpg\" alt=\"Garett Beauty Pretty Face\" width=\"1200\" height=\"450\" \/><\/div>\n<div class=\"photo-item\">\n<div class=\"photo-item-text\" style=\"margin: 2%;\">\n<h3 style=\"color: #FFC0CB;font-weight: 600;\">Skreddersydd for dine behov<\/h3>\n<p>Garett Beauty Breeze Scrub tilbyr flere driftsmoduser for \u00e5 m\u00f8te forskjellige hudbehov. Spr\u00f8ytemodusen gir intens fuktighet, mens peelingmodusen eksfolierer og renser forsiktig, men effektivt. Du kan bruke en kombinasjon av disse to modusene for \u00e5 bekjempe akne og normalisere talgkjertlene. Hvis du er opptatt av \u00e5 stramme huden, er l\u00f8ftemodusen den ideelle l\u00f8sningen &#8211; den stimulerer musklene, eliminerer slapphet og \u00f8ker n\u00e6ringsopptaket.<\/p>\n<\/p><\/div>\n<\/p><\/div>\n<div class=\"photo-item\"><img loading=\"lazy\" decoding=\"async\" src=\"https:\/\/base.garett.com.pl\/photos\/beauty\/breeze-scrub\/en\/breeze_scrub_en_5.jpg\" alt=\"Garett Beauty Pretty Face\" width=\"1200\" height=\"450\" \/><\/div>\n<div class=\"photo-item\">\n<div class=\"photo-item-text\" style=\"margin: 2%;\">\n<h3 style=\"color: #FFC0CB;font-weight: 600;\">Brukskomfort<\/h3>\n<p>Garett Beauty Breeze Scrub er designet med komfort i tankene \u2013 den veier bare 100 g og er enkel \u00e5 bruke. P\u00e5 grunn av sin kompakte st\u00f8rrelse kan du alltid ta den med deg. Med en h\u00f8y vibrasjonsfrekvens p\u00e5 25 kHz, renser enheten porene og fjerner d\u00f8de hudceller. Den godt utformede spatelen p\u00e5 slutten av enheten gj\u00f8r at du kan n\u00e5 selv de mest utilgjengelige omr\u00e5dene av huden.<\/p>\n<\/p><\/div>\n<\/p><\/div>\n<div class=\"beauty-full beauty-full-video beauty-3\">\n<div class=\"beauty-kaf-wrap\">\n<h3 style=\"color: #FFC0CB;font-weight: 600;\">Se videoen<\/h3>\n<div class=\"photo-item\"><iframe src=\"https:\/\/www.youtube.com\/embed\/oDmtQOq2H2A\" width=\"80%\" height=\"500px\" frameborder=\"0\" allowfullscreen=\"allowfullscreen\"><\/iframe><\/div>\n<\/p><\/div>\n<\/p><\/div>\n<\/div>","protected":false},"excerpt":{"rendered":"<p>Garett Beauty Breeze Scrub \u2014 smertefri og effektiv kaviatasjonspeeling Dr\u00f8mmer du om glatt hud, men vet ikke hvordan du skal oppn\u00e5 det? Vi har en utmerket l\u00f8sning for deg! Kaviatasjonspeeling med Garett Beauty Breeze Scrub er m\u00e5ten \u00e5 f\u00e5 perfekt hud p\u00e5. Glem problemer med porer og keratinisert hud &#8211; enheten renser ikke-invasivt og lar [&hellip;]<\/p>","protected":false},"featured_media":1825,"comment_status":"open","ping_status":"closed","template":"","meta":{"_acf_changed":false,"rank_math_lock_modified_date":false},"product_cat":[47,44],"product_tag":[],"class_list":{"0":"post-1829","1":"product","2":"type-product","3":"status-publish","4":"has-post-thumbnail","6":"product_cat-kavitasjon-peeling","7":"product_cat-skjonnhet","9":"first","10":"instock","11":"taxable","12":"shipping-taxable","13":"purchasable","14":"product-type-simple"},"acf":[],"_links":{"self":[{"href":"https:\/\/smartklokke.no\/en\/wp-json\/wp\/v2\/product\/1829","targetHints":{"allow":["GET"]}}],"collection":[{"href":"https:\/\/smartklokke.no\/en\/wp-json\/wp\/v2\/product"}],"about":[{"href":"https:\/\/smartklokke.no\/en\/wp-json\/wp\/v2\/types\/product"}],"replies":[{"embeddable":true,"href":"https:\/\/smartklokke.no\/en\/wp-json\/wp\/v2\/comments?post=1829"}],"wp:featuredmedia":[{"embeddable":true,"href":"https:\/\/smartklokke.no\/en\/wp-json\/wp\/v2\/media\/1825"}],"wp:attachment":[{"href":"https:\/\/smartklokke.no\/en\/wp-json\/wp\/v2\/media?parent=1829"}],"wp:term":[{"taxonomy":"product_cat","embeddable":true,"href":"https:\/\/smartklokke.no\/en\/wp-json\/wp\/v2\/product_cat?post=1829"},{"taxonomy":"product_tag","embeddable":true,"href":"https:\/\/smartklokke.no\/en\/wp-json\/wp\/v2\/product_tag?post=1829"}],"curies":[{"name":"wp","href":"https:\/\/api.w.org\/{rel}","templated":true}]}}