{"id":1811,"date":"2024-11-21T10:54:13","date_gmt":"2024-11-21T09:54:13","guid":{"rendered":"https:\/\/smartklokke.no\/product\/garett-essa-4g-smartklokke-for-barn-rosa\/"},"modified":"2025-05-29T06:18:15","modified_gmt":"2025-05-29T04:18:15","slug":"garett-essa-4g-smartklokke-for-barn-rosa","status":"publish","type":"product","link":"https:\/\/smartklokke.no\/en\/product\/garett-essa-4g-smartklokke-for-barn-rosa\/","title":{"rendered":"GARETT Essa 4G smartklokke for barn, rosa"},"content":{"rendered":"<link rel=\"stylesheet\" href=\"https:\/\/base.garett.com.pl\/stara-karta\/oldcss.css\">\n<div class=\"container-desc\">\n<div class=\"photo-item\"><img fetchpriority=\"high\" decoding=\"async\" src=\"https:\/\/base.garett.com.pl\/photos\/smartwatch\/essa\/en\/essaEN_akapit1.jpg\" alt=\"essa\" width=\"1200\" height=\"450\" style=\"margin: 0 auto 0 0; display: block; \"><\/div>\n<div class=\"photo-item\"><img decoding=\"async\" src=\"https:\/\/base.garett.com.pl\/photos\/smartwatch\/essa\/en\/essaEN_akapit2.jpg\" alt=\"essa\" width=\"1200\" height=\"450\" style=\"margin: 0 auto 0 0; display: block; \"><\/div>\n<div class=\"photo-item\"><img decoding=\"async\" src=\"https:\/\/base.garett.com.pl\/photos\/smartwatch\/essa\/en\/essaEN_akapit3.jpg\" alt=\"essa\" width=\"1200\" height=\"450\" style=\"margin: 0 auto 0 0; display: block; \"><\/div>\n<div class=\"photo-item\"><img loading=\"lazy\" decoding=\"async\" src=\"https:\/\/base.garett.com.pl\/photos\/smartwatch\/essa\/en\/essaEN_akapit4.jpg\" alt=\"essa\" width=\"1200\" height=\"450\" style=\"margin: 0 auto 0 0; display: block; \"><\/div>\n<div class=\"photo-item\"><img loading=\"lazy\" decoding=\"async\" src=\"https:\/\/base.garett.com.pl\/photos\/smartwatch\/essa\/en\/essaEN_akapit5.jpg\" alt=\"essa\" width=\"1200\" height=\"450\" style=\"margin: 0 auto 0 0; display: block; \"><\/div>\n<div class=\"photo-item\"><img loading=\"lazy\" decoding=\"async\" src=\"https:\/\/base.garett.com.pl\/photos\/smartwatch\/essa\/en\/essaEN_akapit6.jpg\" alt=\"essa\" width=\"1200\" height=\"450\" style=\"margin: 0 auto 0 0; display: block; \"><\/div>\n<div class=\"photo-item\"><img loading=\"lazy\" decoding=\"async\" src=\"https:\/\/base.garett.com.pl\/photos\/smartwatch\/essa\/en\/essaEN_akapit7.jpg\" alt=\"essa\" width=\"1200\" height=\"450\" style=\"margin: 0 auto 0 0; display: block; \"><\/div>\n<div class=\"photo-item\">\n<div class=\"photo-item-text\" style=\"text-align: justify;\">\n<div class=\"item-text-desc-essa\">\n<h3>Garett Kids Essa 4G Multifunksjonelt Klokke<\/h3>\n<p><strong>Garett Kids Essa 4G<\/strong> barneklokken har en <strong>klar 1,83&#8243; skjerm som dekker det meste av frontpanelet<\/strong>, noe som skiller denne modellen fra andre klokker i Kids-serien. Smartklokken er utstyrt med et moderne <strong>Android 8.1-system<\/strong> og <strong>WhatsApp-messenger<\/strong>. Fordelen er ogs\u00e5 et kraftig batteri som varer <strong>opptil 4 dager med aktivt SIM-kort<\/strong>. Med <strong>4G LTE<\/strong>-tilkobling holder klokken foreldre og barn i kontakt. Nyt <strong>talekall, videosamtaler<\/strong> og <strong>tekstmeldinger<\/strong>. I tillegg er smartklokken utstyrt med en spesiell beskyttelsesramme og muligheten for \u00e5 l\u00e5se opp med <strong>Face Unlock<\/strong>. Du kan ogs\u00e5 ta vare p\u00e5 barnets sikkerhet med <strong>Garett Kids Essa 4G<\/strong> takket v\u00e6re funksjoner som <strong>GPS-lokasjon<\/strong> og <strong>GEOfencing<\/strong>.<\/p>\n<h3>Face Unlock for effektiv sikkerhet<\/h3>\n<p>Den moderne <strong>Face Unlock-funksjonen<\/strong>, som best\u00e5r i \u00e5 lese ansiktstrekkene til enhetsbrukeren, forhindrer uautoriserte personer fra \u00e5 l\u00e5se opp klokken. Denne l\u00f8sningen gj\u00f8r det ogs\u00e5 enklere for barnet \u00e5 raskt bruke enheten, for eksempel under en lekepause. <strong>Garett Kids Essa 4G<\/strong> fungerer utmerket under alle barnets aktiviteter, siden den har h\u00f8y <strong>IP67-vanntetthetssertifisering<\/strong>. Smartklokken er ogs\u00e5 sikret med en spesiell beskyttelsesramme, noe som betyr at du <strong>ikke trenger \u00e5 bekymre deg for v\u00e6skeskader eller at enheten blir skitten<\/strong>.<\/p>\n<h3>Fargerik skjerm<\/h3>\n<p><strong>Garett Kids Essa 4G<\/strong> har en <strong>stor 1,83&#8243; skjerm med HD-oppl\u00f8sning<\/strong>, som garanterer <strong>komfortabel avlesning av data, selv i direkte sollys<\/strong>. Skjermomr\u00e5det i forhold til frontpanelet er eksepsjonelt stort. Barnet ditt vil glede seg over brukervennligheten og de livlige fargene n\u00e5r det ser p\u00e5 bilder, samt muligheten til \u00e5 endre bakgrunnsbilde eller menystiler. Du kan tilpasse klokken ved \u00e5 stille inn favorittbakgrunnsbilde og velge blant favoritter i menystilene.<\/p>\n<\/p><\/div>\n<\/p><\/div>\n<div id=\"essa-video\" class=\"photo-img\" style=\"width: 100%; padding-left: 5%;\"><iframe src=\"https:\/\/www.youtube.com\/embed\/Zc2Ns5dXVRI\" width=\"100%\" height=\"400px\" frameborder=\"0\" allowfullscreen=\"allowfullscreen\"><\/iframe><\/div>\n<\/div>\n<div class=\"photo-item\">\n<div class=\"photo-item-text\" style=\"text-align: justify;\">\n<h3>Android 8.1-operativsystem<\/h3>\n<p><strong>Android 8.1<\/strong> gj\u00f8r det mulig \u00e5 bruke mange applikasjoner, inkludert <strong>WhatsApp<\/strong>, som gj\u00f8r det enkelt \u00e5 utveksle korte meldinger med barnet under skolepauser. I tillegg gir denne modellen mulighet for <strong>tale- og videosamtaler<\/strong>, samt \u00e5 sende <strong>tekstmeldinger<\/strong>. Takket v\u00e6re den <strong>store minnekapasiteten &ndash; 1 RAM + 8 ROM GB<\/strong> &ndash; har barnet tilgang til funksjoner som timeplan eller matematikkspill. De vil ogs\u00e5 glede seg over <strong>\u00e5 spille musikk p\u00e5 tr\u00e5dl\u00f8se hodetelefoner via Bluetooth-tilkobling<\/strong>.<\/p>\n<\/p><\/div>\n<\/p><\/div>\n<div class=\"photo-item\">\n<div class=\"photo-item-text\" style=\"text-align: justify;\">\n<h3>En smartklokke med sikkerhetsfunksjoner og lang batteritid<\/h3>\n<p><strong>Garett Kids Essa 4G<\/strong> er designet med unge brukere i tankene, derfor er batteriets holdbarhet en viktig faktor. <strong>Smartklokken fungerer opptil 4 dager uten lading, og dette med et aktivt SIM-kort<\/strong>. P\u00e5 denne m\u00e5ten vil du alltid v\u00e6re i kontakt med barnet ditt, selv uten deres kunnskap. <strong>N\u00e5r du vil sjekke hvor barnet ditt er, kan du bruke GPS-lokasjon eller GEOfencing<\/strong>. Med denne funksjonen kan du sette et trygt omr\u00e5de hvor barnet kan bevege seg fritt, og n\u00e5r det overskrides, vil du motta et varsel. Klokken har ogs\u00e5 en <strong>talemonitoreringsfunksjon<\/strong> som lar deg sjekke hva som skjer i barnets omgivelser. I sin tur vil <strong>SOS-knappen<\/strong> gi ekstra st\u00f8tte i en n\u00f8dsituasjon.<\/p>\n<\/p><\/div>\n<\/p><\/div>\n<\/div>","protected":false},"excerpt":{"rendered":"<p>Garett Kids Essa 4G Multifunksjonelt Klokke Garett Kids Essa 4G barneklokken har en klar 1,83&#8243; skjerm som dekker det meste av frontpanelet, noe som skiller denne modellen fra andre klokker i Kids-serien. Smartklokken er utstyrt med et moderne Android 8.1-system og WhatsApp-messenger. Fordelen er ogs\u00e5 et kraftig batteri som varer opptil 4 dager med aktivt [&hellip;]<\/p>","protected":false},"featured_media":1805,"comment_status":"open","ping_status":"closed","template":"","meta":{"_acf_changed":false,"rank_math_lock_modified_date":false},"product_cat":[37,38],"product_tag":[],"class_list":{"0":"post-1811","1":"product","2":"type-product","3":"status-publish","4":"has-post-thumbnail","6":"product_cat-smartklokker","7":"product_cat-smartklokker-for-barn","9":"first","10":"instock","11":"taxable","12":"shipping-taxable","13":"purchasable","14":"product-type-simple"},"acf":[],"_links":{"self":[{"href":"https:\/\/smartklokke.no\/en\/wp-json\/wp\/v2\/product\/1811","targetHints":{"allow":["GET"]}}],"collection":[{"href":"https:\/\/smartklokke.no\/en\/wp-json\/wp\/v2\/product"}],"about":[{"href":"https:\/\/smartklokke.no\/en\/wp-json\/wp\/v2\/types\/product"}],"replies":[{"embeddable":true,"href":"https:\/\/smartklokke.no\/en\/wp-json\/wp\/v2\/comments?post=1811"}],"wp:featuredmedia":[{"embeddable":true,"href":"https:\/\/smartklokke.no\/en\/wp-json\/wp\/v2\/media\/1805"}],"wp:attachment":[{"href":"https:\/\/smartklokke.no\/en\/wp-json\/wp\/v2\/media?parent=1811"}],"wp:term":[{"taxonomy":"product_cat","embeddable":true,"href":"https:\/\/smartklokke.no\/en\/wp-json\/wp\/v2\/product_cat?post=1811"},{"taxonomy":"product_tag","embeddable":true,"href":"https:\/\/smartklokke.no\/en\/wp-json\/wp\/v2\/product_tag?post=1811"}],"curies":[{"name":"wp","href":"https:\/\/api.w.org\/{rel}","templated":true}]}}