{"id":1772,"date":"2024-11-21T10:47:11","date_gmt":"2024-11-21T09:47:11","guid":{"rendered":"https:\/\/smartklokke.no\/product\/garett-v10-smartklokke-i-solv-svart-skinn\/"},"modified":"2025-05-19T22:19:23","modified_gmt":"2025-05-19T20:19:23","slug":"garett-v10-smartklokke-i-solv-svart-skinn","status":"publish","type":"product","link":"https:\/\/smartklokke.no\/en\/product\/garett-v10-smartklokke-i-solv-svart-skinn\/","title":{"rendered":"GARETT V10 smartklokke i s\u00f8lv-svart skinn"},"content":{"rendered":"<link rel=\"stylesheet\" href=\"https:\/\/base.garett.com.pl\/stara-karta\/oldcss.css\">\n<div class=\"container-desc\">\n<div class=\"photo-item\"><img fetchpriority=\"high\" decoding=\"async\" src=\"https:\/\/base.garett.com.pl\/photos\/smartwatch\/v10\/en\/v10_akapit1_en.jpg\" alt=\"v10\" width=\"1200\" height=\"450\" \/><\/div>\n<div class=\"photo-item\"><img decoding=\"async\" src=\"https:\/\/base.garett.com.pl\/photos\/smartwatch\/v10\/en\/v10_akapit2_en.jpg\" alt=\"v10\" width=\"1200\" height=\"450\" \/><\/div>\n<div class=\"photo-item\"><img decoding=\"async\" src=\"https:\/\/base.garett.com.pl\/photos\/smartwatch\/v10\/en\/v10_akapit3_en.jpg\" alt=\"v10\" width=\"1200\" height=\"450\" \/><\/div>\n<div class=\"photo-item\"><img loading=\"lazy\" decoding=\"async\" src=\"https:\/\/base.garett.com.pl\/photos\/smartwatch\/v10\/en\/v10_akapit4_en.jpg\" alt=\"v10\" width=\"1200\" height=\"450\" \/><\/div>\n<div class=\"photo-item\"><img loading=\"lazy\" decoding=\"async\" src=\"https:\/\/base.garett.com.pl\/photos\/smartwatch\/v10\/en\/v10_akapit5_en.jpg\" alt=\"v10\" width=\"1200\" height=\"450\" \/><\/div>\n<div class=\"photo-item\"><img loading=\"lazy\" decoding=\"async\" src=\"https:\/\/base.garett.com.pl\/photos\/smartwatch\/v10\/en\/v10_akapit6_en.jpg\" alt=\"v10\" width=\"1200\" height=\"450\" \/><\/div>\n<div class=\"photo-item\">\n<div class=\"photo-item-text\" style=\"text-align: justify;\">\n<h3>Garett V10 Smartklokke<\/h3>\n<p>Vi presenterer <b>den moderne Garett V10 smartklokken med sin AMOLED-skjerm, Bluetooth-system, induktiv lading og langvarig batteri<\/b>, som kan vare i opptil 10 dager p\u00e5 en enkelt lading. V\u00e5r smartklokke er ideell for krevende kunder som verdsetter kvalitet og ser etter teknologisk avanserte l\u00f8sninger.<\/p>\n<\/div>\n<\/div>\n<div class=\"photo-item\">\n<div class=\"photo-item-text\" style=\"text-align: justify;\">\n<h3>Den moderne AMOLED-skjermen med Always on Display-funksjon<\/h3>\n<p>En av de ubestridte fordelene med Garett V10 smartklokken er den 1,43 tommers skjermen, laget i AMOLED-teknologi. Bruken av denne teknologien garanterer <b>utmerket skjermsynlighet selv under vanskelige v\u00e6rforhold<\/b>, for eksempel i direkte sollys. En interessant bekvemmelighet er ogs\u00e5 <b>Always on Display-funksjonen, som gir konstant bakgrunnsbelysning av skjermen<\/b>, slik at du kan sjekke tiden uten \u00e5 m\u00e5tte aktivere klokken.<\/p>\n<\/div>\n<\/div>\n<div class=\"photo-item\">\n<div class=\"photo-item-text\" style=\"text-align: justify;\">\n<h3>Induktiv lading \u2013 ingen flere kabler<\/h3>\n<p><b>Garett V10 smartklokken er utstyrt med induktiv lading<\/b>. Hva betyr dette i praksis? Du kan lade enheten din med ny energi uten behov for kabler, noe som gir stor bekvemmelighet og tidsbesparelse. Hele prosessen er eksepsjonelt smidig, s\u00e5 du vil raskt komme tilbake til aktivitetene du startet f\u00f8r batteriet p\u00e5 klokken din ble t\u00f8mt, for eksempel \u00e5 bruke <b>en talestyrt assistent eller sportsmoduser<\/b> (det er <b>100 forskjellige alternativer<\/b>).<\/p>\n<\/div>\n<\/div>\n<div class=\"photo-item\">\n<div class=\"photo-item-text\" style=\"text-align: justify;\">\n<h3>Gir opptil 10 dagers bruk p\u00e5 \u00e9n lading<\/h3>\n<p>Batteriet i Garett V10 smartklokken kjennetegnes av h\u00f8y kapasitet fordi <b>klokken varer opptil 10 dager p\u00e5 \u00e9n lading<\/b>, noe som betyr at du ikke trenger \u00e5 bekymre deg for at enheten din g\u00e5r tom for str\u00f8m p\u00e5 feil tidspunkt og mister tilgangen til dine favorittfunksjoner, for eksempel <b>biometriske m\u00e5linger<\/b> (blodtrykk, hjertefrekvens og oksygenmetning i blodet), <b>ta bilder eller sjekke tekstmeldinger og anropsvarsler<\/b> gjennom appen. N\u00e5 har du disse (og andre) bekvemmelighetene rett ved fingertuppene, n\u00e5r du trenger dem.<\/p>\n<\/div>\n<\/div>\n<div class=\"photo-item\">\n<div class=\"photo-item-text\" style=\"text-align: justify;\">\n<h3>Bluetooth-samtaler med familie og venner<\/h3>\n<p>Garett V10 smartklokken lar deg <b>ringe og motta samtaler<\/b> takket v\u00e6re Bluetooth-teknologi innebygd i enheten. <b>Du kan chatte med venner, kontrollere musikk og lytte til dine favorittsanger i enhver situasjon<\/b>. Det er verdt \u00e5 merke seg at den presenterte klokken har et tett og vanntett hus (<b>IP68-sertifikat<\/b>).<\/p>\n<\/div>\n<\/div>\n<\/div>","protected":false},"excerpt":{"rendered":"<p>Garett V10 Smartklokke Vi presenterer den moderne Garett V10 smartklokken med sin AMOLED-skjerm, Bluetooth-system, induktiv lading og langvarig batteri, som kan vare i opptil 10 dager p\u00e5 en enkelt lading. V\u00e5r smartklokke er ideell for krevende kunder som verdsetter kvalitet og ser etter teknologisk avanserte l\u00f8sninger. Den moderne AMOLED-skjermen med Always on Display-funksjon En av [&hellip;]<\/p>","protected":false},"featured_media":1766,"comment_status":"open","ping_status":"closed","template":"","meta":{"_acf_changed":false,"rank_math_lock_modified_date":false},"product_cat":[37,39],"product_tag":[],"class_list":{"0":"post-1772","1":"product","2":"type-product","3":"status-publish","4":"has-post-thumbnail","6":"product_cat-smartklokker","7":"product_cat-smartklokker-for-menn","9":"first","10":"instock","11":"taxable","12":"shipping-taxable","13":"purchasable","14":"product-type-simple"},"acf":[],"_links":{"self":[{"href":"https:\/\/smartklokke.no\/en\/wp-json\/wp\/v2\/product\/1772","targetHints":{"allow":["GET"]}}],"collection":[{"href":"https:\/\/smartklokke.no\/en\/wp-json\/wp\/v2\/product"}],"about":[{"href":"https:\/\/smartklokke.no\/en\/wp-json\/wp\/v2\/types\/product"}],"replies":[{"embeddable":true,"href":"https:\/\/smartklokke.no\/en\/wp-json\/wp\/v2\/comments?post=1772"}],"wp:featuredmedia":[{"embeddable":true,"href":"https:\/\/smartklokke.no\/en\/wp-json\/wp\/v2\/media\/1766"}],"wp:attachment":[{"href":"https:\/\/smartklokke.no\/en\/wp-json\/wp\/v2\/media?parent=1772"}],"wp:term":[{"taxonomy":"product_cat","embeddable":true,"href":"https:\/\/smartklokke.no\/en\/wp-json\/wp\/v2\/product_cat?post=1772"},{"taxonomy":"product_tag","embeddable":true,"href":"https:\/\/smartklokke.no\/en\/wp-json\/wp\/v2\/product_tag?post=1772"}],"curies":[{"name":"wp","href":"https:\/\/api.w.org\/{rel}","templated":true}]}}