{"id":1744,"date":"2024-11-21T10:43:21","date_gmt":"2024-11-21T09:43:21","guid":{"rendered":"https:\/\/smartklokke.no\/product\/garett-verona-smartklokke-i-gull-svart-skinn\/"},"modified":"2025-05-27T22:20:22","modified_gmt":"2025-05-27T20:20:22","slug":"garett-verona-smartklokke-i-gull-svart-skinn","status":"publish","type":"product","link":"https:\/\/smartklokke.no\/en\/product\/garett-verona-smartklokke-i-gull-svart-skinn\/","title":{"rendered":"GARETT Verona smartklokke i gull-svart skinn"},"content":{"rendered":"<link rel=\"stylesheet\" href=\"https:\/\/base.garett.com.pl\/stara-karta\/oldcss.css\">\n<div class=\"container-desc\">\n<div class=\"photo-item\">\n<div class=\"photo-item-text\">\n<div class=\"item-text-desc\">\n<h3>Smartklokke Garett Verona<\/h3>\n<p>Bli forelsket i det nyeste tilbudet fra Garett! Se elegant ut i enhver situasjon: p\u00e5 kontoret, under trening eller p\u00e5 konsert, og la deg bli bortskjemt med den eksepsjonelle teknologien i smartklokken din. Sjekk <b>v\u00e6rinformasjon<\/b> og dine viktige ting, <b>styr apper fra telefonen din eksternt<\/b> og nyt enkelheten i bruken.<\/p>\n<\/p><\/div>\n<\/p><\/div>\n<div class=\"photo-img\"><img decoding=\"async\" src=\"https:\/\/base.garett.com.pl\/photos\/smartwatch\/verona\/verona_1.jpg\" alt=\"verona\" \/><\/div>\n<\/p><\/div>\n<div class=\"photo-item\">\n<div class=\"photo-img\"><img decoding=\"async\" src=\"https:\/\/base.garett.com.pl\/photos\/smartwatch\/verona\/verona_2.jpg\" alt=\"verona\" \/><\/div>\n<div class=\"photo-item-text\">\n<div class=\"item-text-desc\">\n<h3>Moderne teknologi<\/h3>\n<p>Takket v\u00e6re den <b>1,3&#8243; AMOLED-skjermen<\/b> vil Garett Verona berike din hverdag med levende farger, utmerket svartdybde og fantastiske visningsvinkler. Denne typen skjerm er spesielt kjent for sin bemerkelsesverdige responstid p\u00e5 ber\u00f8ring. Den jevne overgangen av bilder og ikoner vil gj\u00f8re treningsseriene dine mye mer behagelige, enten det er en av de <b>22 sportsmodusene<\/b> eller funksjonen for <b>puste\u00f8velser<\/b>. Du kan ogs\u00e5 se p\u00e5 <b>aktivitetshistorikken din<\/b> n\u00e5r som helst med informasjon om alle trenings\u00f8ktene dine.<\/p>\n<\/p><\/div>\n<\/p><\/div>\n<\/p><\/div>\n<div class=\"photo-item\">\n<div class=\"photo-item-text\">\n<div class=\"item-text-desc\">\n<h3>Always on display<\/h3>\n<p>Med funksjonen <b>always on display<\/b> har du konstant tilgang til klokke og kalender, og du kan velge stil p\u00e5 urskiven slik at Garett Verona alltid ser flott ut p\u00e5 h\u00e5ndleddet ditt. Vekk skjermen med et lite h\u00e5ndleddsbevegelse og <b>overv\u00e5k aktiviteten din<\/b>, s\u00f8vn eller menstruasjonssyklus, men viktigst av alt, v\u00e6r alltid p\u00e5! I tillegg er denne vakre smartklokken for kvinner din nye <b>stoppeklokke, vekkerklokke og timer i ett<\/b>, og dens funksjoner overskrider langt de vanlige klokkealternativene.<\/p>\n<\/p><\/div>\n<\/p><\/div>\n<div class=\"photo-img\"><img decoding=\"async\" src=\"https:\/\/base.garett.com.pl\/photos\/smartwatch\/verona\/verona_3.jpg\" alt=\"verona\" \/><\/div>\n<\/p><\/div>\n<div class=\"photo-item\">\n<div class=\"photo-img\"><img decoding=\"async\" src=\"https:\/\/base.garett.com.pl\/photos\/smartwatch\/verona\/verona_4.jpg\" alt=\"verona\" \/><\/div>\n<div class=\"photo-item-text\">\n<div class=\"item-text-desc\">\n<h3>Du vil glemme at du har den p\u00e5 h\u00e5ndleddet<\/h3>\n<p>Garett Verona smartklokke har et <b>ultratynt design<\/b> som ogs\u00e5 er utrolig lett takket v\u00e6re bruken av den nyeste teknologien, som <b>1,3&#8243; AMOLED-skjermen<\/b>. Dette gj\u00f8r at enheten ser ekstremt moderne og stilfull ut, uten \u00e5 tynge ned h\u00e5ndleddet ditt, s\u00e5 den er behagelig \u00e5 ha p\u00e5. Noen ganger kan det hende du til og med glemmer at du har den p\u00e5 deg, men du trenger ikke \u00e5 bekymre deg om det regner &#8211; den har en <b>IP67 vanntetthet<\/b> som beskytter mot sprut og st\u00f8vpartikler. Uansett hvem du er eller hva du trenger, vil Garett Verona m\u00f8te dine forventninger og v\u00e6re en perfekt match for alle antrekk.<\/p>\n<\/p><\/div>\n<\/p><\/div>\n<\/p><\/div>\n<div class=\"photo-item\">\n<div class=\"photo-item-text\">\n<div class=\"item-text-desc\">\n<h3>Elegant og komfortabel<\/h3>\n<p>Du vil finne noe for deg her, da Garett smartklokken for kvinner er tilgjengelig i hele <b>syv fargeversjoner<\/b>. Dette mangfoldet betyr at enheten kan se b\u00e5de elegant og sporty ut, akkurat som du \u00f8nsker. Har du hatt problemer med \u00e5 finne en klokke som passer deg? N\u00e5 har du funnet l\u00f8sningen. Se perfekt ut mens du <b>styrer musikken<\/b> eller kameraet p\u00e5 telefonen din eksternt! Ha det g\u00f8y med hjelp fra din uunnv\u00e6rlige f\u00f8lgesvenn.<\/p>\n<\/p><\/div>\n<\/p><\/div>\n<div class=\"photo-img\"><img decoding=\"async\" src=\"https:\/\/base.garett.com.pl\/photos\/smartwatch\/verona\/verona_5.jpg\" alt=\"verona\" \/><\/div>\n<\/p><\/div>\n<div class=\"photo-item\">\n<div class=\"photo-img\"><img decoding=\"async\" src=\"https:\/\/base.garett.com.pl\/photos\/smartwatch\/verona\/verona_6.jpg\" alt=\"verona\" \/><\/div>\n<div class=\"photo-item-text\">\n<div class=\"item-text-desc\">\n<h3>Spar energi<\/h3>\n<p>Batteriet til den nye klokken din er <b>ekstremt holdbart<\/b>, slik at det ikke trenger \u00e5 lades p\u00e5 opptil <b>sju dagers drift<\/b>! Dette er en milj\u00f8vennlig l\u00f8sning som sparer deg for str\u00f8m og samtidig tar vare p\u00e5 planeten. Du kan n\u00e5 glemme \u00e5 alltid b\u00e6re med deg en lader i vesken eller sjekke batteriniv\u00e5et, og heller overv\u00e5ke pulsen og andre parametere med <b>blodtrykksm\u00e5ler<\/b>, pulsoksymeter eller <b>hjertefrekvensm\u00e5ler<\/b>. Bare husk \u00e5 lade dine egne batterier!<\/p>\n<\/p><\/div>\n<\/p><\/div>\n<\/p><\/div>\n<\/div>","protected":false},"excerpt":{"rendered":"<p>Smartklokke Garett Verona Bli forelsket i det nyeste tilbudet fra Garett! Se elegant ut i enhver situasjon: p\u00e5 kontoret, under trening eller p\u00e5 konsert, og la deg bli bortskjemt med den eksepsjonelle teknologien i smartklokken din. Sjekk v\u00e6rinformasjon og dine viktige ting, styr apper fra telefonen din eksternt og nyt enkelheten i bruken. Moderne teknologi [&hellip;]<\/p>","protected":false},"featured_media":1739,"comment_status":"open","ping_status":"closed","template":"","meta":{"_acf_changed":false,"rank_math_lock_modified_date":false},"product_cat":[37,40],"product_tag":[],"class_list":{"0":"post-1744","1":"product","2":"type-product","3":"status-publish","4":"has-post-thumbnail","6":"product_cat-smartklokker","7":"product_cat-smartklokker-for-kvinner","9":"first","10":"instock","11":"taxable","12":"shipping-taxable","13":"purchasable","14":"product-type-simple"},"acf":[],"_links":{"self":[{"href":"https:\/\/smartklokke.no\/en\/wp-json\/wp\/v2\/product\/1744","targetHints":{"allow":["GET"]}}],"collection":[{"href":"https:\/\/smartklokke.no\/en\/wp-json\/wp\/v2\/product"}],"about":[{"href":"https:\/\/smartklokke.no\/en\/wp-json\/wp\/v2\/types\/product"}],"replies":[{"embeddable":true,"href":"https:\/\/smartklokke.no\/en\/wp-json\/wp\/v2\/comments?post=1744"}],"wp:featuredmedia":[{"embeddable":true,"href":"https:\/\/smartklokke.no\/en\/wp-json\/wp\/v2\/media\/1739"}],"wp:attachment":[{"href":"https:\/\/smartklokke.no\/en\/wp-json\/wp\/v2\/media?parent=1744"}],"wp:term":[{"taxonomy":"product_cat","embeddable":true,"href":"https:\/\/smartklokke.no\/en\/wp-json\/wp\/v2\/product_cat?post=1744"},{"taxonomy":"product_tag","embeddable":true,"href":"https:\/\/smartklokke.no\/en\/wp-json\/wp\/v2\/product_tag?post=1744"}],"curies":[{"name":"wp","href":"https:\/\/api.w.org\/{rel}","templated":true}]}}