{"id":1726,"date":"2024-11-21T10:41:36","date_gmt":"2024-11-21T09:41:36","guid":{"rendered":"https:\/\/smartklokke.no\/product\/garett-kids-tech-4g-gronn-smartklokke-med-borrelas\/"},"modified":"2025-05-28T22:18:27","modified_gmt":"2025-05-28T20:18:27","slug":"garett-kids-tech-4g-gronn-smartklokke-med-borrelas","status":"publish","type":"product","link":"https:\/\/smartklokke.no\/en\/product\/garett-kids-tech-4g-gronn-smartklokke-med-borrelas\/","title":{"rendered":"Garett Kids Tech 4G gr\u00f8nn smartklokke med borrel\u00e5s"},"content":{"rendered":"<link rel=\"stylesheet\" href=\"https:\/\/base.garett.com.pl\/stara-karta\/oldcss.css\">\n<div class=\"container-desc\">\n<div class=\"photo-item\">\n<div class=\"photo-item-text\">\n<div class=\"item-text-desc\">\n<h3>Garett Kids Tech<\/h3>\n<p><b>Garett Kids Tech 4G<\/b> er et innovativt smartklokke for barn med et &laquo;Easy on&raquo;-b\u00e5nd, tilgjengelig i fem fargealternativer. 4G LTE-tilkobling muliggj\u00f8r s\u00f8ml\u00f8s kontakt med foreldrene. Den langvarige batterilevetiden s\u00f8rger for at barna kan bruke klokken i flere timer. Den store og lettleste skjermen gj\u00f8r det enkelt \u00e5 lese tid og f\u00e5 tilgang til forskjellige funksjoner. Denne modellen er den perfekte kombinasjonen av moderne design og praktisk funksjonalitet.<\/p>\n<\/p><\/div>\n<\/p><\/div>\n<div class=\"photo-img\"><img decoding=\"async\" src=\"https:\/\/base.garett.com.pl\/photos\/smartwatch\/tech\/tech_1.jpg\" alt=\"tech\" \/><\/div>\n<\/p><\/div>\n<div class=\"photo-item\">\n<div class=\"photo-img\"><img decoding=\"async\" src=\"https:\/\/base.garett.com.pl\/photos\/smartwatch\/tech\/tech_4.jpg\" alt=\"tech\" \/><\/div>\n<div class=\"photo-item-text\">\n<div class=\"item-text-desc\">\n<h3>&laquo;Easy on&raquo;-b\u00e5ndfeste<\/h3>\n<p>Garett presenterer sin nyeste smartklokke med et komfortabelt stoffb\u00e5nd som har &laquo;Easy on&raquo;-teknologi. Dette er ideelt for barn, ettersom borrel\u00e5s-festet gj\u00f8r det enkelt \u00e5 bruke <b>for de sm\u00e5<\/b>. Klokken er tilgjengelig i fem farger, inkludert: svart, gr\u00f8nn eller rosa for jenter. Med et valg av b\u00e5ndfarger, kan barnet ditt v\u00e6re sikker p\u00e5 \u00e5 finne en som passer dem.<\/p>\n<\/p><\/div>\n<\/p><\/div>\n<\/p><\/div>\n<div class=\"photo-item\">\n<div class=\"photo-item-text\">\n<div class=\"item-text-desc\">\n<h3>4G LTE-tilkobling<\/h3>\n<p>Smartklokken gir full tilkobling takket v\u00e6re <b>4G LTE-teknologi<\/b>. <b>Stemme- og videosamtaler<\/b> er mulig, samt <b>meldingstjenester<\/b>. Klokken lar deg ogs\u00e5 lokalisere barnet ditt ved hjelp av <b>GPS<\/b> og sette opp et trygt omr\u00e5de for dem \u00e5 bevege seg i. Med <b>geo-fencing<\/b> -funksjonen vil foreldrene f\u00e5 beskjed p\u00e5 telefonen n\u00e5r barnet g\u00e5r utenfor det satte omr\u00e5det. Dette er ideelt for omsorgsfulle foreldre som \u00f8nsker \u00e5 forsikre seg om at barnet alltid er trygt og under tilsyn.<\/p>\n<\/p><\/div>\n<\/p><\/div>\n<div class=\"photo-img\"><img decoding=\"async\" src=\"https:\/\/base.garett.com.pl\/photos\/smartwatch\/tech\/tech_5.jpg\" alt=\"tech\" \/><\/div>\n<\/p><\/div>\n<div class=\"photo-item\">\n<div class=\"photo-img\"><img decoding=\"async\" src=\"https:\/\/base.garett.com.pl\/photos\/smartwatch\/tech\/tech_6.jpg\" alt=\"tech\" \/><\/div>\n<div class=\"photo-item-text\">\n<div class=\"item-text-desc\">\n<h3>Langvarig batteri med energisparingsmodus<\/h3>\n<p>Moderne mobile enheter krever stadig mer kraftfulle batterier, som vanligvis ikke varer lenge p\u00e5 en enkelt lading. Men Garett Kids Tech 4G smartklokken har et langvarig <b>batteri<\/b>, slik at du kan bruke enheten lenger uten \u00e5 m\u00e5tte lade den ofte. I tillegg er denne modellen utstyrt med en <b>energisparingsmodus<\/b> &#8211; dette reduserer str\u00f8mforbruket n\u00e5r klokken ikke er i bruk, og forlenger dermed batterilevetiden ytterligere.<\/p>\n<\/p><\/div>\n<\/p><\/div>\n<\/p><\/div>\n<div class=\"photo-item\">\n<div class=\"photo-item-text\">\n<div class=\"item-text-desc\">\n<h3>Stor og lettlest skjerm<\/h3>\n<p>Garett Kids Tech 4G er utstyrt med <b>en stor og lettlest 1,69-tommers IPS HD-skjerm<\/b> for utmerket bildekvalitet. Denne skjermen gir et perfekt <b>skarpt og klart bilde<\/b>, slik at klokke-funksjonene kan brukes komfortabelt under alle lysforhold. Den lettleste skjermen gj\u00f8r det enkelt for barna \u00e5 lese all informasjonen p\u00e5 skjermen, noe som gj\u00f8r det mye lettere \u00e5 bruke.<\/p>\n<\/p><\/div>\n<\/p><\/div>\n<div class=\"photo-img\"><img decoding=\"async\" src=\"https:\/\/base.garett.com.pl\/photos\/smartwatch\/tech\/tech_7.jpg\" alt=\"tech\" \/><\/div>\n<\/p><\/div>\n<div class=\"photo-item\">\n<div class=\"photo-img\"><img decoding=\"async\" src=\"https:\/\/base.garett.com.pl\/photos\/smartwatch\/tech\/tech_8.jpg\" alt=\"tech\" \/><\/div>\n<div class=\"photo-item-text\">\n<div class=\"item-text-desc\">\n<h3>Flere funksjoner!<\/h3>\n<p>Smartklokken har mange andre nyttige funksjoner for \u00e5 sikre trygghet og lette kommunikasjonen med barnet ditt. For eksempel har den en <b>SOS-knapp<\/b> som, n\u00e5r den trykkes og holdes nede, vil ringe et n\u00f8dkall til forh\u00e5ndsinnstilte telefonnummer. Den har ogs\u00e5 en <b>innebygd skritteller<\/b> for \u00e5 overv\u00e5ke antall skritt som tas, samt en <b>kalkulator<\/b> som er nyttig b\u00e5de p\u00e5 skolen og hjemme. Denne modellen har ogs\u00e5 en <b>stemmegjenkjenningsfunksjon<\/b>.<\/p>\n<\/p><\/div>\n<\/p><\/div>\n<\/p><\/div>\n<\/p><\/div>","protected":false},"excerpt":{"rendered":"<p>Garett Kids Tech Garett Kids Tech 4G er et innovativt smartklokke for barn med et &laquo;Easy on&raquo;-b\u00e5nd, tilgjengelig i fem fargealternativer. 4G LTE-tilkobling muliggj\u00f8r s\u00f8ml\u00f8s kontakt med foreldrene. Den langvarige batterilevetiden s\u00f8rger for at barna kan bruke klokken i flere timer. Den store og lettleste skjermen gj\u00f8r det enkelt \u00e5 lese tid og f\u00e5 tilgang [&hellip;]<\/p>","protected":false},"featured_media":1721,"comment_status":"open","ping_status":"closed","template":"","meta":{"_acf_changed":false,"rank_math_lock_modified_date":false},"product_cat":[37,38],"product_tag":[],"class_list":{"0":"post-1726","1":"product","2":"type-product","3":"status-publish","4":"has-post-thumbnail","6":"product_cat-smartklokker","7":"product_cat-smartklokker-for-barn","9":"first","10":"instock","11":"taxable","12":"shipping-taxable","13":"purchasable","14":"product-type-simple"},"acf":[],"_links":{"self":[{"href":"https:\/\/smartklokke.no\/en\/wp-json\/wp\/v2\/product\/1726","targetHints":{"allow":["GET"]}}],"collection":[{"href":"https:\/\/smartklokke.no\/en\/wp-json\/wp\/v2\/product"}],"about":[{"href":"https:\/\/smartklokke.no\/en\/wp-json\/wp\/v2\/types\/product"}],"replies":[{"embeddable":true,"href":"https:\/\/smartklokke.no\/en\/wp-json\/wp\/v2\/comments?post=1726"}],"wp:featuredmedia":[{"embeddable":true,"href":"https:\/\/smartklokke.no\/en\/wp-json\/wp\/v2\/media\/1721"}],"wp:attachment":[{"href":"https:\/\/smartklokke.no\/en\/wp-json\/wp\/v2\/media?parent=1726"}],"wp:term":[{"taxonomy":"product_cat","embeddable":true,"href":"https:\/\/smartklokke.no\/en\/wp-json\/wp\/v2\/product_cat?post=1726"},{"taxonomy":"product_tag","embeddable":true,"href":"https:\/\/smartklokke.no\/en\/wp-json\/wp\/v2\/product_tag?post=1726"}],"curies":[{"name":"wp","href":"https:\/\/api.w.org\/{rel}","templated":true}]}}