{"id":1708,"date":"2024-11-21T10:38:41","date_gmt":"2024-11-21T09:38:41","guid":{"rendered":"https:\/\/smartklokke.no\/product\/garett-kids-sun-ultra-4g-smartklokke-bla\/"},"modified":"2025-05-28T22:18:21","modified_gmt":"2025-05-28T20:18:21","slug":"garett-kids-sun-ultra-4g-smartklokke-bla","status":"publish","type":"product","link":"https:\/\/smartklokke.no\/en\/product\/garett-kids-sun-ultra-4g-smartklokke-bla\/","title":{"rendered":"GARETT Kids Sun Ultra 4G smartklokke bl\u00e5"},"content":{"rendered":"<link rel=\"stylesheet\" href=\"https:\/\/base.garett.com.pl\/stara-karta\/oldcss.css\">\n<div class=\"container-desc\">\n<div class=\"photo-item\">\n<div class=\"photo-img\" style=\"margin-left: -0.5%;margin-top: 1%; margin-bottom: 0.5%;\" ><img fetchpriority=\"high\" decoding=\"async\" src=\"https:\/\/base.garett.com.pl\/photos\/smartwatch\/sun-ultra\/en\/sunultra_en_1.jpg\" alt=\"garett kids sun ultra 4g\" width=\"380\" height=\"248\" \/><\/div>\n<div class=\"photo-img\" style=\"margin-top: 1%; margin-bottom: 0.5%;\"><img decoding=\"async\" src=\"https:\/\/base.garett.com.pl\/photos\/smartwatch\/sun-ultra\/en\/sunultra_en_2.jpg\" alt=\"garett kids sun ultra 4g\" width=\"380\" height=\"248\" \/><\/div>\n<div class=\"photo-img\" style=\"margin-right: -0.8%;margin-top: 1%; margin-bottom: 0.5%;\"><img decoding=\"async\" src=\"https:\/\/base.garett.com.pl\/photos\/smartwatch\/sun-ultra\/en\/sunultra_en_3.jpg\" alt=\"garett kids sun ultra 4g\" width=\"380\" height=\"248\" \/><\/div>\n<\/div>\n<div class=\"photo-item\">\n<div class=\"photo-img\" style=\"margin-left: -0.7%; margin-top: 0.5%; margin-bottom: 1%;\"><img loading=\"lazy\" decoding=\"async\" src=\"https:\/\/base.garett.com.pl\/photos\/smartwatch\/sun-ultra\/en\/sunultra_en_4.jpg\" alt=\"garett kids sun ultra 4g\" width=\"280\" height=\"248\" \/><\/div>\n<div class=\"photo-img\" style=\"margin-top: 0.5%; margin-bottom: 1%;\"><img loading=\"lazy\" decoding=\"async\" src=\"https:\/\/base.garett.com.pl\/photos\/smartwatch\/sun-ultra\/en\/sunultra_en_5.jpg\" alt=\"garett kids sun ultra 4g\" width=\"280\" height=\"248\" \/><\/div>\n<div class=\"photo-img\" style=\"margin-top: 0.5%; margin-bottom: 1%;\"><img loading=\"lazy\" decoding=\"async\" src=\"https:\/\/base.garett.com.pl\/photos\/smartwatch\/sun-ultra\/en\/sunultra_en_6.jpg\" alt=\"garett kids sun ultra 4g\" width=\"280\" height=\"248\" \/><\/div>\n<div class=\"photo-img\" style=\"margin-right:-0.8%; margin-top: 0.5%; margin-bottom: 1%;\"><img loading=\"lazy\" decoding=\"async\" src=\"https:\/\/base.garett.com.pl\/photos\/smartwatch\/sun-ultra\/en\/sunultra_en_7.jpg\" alt=\"garett kids sun ultra 4g\" width=\"280\" height=\"248\" \/><\/div>\n<\/div>\n<div class=\"photo-item\"><img loading=\"lazy\" decoding=\"async\" src=\"https:\/\/base.garett.com.pl\/photos\/smartwatch\/sun-ultra\/en\/sunultra_en_8.jpg\" alt=\"placeholder\" width=\"1200\" height=\"450\" \/><\/div>\n<div class=\"photo-item\"><img loading=\"lazy\" decoding=\"async\" src=\"https:\/\/base.garett.com.pl\/photos\/smartwatch\/sun-ultra\/en\/sunultra_en_9.jpg\" alt=\"garett kids sun ultra 4g\" width=\"1200\" height=\"450\" \/><\/div>\n<div class=\"photo-item\"><img loading=\"lazy\" decoding=\"async\" src=\"https:\/\/base.garett.com.pl\/photos\/smartwatch\/sun-ultra\/en\/sunultra_en_10.jpg\" alt=\"garett kids sun ultra 4g\" width=\"1200\" height=\"450\" \/><\/div>\n<div class=\"photo-item\"><img loading=\"lazy\" decoding=\"async\" src=\"https:\/\/base.garett.com.pl\/photos\/smartwatch\/sun-ultra\/en\/sunultra_en_11.jpg\" alt=\"garett kids sun ultra 4g\" width=\"1200\" height=\"450\" \/><\/div>\n<div class=\"photo-item\"><img loading=\"lazy\" decoding=\"async\" src=\"https:\/\/base.garett.com.pl\/photos\/smartwatch\/sun-ultra\/en\/sunultra_en_12.jpg\" alt=\"garett kids sun ultra 4g\" width=\"1200\" height=\"450\" \/><\/div>\n<div class=\"photo-item\"><img loading=\"lazy\" decoding=\"async\" src=\"https:\/\/base.garett.com.pl\/photos\/smartwatch\/sun-ultra\/en\/sunultra_en_13.jpg\" alt=\"garett kids sun ultra 4g\" width=\"1200\" height=\"450\" \/><\/div>\n<div class=\"photo-item\">\n<div class=\"photo-item-text\" style=\"text-align: justify;\">\n<h3>Garett Kids Sun Ultra 4G <\/h3>\n<p><b>Garett Kids Sun Ultra 4G<\/b> er en smartklokke for barn med et langvarig batteri som gir lang brukstid uten hyppig lading. Den har en stor og lettlest IPS-skjerm som garanterer utmerket bildekvalitet. Enheten gj\u00f8r det enkelt \u00e5 bruke applikasjoner, inkludert WhatsApp, takket v\u00e6re 4G\/LTE-teknologi. Klokken tar ogs\u00e5 biometriske m\u00e5linger for \u00e5 overv\u00e5ke helsen til den lille brukeren.<\/p>\n<\/p><\/div>\n<\/div>\n<div class=\"photo-item\">\n<div class=\"photo-item-text\" style=\"text-align: justify;\">\n<h3>Kontinuerlig kontakt og sikkerhet<\/h3>\n<p><b>GPS-teknologi<\/b> lar foreldre spore og overv\u00e5ke barnets bevegelser p\u00e5 avstand. I tillegg gj\u00f8r <b>geo-fencing<\/b> funksjonen det mulig \u00e5 sette et trygt omr\u00e5de der barnet kan bevege seg. <b>N\u00e5r barnet forlater dette omr\u00e5det, vil foreldrene bli varslet<\/b>. En annen fordel med <b>4G LTE<\/b> er muligheten til \u00e5 foreta og motta samtaler. Dette er den ideelle l\u00f8sningen for omsorgsfulle foreldre som \u00f8nsker \u00e5 sikre at barnet alltid er trygt.<\/p>\n<\/p><\/div>\n<\/p><\/div>\n<div class=\"photo-item\">\n<div class=\"photo-item-text\" style=\"text-align: justify;\">\n<h3>Holdbart og h\u00f8ykapasitetsbatteri<\/h3>\n<p>Garett Kids Sun Ultra 4G er en smartklokke for barn som ikke bare st\u00f8tter den popul\u00e6re <b>WhatsApp-appen<\/b>, men ogs\u00e5 har lang batteritid med sitt holdbare <b>900 mAh batteri<\/b>. Dette gj\u00f8r at klokken kan brukes i lange perioder uten behov for hyppig lading, noe som er spesielt nyttig p\u00e5 lange turer og utend\u00f8rsaktiviteter.<\/p>\n<\/p><\/div>\n<\/p><\/div>\n<div class=\"photo-item\">\n<div class=\"photo-item-text\" style=\"text-align: justify;\">\n<h3>Skjerm av h\u00f8y kvalitet og komfortabel bruk<\/h3>\n<p>Klokken kjennetegnes av en skjerm som er <b>0,4 tommer st\u00f8rre<\/b> enn tidligere KIDS-modeller, samt st\u00f8rrelsesmessig st\u00f8rre enn konkurrerende modeller. Den lettleste <b>1,85 tommers HD IPS-skjermen<\/b> gir et perfekt skarpt og klart bilde, noe som gj\u00f8r det veldig behagelig og morsomt \u00e5 bruke klokken.<\/p>\n<\/p><\/div>\n<\/p><\/div>\n<div class=\"photo-item\">\n<div class=\"photo-item-text\" style=\"text-align: justify;\">\n<h3>Biometriske m\u00e5linger <\/h3>\n<p><b>Biometriske<\/b> m\u00e5linger s\u00f8rger for helseoverv\u00e5kning hele tiden. Klokken er utstyrt med <b>hjertefrekvensm\u00e5ler, pulsoximeter, blodtrykksm\u00e5ler<\/b> og <b>termometer<\/b>. M\u00e5leresultatene kan sjekkes direkte p\u00e5 klokken. Dette lar foreldre kontinuerlig overv\u00e5ke barnets helse og kontakte lege hvis n\u00f8dvendig, mens sm\u00e5 barn kan spore sine resultater p\u00e5 en enkel m\u00e5te.<\/p>\n<\/p><\/div>\n<\/p><\/div>\n<div class=\"photo-item\">\n<div class=\"photo-item-text\" style=\"text-align: justify;\">\n<h3>Mange andre attraktive funksjoner<\/h3>\n<p>Denne modellen har flere nyttige funksjoner, inkludert <b>FACE UNLOCK<\/b>, som lar deg l\u00e5se opp skjermen med ansiktet ditt. Klokken kj\u00f8rer p\u00e5 Android, som gir utvidet funksjonalitet som <b>opplasting av musikk<\/b> og bilder eller <b>tilpassing av bakgrunnsbilde<\/b>. En <b>skritteller<\/b> lar barnet ditt holde oversikt over sin aktivitet, og en timeplanfunksjon hjelper med \u00e5 organisere skolearbeidet. Klokken har en innebygd <b>matte-spill, diktafon<\/b> og <b>kamera<\/b>, slik at ditt lille barn kan utvikle sin kreativitet.<\/p>\n<\/p><\/div>\n<\/p><\/div>\n<\/div>","protected":false},"excerpt":{"rendered":"<p>Garett Kids Sun Ultra 4G Garett Kids Sun Ultra 4G er en smartklokke for barn med et langvarig batteri som gir lang brukstid uten hyppig lading. Den har en stor og lettlest IPS-skjerm som garanterer utmerket bildekvalitet. Enheten gj\u00f8r det enkelt \u00e5 bruke applikasjoner, inkludert WhatsApp, takket v\u00e6re 4G\/LTE-teknologi. Klokken tar ogs\u00e5 biometriske m\u00e5linger for [&hellip;]<\/p>","protected":false},"featured_media":1702,"comment_status":"open","ping_status":"closed","template":"","meta":{"_acf_changed":false,"rank_math_lock_modified_date":false},"product_cat":[37,38],"product_tag":[],"class_list":{"0":"post-1708","1":"product","2":"type-product","3":"status-publish","4":"has-post-thumbnail","6":"product_cat-smartklokker","7":"product_cat-smartklokker-for-barn","9":"first","10":"instock","11":"taxable","12":"shipping-taxable","13":"purchasable","14":"product-type-simple"},"acf":[],"_links":{"self":[{"href":"https:\/\/smartklokke.no\/en\/wp-json\/wp\/v2\/product\/1708","targetHints":{"allow":["GET"]}}],"collection":[{"href":"https:\/\/smartklokke.no\/en\/wp-json\/wp\/v2\/product"}],"about":[{"href":"https:\/\/smartklokke.no\/en\/wp-json\/wp\/v2\/types\/product"}],"replies":[{"embeddable":true,"href":"https:\/\/smartklokke.no\/en\/wp-json\/wp\/v2\/comments?post=1708"}],"wp:featuredmedia":[{"embeddable":true,"href":"https:\/\/smartklokke.no\/en\/wp-json\/wp\/v2\/media\/1702"}],"wp:attachment":[{"href":"https:\/\/smartklokke.no\/en\/wp-json\/wp\/v2\/media?parent=1708"}],"wp:term":[{"taxonomy":"product_cat","embeddable":true,"href":"https:\/\/smartklokke.no\/en\/wp-json\/wp\/v2\/product_cat?post=1708"},{"taxonomy":"product_tag","embeddable":true,"href":"https:\/\/smartklokke.no\/en\/wp-json\/wp\/v2\/product_tag?post=1708"}],"curies":[{"name":"wp","href":"https:\/\/api.w.org\/{rel}","templated":true}]}}