{"id":1688,"date":"2024-11-21T10:35:29","date_gmt":"2024-11-21T09:35:29","guid":{"rendered":"https:\/\/smartklokke.no\/product\/smartklokke-garett-kids-nice-pro-4g-rosa\/"},"modified":"2025-05-19T22:19:03","modified_gmt":"2025-05-19T20:19:03","slug":"smartklokke-garett-kids-nice-pro-4g-rosa","status":"publish","type":"product","link":"https:\/\/smartklokke.no\/en\/product\/smartklokke-garett-kids-nice-pro-4g-rosa\/","title":{"rendered":"Smartklokke Garett Kids Nice Pro 4G rosa"},"content":{"rendered":"<link rel=\"stylesheet\" href=\"https:\/\/base.garett.com.pl\/stara-karta\/oldcss.css\">\n<div class=\"container-desc\">\n<div class=\"photo-item\">\n<div class=\"photo-item-text\">\n<div class=\"item-text-desc\">\n<h3>GARETT KIDS NICE PRO 4G<\/h3>\n<p>Den nyeste <b>Garett Kids Nice Pro 4G<\/b> smartklokken for barn har et stort og lettlest 1,85&#8243; display, 4G LTE-tilkobling og spill som garantert vil gj\u00f8re tiden p\u00e5 farten mer underholdende. Med sitt moderne design vil smartklokken appellere til b\u00e5de yngre og eldre brukere.<\/p>\n<\/p><\/div>\n<\/p><\/div>\n<div class=\"photo-img\"><img decoding=\"async\" src=\"https:\/\/base.garett.com.pl\/photos\/smartwatch\/nice-pro\/nice_pro_4g_1.jpg\" alt=\"nice pro 4g\" \/><\/div>\n<\/p><\/div>\n<div class=\"photo-item\">\n<div class=\"photo-img\"><img decoding=\"async\" src=\"https:\/\/base.garett.com.pl\/photos\/smartwatch\/nice-pro\/nice_pro_4g_4.jpg\" alt=\"nice pro 4g\" \/><\/div>\n<div class=\"photo-item-text\">\n<div class=\"item-text-desc\">\n<h3>Stort og lettlest display<\/h3>\n<p><b>Kids Nice Pro 4G<\/b> har et lettlest <b>1,85&#8243; HK IPS-display<\/b>. Det er hele 0,4&#8243; st\u00f8rre enn de tidligere modellene i KIDS-serien. Displayet skiller seg ut med sin kvalitet &#8211; <b>levende farger<\/b> og <b>fargegjengivelse<\/b>, noe som gj\u00f8r det til en forn\u00f8yelse \u00e5 bruke. <b>HD<\/b> oppl\u00f8sningen gj\u00f8r at barna lett og raskt kan lese klokken, sjekke hvem som ringer og bruke de andre funksjonene p\u00e5 klokken.<\/p>\n<\/p><\/div>\n<\/p><\/div>\n<\/p><\/div>\n<div class=\"photo-item\">\n<div class=\"photo-item-text\">\n<div class=\"item-text-desc\">\n<h3>4G LTE &#8211; sikkerhet og tilkobling<\/h3>\n<p>En av de viktigste funksjonene p\u00e5 denne klokken er tilkoblingen via 4G LTE. Barnet kan ringe og motta <b>stemme\/video<\/b> samtaler og se <b>meldinger fra foreldrene<\/b>. <b>Den innebygde GPS-en<\/b> gj\u00f8r det mulig \u00e5 spore barnets posisjon, og gir foreldrene ro i sjelen ved at de raskt kan hjelpe barnet om n\u00f8dvendig. Med Kids <b>Nice Pro 4G<\/b> forblir barnet trygt og er i konstant kontakt med sine kj\u00e6re.<\/p>\n<\/p><\/div>\n<\/p><\/div>\n<div class=\"photo-img\"><img decoding=\"async\" src=\"https:\/\/base.garett.com.pl\/photos\/smartwatch\/nice-pro\/nice_pro_4g_5.jpg\" alt=\"nice pro 4g\" \/><\/div>\n<\/p><\/div>\n<div class=\"photo-item\">\n<div class=\"photo-img\"><img decoding=\"async\" src=\"https:\/\/base.garett.com.pl\/photos\/smartwatch\/nice-pro\/nice_pro_4g_6.jpg\" alt=\"nice pro 4g\" \/><\/div>\n<div class=\"photo-item-text\">\n<div class=\"item-text-desc\">\n<h3>Arkadespill som underholder og l\u00e6rer<\/h3>\n<p><b>Kids Nice Pro 4G<\/b> har mange funksjoner som vil v\u00e6re nyttige for barnet ditt b\u00e5de n\u00e5r det gjelder l\u00e6ring og lek. Barnet kan velge mellom <b>forskjellige spill<\/b>, inkludert et <b>matematikkspill<\/b>. Dette vil definitivt hjelpe dem med \u00e5 l\u00e6re &#8211; det er en flott m\u00e5te \u00e5 l\u00e6re grunnleggende matematiske operasjoner p\u00e5 en interaktiv og morsom m\u00e5te.<\/p>\n<\/p><\/div>\n<\/p><\/div>\n<\/p><\/div>\n<div class=\"photo-item\">\n<div class=\"photo-item-text\">\n<div class=\"item-text-desc\">\n<h3>Design som ikke begrenser<\/h3>\n<p><b>Med sin slanke ramme og moderne design<\/b> vil denne modellen appellere til b\u00e5de unge og gamle. <b>Den roterende knappen<\/b> gj\u00f8r navigering i menyen intuitiv, noe som definitivt gj\u00f8r det enklere \u00e5 bruke funksjonene. Garett Kids Nice Pro 4G er ikke bare en funksjonell, men ogs\u00e5 visuelt tiltalende smartklokke, og <b>den raske og enkle stroppfeste<\/b> vil appellere til de yngste. Klokken har ogs\u00e5 utskiftbare stropper, som gj\u00f8r at du kan tilpasse den til barnets stil og preferanser.<\/p>\n<\/p><\/div>\n<\/p><\/div>\n<div class=\"photo-img\"><img decoding=\"async\" src=\"https:\/\/base.garett.com.pl\/photos\/smartwatch\/nice-pro\/nice_pro_4g_7.jpg\" alt=\"nice pro 4g\" \/><\/div>\n<\/p><\/div>\n<div class=\"photo-item\">\n<div class=\"photo-img\"><img decoding=\"async\" src=\"https:\/\/base.garett.com.pl\/photos\/smartwatch\/nice-pro\/nice_pro_4g_8.jpg\" alt=\"nice pro 4g\" \/><\/div>\n<div class=\"photo-item-text\">\n<div class=\"item-text-desc\">\n<h3>Praktiske og distinkte funksjoner<\/h3>\n<p><b>Kids Nice Pro 4G<\/b> er den perfekte enheten for barn, som kombinerer moro og sikkerhet. Den store fordelen med denne smartklokken er <b>den innebygde skrittelleren<\/b>, som holder oversikt over antall skritt barnet tar, samt <b>kalkulatoren<\/b> som er nyttig for skolearbeid eller lekser. Smartklokken har ogs\u00e5 en rekke funksjoner som gj\u00f8r det enklere \u00e5 kommunisere med barnet ditt. Disse inkluderer en SOS-knapp, stemmeoverv\u00e5king, geo-fencing osv.<\/p>\n<\/p><\/div>\n<\/p><\/div>\n<\/p><\/div>\n<\/div>","protected":false},"excerpt":{"rendered":"<p>GARETT KIDS NICE PRO 4G Den nyeste Garett Kids Nice Pro 4G smartklokken for barn har et stort og lettlest 1,85&#8243; display, 4G LTE-tilkobling og spill som garantert vil gj\u00f8re tiden p\u00e5 farten mer underholdende. Med sitt moderne design vil smartklokken appellere til b\u00e5de yngre og eldre brukere. Stort og lettlest display Kids Nice Pro [&hellip;]<\/p>","protected":false},"featured_media":1682,"comment_status":"open","ping_status":"closed","template":"","meta":{"_acf_changed":false,"rank_math_lock_modified_date":false},"product_cat":[37,38],"product_tag":[],"class_list":{"0":"post-1688","1":"product","2":"type-product","3":"status-publish","4":"has-post-thumbnail","6":"product_cat-smartklokker","7":"product_cat-smartklokker-for-barn","9":"first","10":"instock","11":"taxable","12":"shipping-taxable","13":"purchasable","14":"product-type-simple"},"acf":[],"_links":{"self":[{"href":"https:\/\/smartklokke.no\/en\/wp-json\/wp\/v2\/product\/1688","targetHints":{"allow":["GET"]}}],"collection":[{"href":"https:\/\/smartklokke.no\/en\/wp-json\/wp\/v2\/product"}],"about":[{"href":"https:\/\/smartklokke.no\/en\/wp-json\/wp\/v2\/types\/product"}],"replies":[{"embeddable":true,"href":"https:\/\/smartklokke.no\/en\/wp-json\/wp\/v2\/comments?post=1688"}],"wp:featuredmedia":[{"embeddable":true,"href":"https:\/\/smartklokke.no\/en\/wp-json\/wp\/v2\/media\/1682"}],"wp:attachment":[{"href":"https:\/\/smartklokke.no\/en\/wp-json\/wp\/v2\/media?parent=1688"}],"wp:term":[{"taxonomy":"product_cat","embeddable":true,"href":"https:\/\/smartklokke.no\/en\/wp-json\/wp\/v2\/product_cat?post=1688"},{"taxonomy":"product_tag","embeddable":true,"href":"https:\/\/smartklokke.no\/en\/wp-json\/wp\/v2\/product_tag?post=1688"}],"curies":[{"name":"wp","href":"https:\/\/api.w.org\/{rel}","templated":true}]}}