{"id":1636,"date":"2024-11-21T10:24:27","date_gmt":"2024-11-21T09:24:27","guid":{"rendered":"https:\/\/smartklokke.no\/product\/smartklokke-garett-grc-style-svart\/"},"modified":"2025-05-22T22:19:46","modified_gmt":"2025-05-22T20:19:46","slug":"smartklokke-garett-grc-style-svart","status":"publish","type":"product","link":"https:\/\/smartklokke.no\/en\/product\/smartklokke-garett-grc-style-svart\/","title":{"rendered":"Smartklokke Garett GRC STYLE svart"},"content":{"rendered":"<link rel=\"stylesheet\" href=\"https:\/\/base.garett.com.pl\/stara-karta\/oldcss.css\">\n<div class=\"container-desc\">\n<div class=\"photo-item\">\n<div class=\"photo-img\"><img decoding=\"async\" src=\"https:\/\/base.garett.com.pl\/photos\/smartwatch\/grc-style\/grc_style_1.jpg\" alt=\"grc style\" \/><\/div>\n<div class=\"photo-img\"><img decoding=\"async\" src=\"https:\/\/base.garett.com.pl\/photos\/smartwatch\/grc-style\/grc_style_2.jpg\" alt=\"grc style\" \/><\/div>\n<\/div>\n<div class=\"photo-item\">\n<div class=\"photo-item-text\">\n<div class=\"item-text-desc\">\n<h3>IPS HD-skjerm og batteri med h\u00f8y kapasitet<\/h3>\n<p><b>Garett GRC Style smartklokke<\/b> er en klokke for de som setter pris p\u00e5 stil og moderne design, samtidig som de trenger en funksjonell enhet. Smartklokken er utstyrt med en <b>IPS HD-skjerm p\u00e5 1,72 tommer og en oppl\u00f8sning p\u00e5 356 \u00d7 400 piksler for h\u00f8y bildekvalitet og brede visningsvinkler<\/b>. Den ber\u00f8ringsf\u00f8lsomme skjermen gir enkel betjening av alle tilgjengelige funksjoner. <b>Klokken har h\u00f8y batteriytelse, og kan derfor fungere i opptil 10 dager p\u00e5 en enkelt lading<\/b>. Varsler for tekstmeldinger, anrop og apper lar deg f\u00f8lge med p\u00e5 viktig informasjon uten \u00e5 m\u00e5tte ha telefonen tilgjengelig.<\/p>\n<\/div>\n<\/div>\n<div class=\"photo-img\"><img decoding=\"async\" src=\"https:\/\/base.garett.com.pl\/photos\/smartwatch\/grc-style\/grc_style_3.jpg\" alt=\"grc style\" \/><\/div>\n<\/div>\n<div class=\"photo-item\">\n<div class=\"photo-img\"><img decoding=\"async\" src=\"https:\/\/base.garett.com.pl\/photos\/smartwatch\/grc-style\/grc_style_4.jpg\" alt=\"grc style\" \/><\/div>\n<div class=\"photo-item-text\">\n<div class=\"item-text-desc\">\n<h3>Bluetooth-anrop<\/h3>\n<p><b>Smartklokken er utstyrt med Bluetooth-tilkoblingsteknologi som muliggj\u00f8r tr\u00e5dl\u00f8s kommunikasjon<\/b>. Dette betyr at <b>du kan foreta og motta stemmesamtaler uten \u00e5 bruke telefonen<\/b>. Dette er en nyttig funksjon hvis du er ofte p\u00e5 farten og ikke har tid til \u00e5 lete etter smarttelefonen. Klokken tilbyr ogs\u00e5 muligheten til \u00e5 kontrollere musikk og telefonens kamera, som gir deg oversikt over spillelisten og lar deg ta bilder uten \u00e5 m\u00e5tte holde telefonen i h\u00e5nden.<\/p>\n<\/div>\n<\/div>\n<\/div>\n<div class=\"photo-item\">\n<div class=\"photo-item-text\">\n<div class=\"item-text-desc\">\n<h3>Skjult reimfeste<\/h3>\n<p>GRC Style kombinerer unikt design og funksjonalitet. Klokkens hus er designet med komfort og bekvemmelighet i tankene, og <b>det skjulte reimfestet i huset gir et h\u00f8yt estetisk niv\u00e5. GRC Style kommer i syv forskjellige farger<\/b>, slik at alle kan velge den modellen som passer best for dem. Smartklokken er et utmerket valg for de som er p\u00e5 jakt etter en klokke med b\u00e5de riktig utseende og avanserte funksjoner.<\/p>\n<\/div>\n<\/div>\n<div class=\"photo-img\"><img decoding=\"async\" src=\"https:\/\/base.garett.com.pl\/photos\/smartwatch\/grc-style\/grc_style_5.jpg\" alt=\"grc style\" \/><\/div>\n<\/div>\n<div class=\"photo-item\">\n<div class=\"photo-img\"><img decoding=\"async\" src=\"https:\/\/base.garett.com.pl\/photos\/smartwatch\/grc-style\/grc_style_6.jpg\" alt=\"grc style\" \/><\/div>\n<div class=\"photo-item-text\">\n<div class=\"item-text-desc\">\n<h3>IP68 vanntett<\/h3>\n<p><b>Garett GRC Style smartklokke med IP68 vanntetthetsvurdering gir p\u00e5litelighet og beskyttelse mot st\u00f8v og vann<\/b>. Du trenger ikke bekymre deg for om du glemmer \u00e5 ta den av mens du bader eller sv\u00f8mmer. Enheten er ideell for turer til innsj\u00f8en eller under vanskelige forhold. Den h\u00f8ye motstanden mot ytre faktorer gj\u00f8r at du kan nyte full komfort uansett hvor du er.<\/p>\n<\/div>\n<\/div>\n<\/div>\n<div class=\"photo-item\">\n<div class=\"photo-item-text\">\n<div class=\"item-text-desc\">\n<h3>100 sportsmoduser<\/h3>\n<p>Smartklokken tilbyr et bredt utvalg av funksjoner, inkludert <b>100 sportsmoduser<\/b> for \u00e5 hjelpe deg med \u00e5 overv\u00e5ke helsen din. Pedometer, pulsm\u00e5ler, pulsoximeter, blodtrykksm\u00e5ler, s\u00f8vnmonitor og pustetrening er perfekte komplementer til sportsmodusene. Smartklokken viser ogs\u00e5 p\u00e5minnelser om hydrering og sender et varsel om inaktivitet hvis n\u00f8dvendig. Denne l\u00f8sningen vil fungere b\u00e5de for idrettsut\u00f8vere og for alle som er opptatt av helsen sin.<\/p>\n<\/div>\n<\/div>\n<div class=\"photo-img\"><img decoding=\"async\" src=\"https:\/\/base.garett.com.pl\/photos\/smartwatch\/grc-style\/grc_style_7.jpg\" alt=\"grc style\" \/><\/div>\n<\/div>\n<\/div>","protected":false},"excerpt":{"rendered":"<p>IPS HD-skjerm og batteri med h\u00f8y kapasitet Garett GRC Style smartklokke er en klokke for de som setter pris p\u00e5 stil og moderne design, samtidig som de trenger en funksjonell enhet. Smartklokken er utstyrt med en IPS HD-skjerm p\u00e5 1,72 tommer og en oppl\u00f8sning p\u00e5 356 \u00d7 400 piksler for h\u00f8y bildekvalitet og brede visningsvinkler. [&hellip;]<\/p>","protected":false},"featured_media":1629,"comment_status":"open","ping_status":"closed","template":"","meta":{"_acf_changed":false,"rank_math_lock_modified_date":false},"product_cat":[37,41],"product_tag":[],"class_list":{"0":"post-1636","1":"product","2":"type-product","3":"status-publish","4":"has-post-thumbnail","6":"product_cat-smartklokker","7":"product_cat-sports-smartklokker","9":"first","10":"instock","11":"taxable","12":"shipping-taxable","13":"purchasable","14":"product-type-simple"},"acf":[],"_links":{"self":[{"href":"https:\/\/smartklokke.no\/en\/wp-json\/wp\/v2\/product\/1636","targetHints":{"allow":["GET"]}}],"collection":[{"href":"https:\/\/smartklokke.no\/en\/wp-json\/wp\/v2\/product"}],"about":[{"href":"https:\/\/smartklokke.no\/en\/wp-json\/wp\/v2\/types\/product"}],"replies":[{"embeddable":true,"href":"https:\/\/smartklokke.no\/en\/wp-json\/wp\/v2\/comments?post=1636"}],"wp:featuredmedia":[{"embeddable":true,"href":"https:\/\/smartklokke.no\/en\/wp-json\/wp\/v2\/media\/1629"}],"wp:attachment":[{"href":"https:\/\/smartklokke.no\/en\/wp-json\/wp\/v2\/media?parent=1636"}],"wp:term":[{"taxonomy":"product_cat","embeddable":true,"href":"https:\/\/smartklokke.no\/en\/wp-json\/wp\/v2\/product_cat?post=1636"},{"taxonomy":"product_tag","embeddable":true,"href":"https:\/\/smartklokke.no\/en\/wp-json\/wp\/v2\/product_tag?post=1636"}],"curies":[{"name":"wp","href":"https:\/\/api.w.org\/{rel}","templated":true}]}}