{"id":1614,"date":"2024-11-21T10:19:11","date_gmt":"2024-11-21T09:19:11","guid":{"rendered":"https:\/\/smartklokke.no\/product\/smartklokke-garett-grc-classic-svart-stal\/"},"modified":"2025-05-26T22:21:35","modified_gmt":"2025-05-26T20:21:35","slug":"smartklokke-garett-grc-classic-svart-stal","status":"publish","type":"product","link":"https:\/\/smartklokke.no\/en\/product\/smartklokke-garett-grc-classic-svart-stal\/","title":{"rendered":"Smartklokke Garett GRC CLASSIC svart st\u00e5l"},"content":{"rendered":"<link rel=\"stylesheet\" href=\"https:\/\/base.garett.com.pl\/stara-karta\/oldcss.css\">\n<div class=\"container-desc\">\n<div class=\"photo-item\">\n<div class=\"photo-img\"><img decoding=\"async\" src=\"https:\/\/base.garett.com.pl\/photos\/smartwatch\/grc-classic\/grc_classic_1.jpg\" alt=\"grc classic\" \/><\/div>\n<div class=\"photo-img\"><img decoding=\"async\" src=\"https:\/\/base.garett.com.pl\/photos\/smartwatch\/grc-classic\/grc_classic_2.jpg\" alt=\"grc classic\" \/><\/div>\n<\/div>\n<div class=\"photo-item\">\n<div class=\"photo-item-text\">\n<div class=\"item-text-desc\">\n<h3>En klassisk smartklokke med AMOLED HD-skjerm<\/h3>\n<p><b>Garett GRC Classic smartklokke med en 1,78-tommers AMOLED HD-skjerm og en oppl\u00f8sning p\u00e5 368 x 448 piksler gir klare farger og tilstrekkelig lysstyrke, selv p\u00e5 en solrik dag<\/b>. Ber\u00f8ringsskjermen lar deg bruke tilgjengelige funksjoner som \u00e5 sjekke varsler, tid, v\u00e6r, kalender eller data knyttet til fysisk og fitnessaktivitet. I tillegg sikrer moderne AMOLED-teknologi lavt energiforbruk under daglig bruk.<\/p>\n<\/div>\n<\/div>\n<div class=\"photo-img\"><img decoding=\"async\" src=\"https:\/\/base.garett.com.pl\/photos\/smartwatch\/grc-classic\/grc_classic_3.jpg\" alt=\"grc classic\" \/><\/div>\n<\/div>\n<div class=\"photo-item\">\n<div class=\"photo-img\"><img decoding=\"async\" src=\"https:\/\/base.garett.com.pl\/photos\/smartwatch\/grc-classic\/grc_classic_4.jpg\" alt=\"grc classic\" \/><\/div>\n<div class=\"photo-item-text\">\n<div class=\"item-text-desc\">\n<h3>Bluetooth-samtaler uten \u00e5 bruke telefonen<\/h3>\n<p><b>Garett GRC Classic har en Bluetooth-anropsfunksjon som lar deg enkelt foreta og motta samtaler uten \u00e5 bruke en telefon<\/b>, noe som er spesielt nyttig n\u00e5r smarttelefonen din er utenfor rekkevidde, som i lommen eller vesken. <b>Bluetooth<\/b> tr\u00e5dl\u00f8s <b>kommunikasjon<\/b> gj\u00f8r smartklokken til en uunnv\u00e6rlig f\u00f8lgesvenn i hverdagen. <b>Modellen har et h\u00f8ykapasitetsbatteri som lar deg bruke enheten i opptil 10 dager p\u00e5 \u00e9n lading<\/b>.<\/p>\n<\/div>\n<\/div>\n<\/div>\n<div class=\"photo-item\">\n<div class=\"photo-item-text\">\n<div class=\"item-text-desc\">\n<h3>IP68 vanntetthetsgrad<\/h3>\n<p>Vanntetthetsgraden gir informasjon om smartklokkens motstandsdyktighet mot vann. IP68 er en av de h\u00f8yeste kategoriene p\u00e5 markedet. Garett GRC Classic er ogs\u00e5 st\u00f8vbestandig, noe som gj\u00f8r det mulig \u00e5 bruke den under alle forhold. <b>Du kan bruke den uten bekymring i regn, p\u00e5 sanden, n\u00e5r du sv\u00f8mmer eller dusjer<\/b>. Smartklokken er tett nok til at vann ikke trenger inn i enheten.<\/p>\n<\/div>\n<\/div>\n<div class=\"photo-img\"><img decoding=\"async\" src=\"https:\/\/base.garett.com.pl\/photos\/smartwatch\/grc-classic\/grc_classic_5.jpg\" alt=\"grc classic\" \/><\/div>\n<\/div>\n<div class=\"photo-item\">\n<div class=\"photo-img\"><img decoding=\"async\" src=\"https:\/\/base.garett.com.pl\/photos\/smartwatch\/grc-classic\/grc_classic_6.jpg\" alt=\"grc classic\" \/><\/div>\n<div class=\"photo-item-text\">\n<div class=\"item-text-desc\">\n<h3>4 fargeversjoner<\/h3>\n<p><b>GRC Classic smartklokke er tilgjengelig i 4 farger<\/b>. Du kan velge klassisk svart eller gull. Hver variant av reimen og klokkekassen er s\u00e5 allsidig at du enkelt kan bruke den til b\u00e5de sporty, elegant og hverdagslig stil. De tilgjengelige fargeversjonene vil gi variasjon og fremheve din stil. Dessuten vil den komfortable reimen og den tynne klokkekassen gj\u00f8re smartklokken til et lett og diskret tilbeh\u00f8r som ikke tynger h\u00e5ndleddet.<\/p>\n<\/div>\n<\/div>\n<\/div>\n<div class=\"photo-item\">\n<div class=\"photo-item-text\">\n<div class=\"item-text-desc\">\n<h3>Sportsmoduser<\/h3>\n<p>Garett GRC Classic er utstyrt med <b>100 sportsmoduser<\/b>, slik at du kan overv\u00e5ke din fitness og fysiske aktivitet. Blant aktivitetene finner du blant annet l\u00f8ping, klatring eller sykling. I tillegg vil andre funksjoner, som s\u00f8vnmonitor, pulsm\u00e5ler, blodtrykksm\u00e5ler eller pulsoximeter, tillate deg \u00e5 f\u00f8lge med p\u00e5 aktivitetene dine og helsetilstanden din. Hvis du har stillesittende arbeid, vil en inaktivitetsalarm minne deg p\u00e5 \u00e5 bevege deg. Du f\u00e5r ogs\u00e5 en p\u00e5minnelse om \u00e5 drikke vann.<\/p>\n<\/div>\n<\/div>\n<div class=\"photo-img\"><img decoding=\"async\" src=\"https:\/\/base.garett.com.pl\/photos\/smartwatch\/grc-classic\/grc_classic_7.jpg\" alt=\"grc classic\" \/><\/div>\n<\/div>\n<\/div>","protected":false},"excerpt":{"rendered":"<p>En klassisk smartklokke med AMOLED HD-skjerm Garett GRC Classic smartklokke med en 1,78-tommers AMOLED HD-skjerm og en oppl\u00f8sning p\u00e5 368 x 448 piksler gir klare farger og tilstrekkelig lysstyrke, selv p\u00e5 en solrik dag. Ber\u00f8ringsskjermen lar deg bruke tilgjengelige funksjoner som \u00e5 sjekke varsler, tid, v\u00e6r, kalender eller data knyttet til fysisk og fitnessaktivitet. I [&hellip;]<\/p>","protected":false},"featured_media":1608,"comment_status":"open","ping_status":"closed","template":"","meta":{"_acf_changed":false,"rank_math_lock_modified_date":false},"product_cat":[37,41],"product_tag":[],"class_list":{"0":"post-1614","1":"product","2":"type-product","3":"status-publish","4":"has-post-thumbnail","6":"product_cat-smartklokker","7":"product_cat-sports-smartklokker","9":"first","10":"instock","11":"taxable","12":"shipping-taxable","13":"purchasable","14":"product-type-simple"},"acf":[],"_links":{"self":[{"href":"https:\/\/smartklokke.no\/en\/wp-json\/wp\/v2\/product\/1614","targetHints":{"allow":["GET"]}}],"collection":[{"href":"https:\/\/smartklokke.no\/en\/wp-json\/wp\/v2\/product"}],"about":[{"href":"https:\/\/smartklokke.no\/en\/wp-json\/wp\/v2\/types\/product"}],"replies":[{"embeddable":true,"href":"https:\/\/smartklokke.no\/en\/wp-json\/wp\/v2\/comments?post=1614"}],"wp:featuredmedia":[{"embeddable":true,"href":"https:\/\/smartklokke.no\/en\/wp-json\/wp\/v2\/media\/1608"}],"wp:attachment":[{"href":"https:\/\/smartklokke.no\/en\/wp-json\/wp\/v2\/media?parent=1614"}],"wp:term":[{"taxonomy":"product_cat","embeddable":true,"href":"https:\/\/smartklokke.no\/en\/wp-json\/wp\/v2\/product_cat?post=1614"},{"taxonomy":"product_tag","embeddable":true,"href":"https:\/\/smartklokke.no\/en\/wp-json\/wp\/v2\/product_tag?post=1614"}],"curies":[{"name":"wp","href":"https:\/\/api.w.org\/{rel}","templated":true}]}}