{"id":1600,"date":"2024-11-21T10:16:23","date_gmt":"2024-11-21T09:16:23","guid":{"rendered":"https:\/\/smartklokke.no\/product\/smartklokke-garett-grc-maxx-gull-stal\/"},"modified":"2025-05-27T22:20:04","modified_gmt":"2025-05-27T20:20:04","slug":"smartklokke-garett-grc-maxx-gull-stal","status":"publish","type":"product","link":"https:\/\/smartklokke.no\/en\/product\/smartklokke-garett-grc-maxx-gull-stal\/","title":{"rendered":"Smartklokke Garett GRC MAXX gull st\u00e5l"},"content":{"rendered":"<link rel=\"stylesheet\" href=\"https:\/\/base.garett.com.pl\/stara-karta\/oldcss.css\">\n<div class=\"container-desc\">\n<div class=\"photo-item\">\n<div class=\"photo-img\"><img decoding=\"async\" src=\"https:\/\/base.garett.com.pl\/photos\/smartwatch\/grc-maxx\/grc_maxx_1.jpg\" alt=\"grc maxx\" \/><\/div>\n<div class=\"photo-img\"><img decoding=\"async\" src=\"https:\/\/base.garett.com.pl\/photos\/smartwatch\/grc-maxx\/grc_maxx_2.jpg\" alt=\"grc maxx\" \/><\/div>\n<\/div>\n<div class=\"photo-item\">\n<div class=\"photo-item-text\">\n<div class=\"item-text-desc\">\n<h3>AMOLED HD-skjerm<\/h3>\n<p><b>Garett GRC MAXX<\/b> smartklokke er for personer som verdsetter stil og moderne design, og samtidig trenger en funksjonell enhet. Smartklokken er utstyrt med en <b>stor AMOLED HD-skjerm med en diagonal p\u00e5 1,78 tommer og en oppl\u00f8sning p\u00e5 368 \u00d7 448 piksler<\/b>. Takket v\u00e6re disse parameterne kan du enkelt bruke mange nyttige funksjoner, som \u00e5 lese varsler, vise tid, sjekke v\u00e6rmeldinger, kalender eller data om fysisk aktivitet og fitness. Innovativ AMOLED-teknologi garanterer levende farger og kontrast med lavt str\u00f8mforbruk.<\/p>\n<\/div>\n<\/div>\n<div class=\"photo-img\"><img decoding=\"async\" src=\"https:\/\/base.garett.com.pl\/photos\/smartwatch\/grc-maxx\/grc_maxx_3.jpg\" alt=\"grc maxx\" \/><\/div>\n<\/div>\n<div class=\"photo-item\">\n<div class=\"photo-img\"><img decoding=\"async\" src=\"https:\/\/base.garett.com.pl\/photos\/smartwatch\/grc-maxx\/grc_maxx_4.jpg\" alt=\"grc maxx\" \/><\/div>\n<div class=\"photo-item-text\">\n<div class=\"item-text-desc\">\n<h3>Foreta og motta samtaler med Bluetooth<\/h3>\n<p>Bluetooth-anropsfunksjonen p\u00e5 Garett GRC MAXX er en praktisk l\u00f8sning som lar deg <b>foreta stemmesamtaler uten \u00e5 bruke telefonen<\/b>. Dette er spesielt nyttig i situasjoner der smarttelefonen er utenfor rekkevidde, eller n\u00e5r du ikke \u00f8nsker \u00e5 bruke den. Du kan nyte denne bekvemmeligheten uten bekymringer, da <b>GRC MAXX er utstyrt med et h\u00f8ykapasitetsbatteri som gir nok str\u00f8m til opptil 10 dagers bruk p\u00e5 \u00e9n lading<\/b>.<\/p>\n<\/div>\n<\/div>\n<\/div>\n<div class=\"photo-item\">\n<div class=\"photo-item-text\">\n<div class=\"item-text-desc\">\n<h3>IP68 vanntetthetsgrad<\/h3>\n<p>Smartklokkens vanntetthetsytelse gir deg maksimal beskyttelse mot vann. <b>IP68 betyr at smartklokken er motstandsdyktig mot vann og st\u00f8v<\/b>. Takket v\u00e6re dette kan du bruke den under alle forhold uten bekymring, selv under regn, soling eller sv\u00f8mming. Det vanntette designet gj\u00f8r enheten trygg og p\u00e5litelig, selv under ekstreme forhold. Vann vil ikke trenge inn og vil ikke p\u00e5virke funksjonaliteten.<\/p>\n<\/div>\n<\/div>\n<div class=\"photo-img\"><img decoding=\"async\" src=\"https:\/\/base.garett.com.pl\/photos\/smartwatch\/grc-maxx\/grc_maxx_5.jpg\" alt=\"grc maxx\" \/><\/div>\n<\/div>\n<div class=\"photo-item\">\n<div class=\"photo-img\"><img decoding=\"async\" src=\"https:\/\/base.garett.com.pl\/photos\/smartwatch\/grc-maxx\/grc_maxx_6.jpg\" alt=\"grc maxx\" \/><\/div>\n<div class=\"photo-item-text\">\n<div class=\"item-text-desc\">\n<h3>Skjult reimfeste<\/h3>\n<p><b>GRC MAXX smartklokkens reimfeste er diskret skjult i klokkekassen<\/b>, noe som gir klokken et estetisk og elegant utseende. Denne funksjonen beskytter reimen mot tilfeldig slitasje eller skade. Det stilige designet gj\u00f8r at modellen skiller seg ut fra andre enheter. I tillegg er <b>klokken tilgjengelig i 4 forskjellige farger<\/b>, slik at du kan matche den med din stil. Velg din farge og reim, og nyt det unike designet.<\/p>\n<\/div>\n<\/div>\n<\/div>\n<div class=\"photo-item\">\n<div class=\"photo-item-text\">\n<div class=\"item-text-desc\">\n<h3>100 sportsmoduser<\/h3>\n<p>Garett GRC MAXX smartklokke er et utmerket verkt\u00f8y for \u00e5 overv\u00e5ke fitness, fysisk aktivitet og helse. Enheten er utstyrt med <b>100 sportsmoduser<\/b>, inkludert l\u00f8ping, sykling eller basketball. I tillegg lar smartklokken deg f\u00f8lge s\u00f8vnkvalitet og andre helseparametere ved hjelp av funksjoner som pulsm\u00e5ler, blodtrykksm\u00e5ler eller pulsoximeter. Varslingsfunksjonen minner deg om inaktivitet og om \u00e5 holde deg hydrert.<\/p>\n<\/div>\n<\/div>\n<div class=\"photo-img\"><img decoding=\"async\" src=\"https:\/\/base.garett.com.pl\/photos\/smartwatch\/grc-maxx\/grc_maxx_7.jpg\" alt=\"grc maxx\" \/><\/div>\n<\/div>\n<\/div>","protected":false},"excerpt":{"rendered":"<p>AMOLED HD-skjerm Garett GRC MAXX smartklokke er for personer som verdsetter stil og moderne design, og samtidig trenger en funksjonell enhet. Smartklokken er utstyrt med en stor AMOLED HD-skjerm med en diagonal p\u00e5 1,78 tommer og en oppl\u00f8sning p\u00e5 368 \u00d7 448 piksler. Takket v\u00e6re disse parameterne kan du enkelt bruke mange nyttige funksjoner, som [&hellip;]<\/p>","protected":false},"featured_media":1594,"comment_status":"open","ping_status":"closed","template":"","meta":{"_acf_changed":false,"rank_math_lock_modified_date":false},"product_cat":[37,41],"product_tag":[],"class_list":{"0":"post-1600","1":"product","2":"type-product","3":"status-publish","4":"has-post-thumbnail","6":"product_cat-smartklokker","7":"product_cat-sports-smartklokker","9":"first","10":"instock","11":"taxable","12":"shipping-taxable","13":"purchasable","14":"product-type-simple"},"acf":[],"_links":{"self":[{"href":"https:\/\/smartklokke.no\/en\/wp-json\/wp\/v2\/product\/1600","targetHints":{"allow":["GET"]}}],"collection":[{"href":"https:\/\/smartklokke.no\/en\/wp-json\/wp\/v2\/product"}],"about":[{"href":"https:\/\/smartklokke.no\/en\/wp-json\/wp\/v2\/types\/product"}],"replies":[{"embeddable":true,"href":"https:\/\/smartklokke.no\/en\/wp-json\/wp\/v2\/comments?post=1600"}],"wp:featuredmedia":[{"embeddable":true,"href":"https:\/\/smartklokke.no\/en\/wp-json\/wp\/v2\/media\/1594"}],"wp:attachment":[{"href":"https:\/\/smartklokke.no\/en\/wp-json\/wp\/v2\/media?parent=1600"}],"wp:term":[{"taxonomy":"product_cat","embeddable":true,"href":"https:\/\/smartklokke.no\/en\/wp-json\/wp\/v2\/product_cat?post=1600"},{"taxonomy":"product_tag","embeddable":true,"href":"https:\/\/smartklokke.no\/en\/wp-json\/wp\/v2\/product_tag?post=1600"}],"curies":[{"name":"wp","href":"https:\/\/api.w.org\/{rel}","templated":true}]}}