{"id":1563,"date":"2024-11-21T10:10:03","date_gmt":"2024-11-21T09:10:03","guid":{"rendered":"https:\/\/smartklokke.no\/product\/smartklokke-garett-grs-pro-svart\/"},"modified":"2025-05-28T22:18:13","modified_gmt":"2025-05-28T20:18:13","slug":"smartklokke-garett-grs-pro-svart","status":"publish","type":"product","link":"https:\/\/smartklokke.no\/en\/product\/smartklokke-garett-grs-pro-svart\/","title":{"rendered":"Smartklokke Garett GRS PRO svart"},"content":{"rendered":"<link rel=\"stylesheet\" href=\"https:\/\/base.garett.com.pl\/stara-karta\/oldcss.css\">\n<div class=\"container-desc\">\n<div class=\"photo-item\">\n<div class=\"photo-item-text\">\n<div class=\"item-text-desc\">\n<h3>Smartklokke GRS PRO &#8211; et must for aktive livsstilsentusiaster<\/h3>\n<p>Hvis du ikke kan forestille deg livet uten sport og leter etter en passende smartklokke dedikert til aktive mennesker som deg, b\u00f8r du sjekke ut <strong>GRS PRO-modellen<\/strong>. Hele <strong>fjorten sportsmoduser<\/strong> lar deg tilpasse klokken til dine behov og overv\u00e5ke fremgangen din i sanntid. Bytt mellom l\u00f8ping, innend\u00f8rsl\u00f8ping, g\u00e5ing, sykling og stasjon\u00e6r sykling, fristil, bordtennis, badminton, basketball, fotball, cricket, fotturer, langrenn og trappetrening.<\/p>\n<\/p><\/div>\n<\/p><\/div>\n<div class=\"photo-img\"><img decoding=\"async\" src=\"https:\/\/base.garett.com.pl\/photos\/smartwatch\/grs-pro\/grs_pro_1.jpg\" alt=\"grs pro\" ><\/div>\n<\/p><\/div>\n<div class=\"photo-item\">\n<div class=\"photo-img\"><img decoding=\"async\" src=\"https:\/\/base.garett.com.pl\/photos\/smartwatch\/grs-pro\/grs_pro_2.jpg\" alt=\"grs pro\"><\/div>\n<div class=\"photo-item-text\">\n<div class=\"item-text-desc\">\n<h3>IP68 vanntett beskyttelse<\/h3>\n<p>Du trenger ikke lenger gi opp treningen n\u00e5r v\u00e6ret ute ikke er p\u00e5 din side. Ingen regnskyll vil p\u00e5virke ytelsen til GRS PRO-smartklokken, takket v\u00e6re enhetens vann- og st\u00f8vbestandighet, bekreftet av <strong>IP68-klassifiseringen<\/strong>. Dette betyr at klokken er helt motstandsdyktig mot inntrenging av faste partikler i interi\u00f8ret, samt langvarig nedsenking i vann.<\/p>\n<\/p><\/div>\n<\/p><\/div>\n<\/p><\/div>\n<div class=\"photo-item\">\n<div class=\"photo-item-text\">\n<div class=\"item-text-desc\">\n<h3>H\u00f8ykvalitets AMOLED 1.3&#8243; skjerm<\/h3>\n<p>De klare fargene p\u00e5 den <b>1.3&#8243; AMOLED<\/b>-skjermen vil imponere deg med sin dybde. Frav\u00e6ret av merkbare piksler lar deg enkelt lese klokken og intuitivt justere enhetens innstillinger etter dine preferanser. Du vil ogs\u00e5 sette pris p\u00e5 det enkle, <b>estetisk tiltalende grensesnittet<\/b>, hvorfra du f\u00e5r tilgang til alle tilleggsfunksjonene til smartklokken, som pulsm\u00e5ler, s\u00f8vnmonitor, v\u00e6r, stoppeklokke og mer. Du vil ogs\u00e5 elske muligheten til \u00e5 kontrollere musikk uten \u00e5 m\u00e5tte ta opp smarttelefonen for \u00e5 bytte sang.<\/p>\n<\/p><\/div>\n<\/p><\/div>\n<div class=\"photo-img\"><img decoding=\"async\" src=\"https:\/\/base.garett.com.pl\/photos\/smartwatch\/grs-pro\/grs_pro_3.jpg\" alt=\"grs pro\"><\/div>\n<\/p><\/div>\n<div class=\"photo-item\">\n<div class=\"photo-img\"><img decoding=\"async\" src=\"https:\/\/base.garett.com.pl\/photos\/smartwatch\/grs-pro\/grs_pro_4.jpg\" alt=\"grs pro\"><\/div>\n<div class=\"photo-item-text\">\n<div class=\"item-text-desc\">\n<h3>GPS\/Glonass lokalisering<\/h3>\n<p>GPS og Glonass er henholdsvis amerikanske og russiske posisjoneringssystemer. Disse systemene, som tidligere ble brukt til milit\u00e6re form\u00e5l, benyttes n\u00e5 i stor skala i sivile teknologier. Ved \u00e5 sende signaler til satellitter i bane rundt jorden, kan de n\u00f8yaktig fortelle deg hvor du er og ruten enheten din har tatt. I tillegg til sikkerhet gir det deg <b>muligheten til \u00e5 overv\u00e5ke aktiviteten din<\/b>, for eksempel ruten du har l\u00f8pt. GRS PRO-smartklokken gir tilgang til begge systemene, og tilbyr i tillegg <b>muligheten til \u00e5 overf\u00f8re data til Strava-appen<\/b> (en app for \u00e5 spore og registrere sykkelaktiviteter, f\u00f8lge venner og delta i tidsutfordringer p\u00e5 veistrekninger satt av andre brukere).<\/p>\n<\/p><\/div>\n<\/p><\/div>\n<\/p><\/div>\n<div class=\"photo-item\">\n<div class=\"photo-item-text\">\n<div class=\"item-text-desc\">\n<h3>Holdbarhet og utholdenhet<\/h3>\n<p>GRS PRO-smartklokken kan vare i opptil <b>10 timer med GPS-aktivitet<\/b>, noe som gir deg nok tid til en solid trenings\u00f8kt. Den vil ogs\u00e5 v\u00e6re nyttig dersom du g\u00e5r deg vill p\u00e5 en sti under fotturer. Du vil sette pris p\u00e5 det holdbare dekselet og remmen, som t\u00e5ler alle v\u00e6rforhold og ikke svikter deg, selv under ekstreme sportsaktiviteter. I tillegg til \u00e5 v\u00e6re praktisk, ser de flotte ut, og den sporty stilen til <b>GRS PRO<\/b> vil komplementere mange av antrekkene dine og passe ogs\u00e5 utenfor trenings\u00f8ktene.<\/p>\n<\/p><\/div>\n<\/p><\/div>\n<div class=\"photo-img\"><img decoding=\"async\" src=\"https:\/\/base.garett.com.pl\/photos\/smartwatch\/grs-pro\/grs_pro_5.jpg\" alt=\"grs\"><\/div>\n<\/p><\/div>\n<\/div>","protected":false},"excerpt":{"rendered":"<p>Smartklokke GRS PRO &#8211; et must for aktive livsstilsentusiaster Hvis du ikke kan forestille deg livet uten sport og leter etter en passende smartklokke dedikert til aktive mennesker som deg, b\u00f8r du sjekke ut GRS PRO-modellen. Hele fjorten sportsmoduser lar deg tilpasse klokken til dine behov og overv\u00e5ke fremgangen din i sanntid. Bytt mellom l\u00f8ping, [&hellip;]<\/p>","protected":false},"featured_media":1558,"comment_status":"open","ping_status":"closed","template":"","meta":{"_acf_changed":false,"rank_math_lock_modified_date":false},"product_cat":[37,41],"product_tag":[],"class_list":{"0":"post-1563","1":"product","2":"type-product","3":"status-publish","4":"has-post-thumbnail","6":"product_cat-smartklokker","7":"product_cat-sports-smartklokker","9":"first","10":"instock","11":"taxable","12":"shipping-taxable","13":"purchasable","14":"product-type-simple"},"acf":[],"_links":{"self":[{"href":"https:\/\/smartklokke.no\/en\/wp-json\/wp\/v2\/product\/1563","targetHints":{"allow":["GET"]}}],"collection":[{"href":"https:\/\/smartklokke.no\/en\/wp-json\/wp\/v2\/product"}],"about":[{"href":"https:\/\/smartklokke.no\/en\/wp-json\/wp\/v2\/types\/product"}],"replies":[{"embeddable":true,"href":"https:\/\/smartklokke.no\/en\/wp-json\/wp\/v2\/comments?post=1563"}],"wp:featuredmedia":[{"embeddable":true,"href":"https:\/\/smartklokke.no\/en\/wp-json\/wp\/v2\/media\/1558"}],"wp:attachment":[{"href":"https:\/\/smartklokke.no\/en\/wp-json\/wp\/v2\/media?parent=1563"}],"wp:term":[{"taxonomy":"product_cat","embeddable":true,"href":"https:\/\/smartklokke.no\/en\/wp-json\/wp\/v2\/product_cat?post=1563"},{"taxonomy":"product_tag","embeddable":true,"href":"https:\/\/smartklokke.no\/en\/wp-json\/wp\/v2\/product_tag?post=1563"}],"curies":[{"name":"wp","href":"https:\/\/api.w.org\/{rel}","templated":true}]}}