{"id":1547,"date":"2024-11-21T10:08:44","date_gmt":"2024-11-21T09:08:44","guid":{"rendered":"https:\/\/smartklokke.no\/product\/smartklokke-garett-grs-svart\/"},"modified":"2025-05-29T06:18:12","modified_gmt":"2025-05-29T04:18:12","slug":"smartklokke-garett-grs-svart","status":"publish","type":"product","link":"https:\/\/smartklokke.no\/en\/product\/smartklokke-garett-grs-svart\/","title":{"rendered":"Smartklokke Garett GRS svart"},"content":{"rendered":"<link rel=\"stylesheet\" href=\"https:\/\/base.garett.com.pl\/stara-karta\/oldcss.css\">\n<div class=\"container-desc\">\n<div class=\"photo-item\">\n<div class=\"photo-item-text\">\n<div class=\"item-text-desc\">\n<h3>Smartwatch GRS \u2014 en klokke for aktive mennesker<\/h3>\n<p>Smartwatch GRS er en klokke for folk som er konstant p\u00e5 farten. Den er <b>holdbar og vanntett<\/b>, s\u00e5 den vil v\u00e6re nyttig ikke bare under de mest krevende fotturene, men ogs\u00e5 under sports treninger. Med dens hjelp kan du ta vare p\u00e5 helsen din med et utvalg av funksjoner, som pulsm\u00e5ler, pulsoximeter og s\u00f8vnmonitor.<\/p>\n<\/p><\/div>\n<\/p><\/div>\n<div class=\"photo-img\"><img decoding=\"async\" src=\"https:\/\/base.garett.com.pl\/photos\/smartwatch\/grs\/grs_1.jpg\" alt=\"grs\"><\/div>\n<\/p><\/div>\n<div class=\"photo-item\">\n<div class=\"photo-img\"><img decoding=\"async\" src=\"https:\/\/base.garett.com.pl\/photos\/smartwatch\/grs\/grs_2.jpg\" alt=\"grs\" ><\/div>\n<div class=\"photo-item-text\">\n<div class=\"item-text-desc\">\n<h3>IPS 1.3\u201d skjerm<\/h3>\n<p>GRS smartklokken er utstyrt med en moderne 1.3\u201d IPS-skjerm som hjelper deg \u00e5 bruke stoppeklokken, timeren eller sjekke v\u00e6rinformasjon p\u00e5 en komfortabel m\u00e5te. <b>1.3\u201d skjermen<\/b> er liten nok til \u00e5 passe lett p\u00e5 h\u00e5ndleddet. In-Plane-Switched (IPS) matrisen sikrer h\u00f8y bildekvalitet, n\u00f8yaktig fargegjengivelse og <b>brede visningsvinkler<\/b>. Som et resultat vil du alltid ha enkel tilgang til de mest n\u00f8dvendige funksjonene.<\/p>\n<\/p><\/div>\n<\/p><\/div>\n<\/p><\/div>\n<div class=\"photo-item\">\n<div class=\"photo-item-text\">\n<div class=\"item-text-desc\">\n<h3>IP68 vanntetthet<\/h3>\n<p>Med <b>Garett GRS-klokken<\/b> trenger du ikke bekymre deg for holdbarheten til smartklokken din. Denne lette og praktiske enheten er vanntett. Du kan bruke den uavhengig av v\u00e6rforholdene eller andre krevende omstendigheter. Vanntettheten p\u00e5 GRS smartklokken er satt til IP68. Dette betyr at den er <b>motstandsdyktig mot regn<\/b>, mot nedsenkning i vann, samt mot ulike typer st\u00f8v. Den vil fungere godt under de mest intense fotturene og utend\u00f8rs sports treninger.<\/p>\n<\/p><\/div>\n<\/p><\/div>\n<div class=\"photo-img\"><img decoding=\"async\" src=\"https:\/\/base.garett.com.pl\/photos\/smartwatch\/grs\/grs_3.jpg\" alt=\"grs\" ><\/div>\n<\/p><\/div>\n<div class=\"photo-item\">\n<div class=\"photo-img\"><img decoding=\"async\" src=\"https:\/\/base.garett.com.pl\/photos\/smartwatch\/grs\/grs_4.jpg\" alt=\"grs\" ><\/div>\n<div class=\"photo-item-text\">\n<div class=\"item-text-desc\">\n<h3>20 sportsmoduser<\/h3>\n<p>Hvis du elsker fysisk aktivitet, vil GRS smartklokken v\u00e6re det perfekte valget for deg. Du kan velge mellom en av 20 sportsmoduser. Du kan velge mellom l\u00f8ping, sykling, stasjon\u00e6r sykkel, sk\u00f8yting, g\u00e5ing, basketball, tennis, bordtennis, fotball, volleyball, hoppetau eller yoga, blant annet. Smartklokken overv\u00e5ker aktiviteten din, m\u00e5ler tilbakelagt avstand, teller kalorier brent, og tar vare p\u00e5 sikkerheten din med pulsm\u00e5ler og pulsoximeter funksjoner.<\/p>\n<\/p><\/div>\n<\/p><\/div>\n<\/p><\/div>\n<div class=\"photo-item\">\n<div class=\"photo-item-text\">\n<div class=\"item-text-desc\">\n<h3>Holdbart batteri &#8211; opptil 10 timers bruk i GPS-modus<\/h3>\n<p>Garett har m\u00f8tt behovene til folk som har en reiseinteresse. <b>Garett GRS smartklokken<\/b> har et ekstremt holdbart batteri. Du kan ta den med deg p\u00e5 lange turer til ukjente steder uten \u00e5 bekymre deg for batteriniv\u00e5et p\u00e5 utstyret. Klokken <b>arbeider i opptil 10 timer i GPS-modus<\/b>. Under langdistanseturene kan du hele tiden kontrollere ruten din. Utstyret lar deg fritt utforske steder hvor det ikke er lett tilgang til str\u00f8m.<\/p>\n<\/p><\/div>\n<\/p><\/div>\n<div class=\"photo-img\"><img decoding=\"async\" src=\"https:\/\/base.garett.com.pl\/photos\/smartwatch\/grs\/grs_5.jpg\" alt=\"grs\" ><\/div>\n<\/p><\/div>\n<div class=\"photo-item\">\n<div class=\"photo-img\"><img decoding=\"async\" src=\"https:\/\/base.garett.com.pl\/photos\/smartwatch\/grs\/grs_6.jpg\" alt=\"grs\" ><\/div>\n<div class=\"photo-item-text\">\n<div class=\"item-text-desc\">\n<h3>Holdbart hus og reim<\/h3>\n<p>En sv\u00e6rt viktig fordel med GRS smartklokken er ogs\u00e5 designet, som sikrer at klokken kan f\u00f8lge deg p\u00e5 de mest intense ekspedisjonene eller trenings\u00f8ktene. Smartklokken har et sv\u00e6rt holdbart hus, samt en reim. Den <b>er motstandsdyktig mot st\u00f8t<\/b> og mindre skitt. Den komfortable reimen gj\u00f8r den behagelig \u00e5 bruke under fysisk aktivitet. GRS smartklokken finnes ogs\u00e5 i <b>flere fargevarianter<\/b>, s\u00e5 du kan velge den som passer best for dine behov.<\/p>\n<\/p><\/div>\n<\/p><\/div>\n<\/p><\/div>\n<\/div>","protected":false},"excerpt":{"rendered":"<p>Smartwatch GRS \u2014 en klokke for aktive mennesker Smartwatch GRS er en klokke for folk som er konstant p\u00e5 farten. Den er holdbar og vanntett, s\u00e5 den vil v\u00e6re nyttig ikke bare under de mest krevende fotturene, men ogs\u00e5 under sports treninger. Med dens hjelp kan du ta vare p\u00e5 helsen din med et utvalg [&hellip;]<\/p>","protected":false},"featured_media":1542,"comment_status":"open","ping_status":"closed","template":"","meta":{"_acf_changed":false,"rank_math_lock_modified_date":false},"product_cat":[37,41],"product_tag":[],"class_list":{"0":"post-1547","1":"product","2":"type-product","3":"status-publish","4":"has-post-thumbnail","6":"product_cat-smartklokker","7":"product_cat-sports-smartklokker","9":"first","10":"instock","11":"taxable","12":"shipping-taxable","13":"purchasable","14":"product-type-simple"},"acf":[],"_links":{"self":[{"href":"https:\/\/smartklokke.no\/en\/wp-json\/wp\/v2\/product\/1547","targetHints":{"allow":["GET"]}}],"collection":[{"href":"https:\/\/smartklokke.no\/en\/wp-json\/wp\/v2\/product"}],"about":[{"href":"https:\/\/smartklokke.no\/en\/wp-json\/wp\/v2\/types\/product"}],"replies":[{"embeddable":true,"href":"https:\/\/smartklokke.no\/en\/wp-json\/wp\/v2\/comments?post=1547"}],"wp:featuredmedia":[{"embeddable":true,"href":"https:\/\/smartklokke.no\/en\/wp-json\/wp\/v2\/media\/1542"}],"wp:attachment":[{"href":"https:\/\/smartklokke.no\/en\/wp-json\/wp\/v2\/media?parent=1547"}],"wp:term":[{"taxonomy":"product_cat","embeddable":true,"href":"https:\/\/smartklokke.no\/en\/wp-json\/wp\/v2\/product_cat?post=1547"},{"taxonomy":"product_tag","embeddable":true,"href":"https:\/\/smartklokke.no\/en\/wp-json\/wp\/v2\/product_tag?post=1547"}],"curies":[{"name":"wp","href":"https:\/\/api.w.org\/{rel}","templated":true}]}}