{"id":1439,"date":"2024-11-21T09:59:01","date_gmt":"2024-11-21T08:59:01","guid":{"rendered":"https:\/\/smartklokke.no\/product\/garett-lady-elegance-rt-rem-i-solvfarget-stal\/"},"modified":"2025-02-28T01:27:16","modified_gmt":"2025-02-28T00:27:16","slug":"garett-lady-elegance-rt-rem-i-solvfarget-stal","status":"publish","type":"product","link":"https:\/\/smartklokke.no\/en\/product\/garett-lady-elegance-rt-rem-i-solvfarget-stal\/","title":{"rendered":"Garett Lady Elegance RT-rem i s\u00f8lvfarget st\u00e5l"},"content":{"rendered":"<div class=\"photo-item\" style=\"justify-content: left\">\n<ul>\n<li><strong>Materiale: <\/strong>st\u00e5l<\/li>\n<li><strong>Farge: <\/strong> s\u00f8lv<\/li>\n<li><strong>Type festing: <\/strong> spenne<\/li>\n<li><strong>St\u00f8rrelse: <\/strong> 20 mm<\/li>\n<li><strong>Kompatibilitet: <\/strong> Sport Activity, Sport Activity GT, Street Style, Sport Mode RT, Sport Mode Pro RT, Sport Mood Pro RT, Women Eva, Women Sophia, Women Paula, Women Nova, Lady Elegance RT, Men Elegance RT, Classy, Verona, Veronica, GRC Classic, GRC Activity 2<\/li>\n<\/ul>\n<\/div>","protected":false},"excerpt":{"rendered":"<p>Materiale: st\u00e5l Farge: s\u00f8lv Type festing: spenne St\u00f8rrelse: 20 mm Kompatibilitet: Sport Activity, Sport Activity GT, Street Style, Sport Mode RT, Sport Mode Pro RT, Sport Mood Pro RT, Women Eva, Women Sophia, Women Paula, Women Nova, Lady Elegance RT, Men Elegance RT, Classy, Verona, Veronica, GRC Classic, GRC Activity 2<\/p>","protected":false},"featured_media":1438,"comment_status":"open","ping_status":"closed","template":"","meta":{"_acf_changed":false,"rank_math_lock_modified_date":false},"product_cat":[55],"product_tag":[],"class_list":{"0":"post-1439","1":"product","2":"type-product","3":"status-publish","4":"has-post-thumbnail","6":"product_cat-tilbehor","8":"first","9":"instock","10":"taxable","11":"shipping-taxable","12":"purchasable","13":"product-type-simple"},"acf":[],"_links":{"self":[{"href":"https:\/\/smartklokke.no\/en\/wp-json\/wp\/v2\/product\/1439","targetHints":{"allow":["GET"]}}],"collection":[{"href":"https:\/\/smartklokke.no\/en\/wp-json\/wp\/v2\/product"}],"about":[{"href":"https:\/\/smartklokke.no\/en\/wp-json\/wp\/v2\/types\/product"}],"replies":[{"embeddable":true,"href":"https:\/\/smartklokke.no\/en\/wp-json\/wp\/v2\/comments?post=1439"}],"wp:featuredmedia":[{"embeddable":true,"href":"https:\/\/smartklokke.no\/en\/wp-json\/wp\/v2\/media\/1438"}],"wp:attachment":[{"href":"https:\/\/smartklokke.no\/en\/wp-json\/wp\/v2\/media?parent=1439"}],"wp:term":[{"taxonomy":"product_cat","embeddable":true,"href":"https:\/\/smartklokke.no\/en\/wp-json\/wp\/v2\/product_cat?post=1439"},{"taxonomy":"product_tag","embeddable":true,"href":"https:\/\/smartklokke.no\/en\/wp-json\/wp\/v2\/product_tag?post=1439"}],"curies":[{"name":"wp","href":"https:\/\/api.w.org\/{rel}","templated":true}]}}