{"id":1343,"date":"2024-11-21T09:46:59","date_gmt":"2024-11-21T08:46:59","guid":{"rendered":"https:\/\/smartklokke.no\/product\/tradlost-automatisk-krolltang-garett-beauty-curly\/"},"modified":"2025-05-21T22:18:17","modified_gmt":"2025-05-21T20:18:17","slug":"tradlost-automatisk-krolltang-garett-beauty-curly","status":"publish","type":"product","link":"https:\/\/smartklokke.no\/en\/product\/tradlost-automatisk-krolltang-garett-beauty-curly\/","title":{"rendered":"Tr\u00e5dl\u00f8st automatisk kr\u00f8lltang Garett Beauty Curly"},"content":{"rendered":"<link rel=\"stylesheet\" href=\"https:\/\/base.garett.com.pl\/stara-karta\/oldcss.css\">\n<div class=\"container-desc\" style=\"background-color: white;\">\n<div class=\"photo-item\">\n<div class=\"photo-img\"><img decoding=\"async\" style=\"margin: 0 auto 0 0;\" src=\"https:\/\/base.garett.com.pl\/photos\/beauty\/curly\/curly_1.jpg\" alt=\"Curly\" \/><\/div>\n<div class=\"photo-item-text\">\n<div class=\"item-text-desc\">\n<h3>Garett Beauty Curly tr\u00e5dl\u00f8s kr\u00f8lltang<\/h3>\n<p>Perfekte kr\u00f8ller som kan vare hele natten? Med Garett Beauty Curly kan du gj\u00f8re det selv! Med v\u00e5r tr\u00e5dl\u00f8se automatiske kr\u00f8lltang kan du velge mellom subtile b\u00f8lger og tettere kr\u00f8ller og fullstendig endre utseendet ditt p\u00e5 et \u00f8yeblikk! Enkel temperaturjustering, intuitiv kontroll, ingen ledninger og automatisk kr\u00f8llefunksjon gj\u00f8r h\u00e5rstyling hjemme utrolig enkelt!<\/p>\n<\/div>\n<\/div>\n<\/div>\n<div class=\"photo-item\">\n<div class=\"photo-item-text\">\n<div class=\"item-text-desc\">\n<h3>Automatisk kr\u00f8llefunksjon<\/h3>\n<p>Profesjonelle kr\u00f8ller! Med Garett Beauty Curly kan du f\u00e5 akkurat den frisyren du \u00f8nsker uten \u00e5 forlate hjemmet ditt! Den spesielle designen og den intelligente sensoren forhindrer flokking, mens den automatiske kr\u00f8llefunksjonen gj\u00f8r enheten enkel \u00e5 bruke og gir vakre kr\u00f8ller p\u00e5 kort tid. Med et enkelt knappetrykk kan du f\u00e5 en frisyre som varer hele natten!<\/p>\n<\/div>\n<\/div>\n<div class=\"photo-img\"><img decoding=\"async\" style=\"margin: 0 auto 0 0;\" src=\"https:\/\/base.garett.com.pl\/photos\/beauty\/curly\/curly_2.jpg\" alt=\"Curly\" \/><\/div>\n<\/div>\n<div class=\"photo-item\">\n<div class=\"photo-img\"><img decoding=\"async\" style=\"margin: 0 auto 0 0;\" src=\"https:\/\/base.garett.com.pl\/photos\/beauty\/curly\/curly_3.jpg\" alt=\"Curly\" \/><\/div>\n<div class=\"photo-item-text\">\n<div class=\"item-text-desc\">\n<h3>4-niv\u00e5 temperaturjustering<\/h3>\n<p>Velg med eller mot klokken som kr\u00f8lleretning, velg en temperatur mellom 150\u2013200\u00b0C og la kr\u00f8lltangen din vise hva den kan gj\u00f8re! Denne tr\u00e5dl\u00f8se enheten varmes raskt opp, og de innebygde automatiske tidtakerne gj\u00f8r det mulig \u00e5 tilpasse driften perfekt til dine behov.<\/p>\n<\/div>\n<\/div>\n<\/div>\n<div class=\"photo-item\">\n<div class=\"photo-item-text\">\n<div class=\"item-text-desc\">\n<h3>Klart LCD-display og lydsignaler<\/h3>\n<p>Det innebygde LCD-displayet gir enkel, intuitiv drift av enheten. Kontroller enhetens drift, velg temperatur og juster innstillingene etter behov. Kontroller batteriniv\u00e5et for \u00e5 unng\u00e5 uventede situasjoner. Det moderne lydsignaleringssystemet gj\u00f8r styling av h\u00e5ret ditt enda enklere!<\/p>\n<\/div>\n<\/div>\n<div class=\"photo-img\"><img decoding=\"async\" style=\"margin: 0 auto 0 0;\" src=\"https:\/\/base.garett.com.pl\/photos\/beauty\/curly\/curly_4.jpg\" alt=\"Curly\" \/><\/div>\n<\/div>\n<div class=\"photo-item\">\n<div class=\"photo-img\"><img decoding=\"async\" style=\"margin: 0 auto 0 0;\" src=\"https:\/\/base.garett.com.pl\/photos\/beauty\/curly\/curly_5.jpg\" alt=\"Curly\" \/><\/div>\n<div class=\"photo-item-text\">\n<div class=\"item-text-desc\">\n<h3>Innebygd batteri og USB-C-port<\/h3>\n<p>Med v\u00e5r enhet er du ikke lenger begrenset av ubehagelige ledninger og tilgang til en str\u00f8muttak. N\u00e5 kan du nyte fordelene med v\u00e5r tr\u00e5dl\u00f8se kr\u00f8lltang hjemme eller under reise. Bekymret for om kr\u00f8llene dine vil vare gjennom en hel natt med festing? Pakk kr\u00f8lltangen v\u00e5r i vesken og fikse frisyren din selv under den villeste festen! Det innebygde 4800 mAh-batteriet sikrer langvarig, tr\u00e5dl\u00f8s bruk, og USB-C-porten muliggj\u00f8r rask lading, for eksempel med en telefonlader.<\/p>\n<\/div>\n<\/div>\n<\/div>\n<\/div>","protected":false},"excerpt":{"rendered":"<p>Garett Beauty Curly tr\u00e5dl\u00f8s kr\u00f8lltang Perfekte kr\u00f8ller som kan vare hele natten? Med Garett Beauty Curly kan du gj\u00f8re det selv! Med v\u00e5r tr\u00e5dl\u00f8se automatiske kr\u00f8lltang kan du velge mellom subtile b\u00f8lger og tettere kr\u00f8ller og fullstendig endre utseendet ditt p\u00e5 et \u00f8yeblikk! Enkel temperaturjustering, intuitiv kontroll, ingen ledninger og automatisk kr\u00f8llefunksjon gj\u00f8r h\u00e5rstyling hjemme [&hellip;]<\/p>","protected":false},"featured_media":1341,"comment_status":"open","ping_status":"closed","template":"","meta":{"_acf_changed":false,"rank_math_lock_modified_date":false},"product_cat":[44],"product_tag":[],"class_list":{"0":"post-1343","1":"product","2":"type-product","3":"status-publish","4":"has-post-thumbnail","6":"product_cat-skjonnhet","8":"first","9":"instock","10":"taxable","11":"shipping-taxable","12":"purchasable","13":"product-type-simple"},"acf":[],"_links":{"self":[{"href":"https:\/\/smartklokke.no\/en\/wp-json\/wp\/v2\/product\/1343","targetHints":{"allow":["GET"]}}],"collection":[{"href":"https:\/\/smartklokke.no\/en\/wp-json\/wp\/v2\/product"}],"about":[{"href":"https:\/\/smartklokke.no\/en\/wp-json\/wp\/v2\/types\/product"}],"replies":[{"embeddable":true,"href":"https:\/\/smartklokke.no\/en\/wp-json\/wp\/v2\/comments?post=1343"}],"wp:featuredmedia":[{"embeddable":true,"href":"https:\/\/smartklokke.no\/en\/wp-json\/wp\/v2\/media\/1341"}],"wp:attachment":[{"href":"https:\/\/smartklokke.no\/en\/wp-json\/wp\/v2\/media?parent=1343"}],"wp:term":[{"taxonomy":"product_cat","embeddable":true,"href":"https:\/\/smartklokke.no\/en\/wp-json\/wp\/v2\/product_cat?post=1343"},{"taxonomy":"product_tag","embeddable":true,"href":"https:\/\/smartklokke.no\/en\/wp-json\/wp\/v2\/product_tag?post=1343"}],"curies":[{"name":"wp","href":"https:\/\/api.w.org\/{rel}","templated":true}]}}