{"id":1056,"date":"2024-11-21T09:28:38","date_gmt":"2024-11-21T08:28:38","guid":{"rendered":"https:\/\/smartklokke.no\/product\/skjermbeskyttelsesfilm-for-garett-kids-rock-4g-rt-3mk-watch-protection\/"},"modified":"2025-05-01T22:17:03","modified_gmt":"2025-05-01T20:17:03","slug":"skjermbeskyttelsesfilm-for-garett-kids-rock-4g-rt-3mk-watch-protection","status":"publish","type":"product","link":"https:\/\/smartklokke.no\/en\/product\/skjermbeskyttelsesfilm-for-garett-kids-rock-4g-rt-3mk-watch-protection\/","title":{"rendered":"Skjermbeskyttelsesfilm for Garett Kids Rock 4G RT, 3mk Watch Protection"},"content":{"rendered":"<div class=\"container-desc\">\n<div class=\"photo-item-text\" style=\"text-align: left\">\n<ul>\n<li>Watch Protection\u2122-film reduserer risikoen for brudd og riper p\u00e5 skjermen p\u00e5 smartklokken din!<\/li>\n<li>N\u00f8yaktig tilpasset skjermen helt ut til kantene!<\/li>\n<li>Gir 100 % ber\u00f8ringsf\u00f8lsomhet og perfekt fingerglid<\/li>\n<li>Perfekt gjennomsiktighet<\/li>\n<li>Enkel \u00e5 installere<\/li>\n<li>Settet inneholder:<br \/>&#8211; 3 stk. beskyttelsesfilm, 3 stk. fuktige v\u00e5tservietter, 3 stk. t\u00f8rre, st\u00f8vfrie v\u00e5tservietter<\/li>\n<li><strong>Kompatibilitet: Kids Rock 4G RT<\/strong><\/li>\n<\/ul>\n<\/div>\n<div class=\"photo-item\">\n<div class=\"photo-img\"><\/div>\n<div class=\"photo-item-text\">\n<div class=\"item-text-desc\">\n<h3>Installasjonsinstruksjoner<\/h3>\n<p>Finn ut hvordan du installerer 3mk Watch Protection raskt og enkelt ved \u00e5 se en video som viser installasjonen p\u00e5 et eksempel p\u00e5 en smartklokkemodell.<\/p>\n<\/div>\n<\/div>\n<\/div>\n<\/div>","protected":false},"excerpt":{"rendered":"<p>Watch Protection\u2122-film reduserer risikoen for brudd og riper p\u00e5 skjermen p\u00e5 smartklokken din! N\u00f8yaktig tilpasset skjermen helt ut til kantene! Gir 100 % ber\u00f8ringsf\u00f8lsomhet og perfekt fingerglid Perfekt gjennomsiktighet Enkel \u00e5 installere Settet inneholder:&#8211; 3 stk. beskyttelsesfilm, 3 stk. fuktige v\u00e5tservietter, 3 stk. t\u00f8rre, st\u00f8vfrie v\u00e5tservietter Kompatibilitet: Kids Rock 4G RT Installasjonsinstruksjoner Finn ut hvordan [&hellip;]<\/p>","protected":false},"featured_media":1054,"comment_status":"open","ping_status":"closed","template":"","meta":{"_acf_changed":false,"rank_math_lock_modified_date":false},"product_cat":[58,55],"product_tag":[],"class_list":{"0":"post-1056","1":"product","2":"type-product","3":"status-publish","4":"has-post-thumbnail","6":"product_cat-skjermbeskyttelsesfolier","7":"product_cat-tilbehor","9":"first","10":"instock","11":"taxable","12":"shipping-taxable","13":"purchasable","14":"product-type-simple"},"acf":[],"_links":{"self":[{"href":"https:\/\/smartklokke.no\/en\/wp-json\/wp\/v2\/product\/1056","targetHints":{"allow":["GET"]}}],"collection":[{"href":"https:\/\/smartklokke.no\/en\/wp-json\/wp\/v2\/product"}],"about":[{"href":"https:\/\/smartklokke.no\/en\/wp-json\/wp\/v2\/types\/product"}],"replies":[{"embeddable":true,"href":"https:\/\/smartklokke.no\/en\/wp-json\/wp\/v2\/comments?post=1056"}],"wp:featuredmedia":[{"embeddable":true,"href":"https:\/\/smartklokke.no\/en\/wp-json\/wp\/v2\/media\/1054"}],"wp:attachment":[{"href":"https:\/\/smartklokke.no\/en\/wp-json\/wp\/v2\/media?parent=1056"}],"wp:term":[{"taxonomy":"product_cat","embeddable":true,"href":"https:\/\/smartklokke.no\/en\/wp-json\/wp\/v2\/product_cat?post=1056"},{"taxonomy":"product_tag","embeddable":true,"href":"https:\/\/smartklokke.no\/en\/wp-json\/wp\/v2\/product_tag?post=1056"}],"curies":[{"name":"wp","href":"https:\/\/api.w.org\/{rel}","templated":true}]}}