{"id":2297,"date":"2024-11-21T11:59:00","date_gmt":"2024-11-21T10:59:00","guid":{"rendered":"https:\/\/smartklokke.no\/product\/smartklokke-garett-rose-rosegull-stal\/"},"modified":"2025-05-01T22:23:18","modified_gmt":"2025-05-01T20:23:18","slug":"smartklokke-garett-rose-rosegull-stal","status":"publish","type":"product","link":"http:\/\/smartklokke.no\/en\/product\/smartklokke-garett-rose-rosegull-stal\/","title":{"rendered":"Smartklokke Garett Rose rosegull st\u00e5l"},"content":{"rendered":"<link href=\"https:\/\/base.garett.com.pl\/cnt\/rose\/css\/style.css\" rel=\"stylesheet\" type=\"text\/css\" \/>\n<div class=\"garet__rich--content main overflow-hidden\" style=\"background-color: white;\">\n<section class=\"module__title\">\n<div class=\"container__full\">\n<div class=\"container__content m-auto\">\n<div class=\"container__content--text m-auto text-center\">\n<div class=\"title\">\n<p class=\"fluid normal fw__light\">Garett Rose Smartklokke<\/p>\n<h1 class=\"fluid normal mt-4 fw__semi__bold\">Velkommen, skj\u00f8nnhet, til h\u00e5ndleddet ditt<\/h1>\n<\/div>\n<div class=\"content mt-5\">\n<p class=\"fluid small fw__light\">Den elegante <span class=\"fw-bold\">Garett Rose<\/span> smartklokken i rosegull er mye mer enn et fantastisk tilbeh\u00f8r. Den er din personlige assistent, som f\u00f8lger deg hver dag. Ta vare p\u00e5 ditt velv\u00e6re, overv\u00e5k dine daglige aktiviteter, og se fantastisk ut mens du gj\u00f8r det. Med denne klokken vil du f\u00f8le deg spesiell i enhver situasjon. Oppn\u00e5 dine m\u00e5l med stil!<\/p>\n<\/div>\n<\/div>\n<\/div>\n<\/div>\n<\/section>\n<section class=\"module__full--banner--parallax mt-5 overflow-hidden position-relative rounded-3 module__content--separate-image\">\n<div class=\"container__full custom__bg--rose-blur d-flex align-items-center big\"><\/div>\n<\/section>\n<section class=\"module__full--banner--parallax mt-4 overflow-hidden position-relative rounded-3 module__content--separate-image\">\n<div class=\"container__full custom__bg--rose-watch d-flex align-items-center big\"><\/div>\n<div class=\"container__content m-auto position-absolute fix-xy h-100 h-sm-auto\">\n<div class=\"container__content--text women-leg w-100 h-100 d-flex flex-column justify-content-end flex-nowrap align-items-start\">\n<div class=\"title mt-0 h-100 col-24 col-lg-14\">\n<h2 class=\"fluid small text-uppercase main__white\"><span class=\"ez-toc-section\" id=\"amoled-display\" ez-toc-data-id=\"#amoled-display\"><\/span>AMOLED-SKJERM <span class=\"ez-toc-section-end\"><\/span><\/h2>\n<h2 class=\"fluid big main__white mt-4\"><span class=\"ez-toc-section\" id=\"flawless-clarity\" ez-toc-data-id=\"#flawless-clarity\"><\/span>Perfekt klarhet<span class=\"ez-toc-section-end\"><\/span><\/h2>\n<\/div>\n<div class=\"content mt-4 mt-lg-5 h-100 d-flex col-24 col-lg-15\">\n<p class=\"fluid small main__white fw__light\">En stor 1,32-tommers AMOLED-skjerm med en oppl\u00f8sning p\u00e5 466 x 466 piksler gir utmerket bildekvalitet. Always on Display-funksjonen, kombinert med en rekke urskiver, lar deg tilpasse klokken til din stil og ditt hum\u00f8r.<\/p>\n<\/div>\n<\/div>\n<\/div>\n<\/section>\n<section class=\"module__content--full--banner mt-sm-4 mt-5 overflow-hidden\">\n<div class=\"container__full\">\n<div class=\"container__content m-auto custom__bg--rose-watch cellu__images medium position-relative module__content--separate-image py-5 py-sm-0 px-4 px-sm-5\">\n<div class=\"container__content--text d-flex justify-content-center flex-column w-50\">\n<div class=\"title\">\n<p><img decoding=\"async\" src=\"https:\/\/base.garett.com.pl\/cnt\/rose\/img\/03_icon-en.png\" class=\"\" alt=\"\" \/><\/p>\n<p class=\"fluid small mt-2\">REIM OG LENKE INKLUDERT<\/p>\n<\/div>\n<div class=\"content col-sm-20 col-24\">\n<h2 class=\"fluid normal lh-1 mt-4\"><span class=\"ez-toc-section\" id=\"quick-style-changes\" ez-toc-data-id=\"#quick-style-changes\"><\/span>Rask stilendring<span class=\"ez-toc-section-end\"><\/span><\/h2>\n<p class=\"fluid small lh-base mt-4 fw__light\">Den <span class=\"fw-bold\">Garett Rose<\/span> er tilgjengelig i to versjoner\u2014enten med en st\u00e5lrem eller en st\u00e5lmesh-rem. Begge variantene inkluderer en ekstra hvit l\u00e6rrem i pakken. Vi \u00f8nsker at din nye klokke skal v\u00e6re klar for enhver anledning!<\/p>\n<\/div>\n<\/div>\n<div class=\"d-flex d-lg-none align-items-center justify-content-center mb-4 flex-grow-1\"><img decoding=\"async\" class=\"img__watch--wave w-50 position-absolute fix-y end-0 d-block d-lg-none rounded-3\" src=\"https:\/\/base.garett.com.pl\/cnt\/rose\/img\/03_img_all.png\" alt=\"\" \/><\/div>\n<\/div>\n<\/div>\n<\/section>\n<section class=\"module__full--banner--parallax mt-5 overflow-hidden position-relative module__content--separate-image\">\n<div class=\"container__content p-0 m-auto position-relative\">\n<div class=\"container__full custom__bg--atom-men-fade-one d-flex align-items-center big\"><\/div>\n<div class=\"container__full custom__bg--atom-men-fade-two d-flex align-items-center big anim__time--normal fade-change position-absolute top-0 start-0\"><\/div>\n<\/div>\n<\/section>\n<section class=\"module__content--full--banner mt-sm-4 mt-5 overflow-hidden\">\n<div class=\"container__full\">\n<div class=\"container__content m-auto custom__bg--watch-ring cellu__images medium position-relative module__content--separate-image py-5 py-sm-0 px-4 px-sm-5\">\n<div class=\"container__content--text d-flex justify-content-center flex-column w-50\">\n<p><img decoding=\"async\" src=\"https:\/\/base.garett.com.pl\/cnt\/rose\/img\/06_call_button.png\" class=\"shake anim__time--fast position-absolute d-none d-lg-block call__button\" alt=\"\" \/><\/p>\n<div class=\"title\">\n<p><img decoding=\"async\" src=\"https:\/\/base.garett.com.pl\/cnt\/rose\/img\/06_Icon.png\" class=\"\" alt=\"\" \/><\/p>\n<p class=\"fluid small mt-2\">STEMMEASSISTENT OG BLUETOOTH-SAMTALER<\/p>\n<\/div>\n<div class=\"content col-sm-20 col-24\">\n<h2 class=\"fluid normal lh-1 mt-4\"><span class=\"ez-toc-section\" id=\"an-easy-way-to-stay-connected\" ez-toc-data-id=\"#an-easy-way-to-stay-connected\"><\/span>En enkel m\u00e5te \u00e5 holde kontakten<span class=\"ez-toc-section-end\"><\/span><\/h2>\n<p class=\"fluid small lh-base mt-4 fw__light\">Svar p\u00e5 og foreta samtaler uten \u00e5 ta opp telefonen. N\u00e5r du har sp\u00f8rsm\u00e5l, kan du sp\u00f8rre din personlige stemmeassistent, som er klar til \u00e5 hjelpe deg n\u00e5r som helst.<\/p>\n<\/div>\n<\/div>\n<div class=\"d-flex d-lg-none align-items-center justify-content-center mb-4 flex-grow-1\"><img decoding=\"async\" class=\"img__watch--wave w-50 position-absolute fix-y end-0 d-block d-lg-none rounded-3\" src=\"https:\/\/base.garett.com.pl\/cnt\/rose\/img\/06_watch.png\" alt=\"\" \/><\/div>\n<\/div>\n<\/div>\n<\/section>\n<section class=\"module__full--banner--parallax mt-4 overflow-hidden position-relative rounded-3 module__content--separate-image\">\n<div class=\"container__full custom__bg--rose-sport d-flex align-items-center big\"><\/div>\n<div class=\"container__content m-auto position-absolute fix-xy h-100 h-sm-auto\">\n<div class=\"container__content--text women-leg w-100 h-100 d-flex flex-column justify-content-end flex-nowrap align-items-start\">\n<div class=\"title mt-0 h-100 col-24 col-lg-11\">\n<h2 class=\"fluid small text-uppercase main__white\"><span class=\"ez-toc-section\" id=\"sport-modes-variety\" ez-toc-data-id=\"#sport-modes-variety\"><\/span>MANGE SPORTSMODUSER <span class=\"ez-toc-section-end\"><\/span><\/h2>\n<h2 class=\"fluid big main__white mt-4\"><span class=\"ez-toc-section\" id=\"go-garett-go\" ez-toc-data-id=\"#go-garett-go\"><\/span>G\u00e5 Garett, g\u00e5!<span class=\"ez-toc-section-end\"><\/span><\/h2>\n<\/div>\n<div class=\"content mt-4 mt-lg-5 h-100 d-flex col-24 col-lg-11\">\n<p class=\"fluid small main__white fw__light\">Den <span class=\"fw-bold\">Garett Rose<\/span> er ikke bare for aktive livsstiler. Den er en fremgangssporer og motivator. Med et bredt spekter av sportsmoduser, vil du garantert finne din favorittaktivitet, og din smartklokke vil m\u00e5le prestasjonene dine og vise fremgangen din.<\/p>\n<\/div>\n<\/div>\n<\/div>\n<\/section>\n<section class=\"module__content--full--banner mt-4\">\n<div class=\"container__full\">\n<div class=\"container__content m-auto custom__bg--phone-atom normal position-relative module__content--separate-image\">\n<div class=\"container__content--text d-flex justify-content-center flex-column w-50\">\n<div class=\"title\">\n<p class=\"fluid small main__white\">GARETT SMART<\/p>\n<\/div>\n<div class=\"content\">\n<h2 class=\"fluid normal main__white lh-1 mt-4\"><span class=\"ez-toc-section\" id=\"unleash-your-power\" ez-toc-data-id=\"#unleash-your-power\"><\/span>Frigj\u00f8r din kraft<span class=\"ez-toc-section-end\"><\/span><\/h2>\n<p class=\"fluid small main__white lh-base mt-4 fw__light\">Oppdag hvor enkelt det er \u00e5 komme i form og opprettholde en slank figur. Med <span class=\"fw-bold\">Garett Smart<\/span>-appen har du full kontroll over din aktivitet. Spor hvert steg, kaloriforbruk og analyser s\u00f8vnkvaliteten din. F\u00f8l deg trygg i din egen kropp og nyt livet fullt ut!<\/p>\n<\/div>\n<div class=\"icons atom position-absolute h-100 w-100 top-0 end-0\"><img decoding=\"async\" class=\"icon__move icon__3 position-absolute\" src=\"https:\/\/garett.com.pl\/wp-content\/uploads\/2024\/09\/icon_ruch.png\" alt=\"\" \/> <img decoding=\"async\" class=\"icon__sleep icon__4 position-absolute\" src=\"https:\/\/garett.com.pl\/wp-content\/uploads\/2024\/09\/icon_sen.png\" alt=\"\" \/><br \/>\n<img decoding=\"async\" class=\"icon__pulse icon__5 position-absolute\" src=\"https:\/\/garett.com.pl\/wp-content\/uploads\/2024\/09\/icon_tetno.png\" alt=\"\" \/><br \/>\n<img decoding=\"async\" class=\"icon__weight icon__6 position-absolute\" src=\"https:\/\/garett.com.pl\/wp-content\/uploads\/2024\/09\/icon_waga.png\" alt=\"\" \/><\/div>\n<\/div>\n<div class=\"d-flex d-lg-none align-items-center justify-content-center mb-4 flex-grow-1\"><img decoding=\"async\" class=\"img__watch--wave w-50 position-absolute fix-y end-0 d-block d-lg-none rounded-3\" src=\"https:\/\/base.garett.com.pl\/cnt\/rose\/img\/10.png\" alt=\"\" \/><\/div>\n<\/div>\n<\/div>\n<\/section>\n<\/div>","protected":false},"excerpt":{"rendered":"<p>Garett Rose Smartklokke Velkommen, skj\u00f8nnhet, til h\u00e5ndleddet ditt Den elegante Garett Rose smartklokken i rosegull er mye mer enn et fantastisk tilbeh\u00f8r. Den er din personlige assistent, som f\u00f8lger deg hver dag. Ta vare p\u00e5 ditt velv\u00e6re, overv\u00e5k dine daglige aktiviteter, og se fantastisk ut mens du gj\u00f8r det. Med denne klokken vil du f\u00f8le [&hellip;]<\/p>","protected":false},"featured_media":2288,"comment_status":"open","ping_status":"closed","template":"","meta":{"_acf_changed":false,"rank_math_lock_modified_date":false},"product_cat":[37,40],"product_tag":[],"class_list":{"0":"post-2297","1":"product","2":"type-product","3":"status-publish","4":"has-post-thumbnail","6":"product_cat-smartklokker","7":"product_cat-smartklokker-for-kvinner","9":"first","10":"outofstock","11":"taxable","12":"shipping-taxable","13":"purchasable","14":"product-type-simple"},"acf":[],"_links":{"self":[{"href":"http:\/\/smartklokke.no\/en\/wp-json\/wp\/v2\/product\/2297","targetHints":{"allow":["GET"]}}],"collection":[{"href":"http:\/\/smartklokke.no\/en\/wp-json\/wp\/v2\/product"}],"about":[{"href":"http:\/\/smartklokke.no\/en\/wp-json\/wp\/v2\/types\/product"}],"replies":[{"embeddable":true,"href":"http:\/\/smartklokke.no\/en\/wp-json\/wp\/v2\/comments?post=2297"}],"wp:featuredmedia":[{"embeddable":true,"href":"http:\/\/smartklokke.no\/en\/wp-json\/wp\/v2\/media\/2288"}],"wp:attachment":[{"href":"http:\/\/smartklokke.no\/en\/wp-json\/wp\/v2\/media?parent=2297"}],"wp:term":[{"taxonomy":"product_cat","embeddable":true,"href":"http:\/\/smartklokke.no\/en\/wp-json\/wp\/v2\/product_cat?post=2297"},{"taxonomy":"product_tag","embeddable":true,"href":"http:\/\/smartklokke.no\/en\/wp-json\/wp\/v2\/product_tag?post=2297"}],"curies":[{"name":"wp","href":"https:\/\/api.w.org\/{rel}","templated":true}]}}